{"id":11650,"date":"2022-01-23T22:55:15","date_gmt":"2022-01-23T21:55:15","guid":{"rendered":"https:\/\/www.hml-fetish.de\/shop\/tire-botte\/"},"modified":"2022-01-23T22:55:15","modified_gmt":"2022-01-23T21:55:15","slug":"tire-botte","status":"publish","type":"product","link":"https:\/\/www.hml-fetish.de\/shop\/fr\/tire-botte\/","title":{"rendered":"Tire-botte"},"content":{"rendered":"<p>Mod\u00e8le rustique et antid\u00e9rapant en bois. Il suffit d&#8217;accrocher le talon dans la rainure, de marcher sur la surface avec l&#8217;autre pied et de se glisser hors de la botte accroch\u00e9e. Cet accessoire bon march\u00e9 est indispensable, surtout pour les bottes \u00e0 tige \u00e9troite.<\/p>\n","protected":false},"excerpt":{"rendered":"<h4>Tire-botte<\/h4>\n<p>Mod\u00e8le rustique et antid\u00e9rapant en bois. Il suffit d&#8217;accrocher le talon dans la rainure, de marcher sur la surface avec l&#8217;autre pied et de se glisser hors de la botte accroch\u00e9e. Cet accessoire bon march\u00e9 est indispensable, surtout pour les bottes \u00e0 tige \u00e9troite.<\/p>\n","protected":false},"featured_media":11648,"comment_status":"open","ping_status":"closed","template":"","meta":[],"product_brand":[],"product_cat":[592,631],"product_tag":[],"class_list":{"0":"post-11650","1":"product","2":"type-product","3":"status-publish","4":"has-post-thumbnail","6":"product_cat-bottes","7":"product_cat-bottes-caps-army","8":"product_shipping_class-colis-fr","10":"first","11":"instock","12":"taxable","13":"shipping-taxable","14":"purchasable","15":"product-type-simple"},"_links":{"self":[{"href":"https:\/\/www.hml-fetish.de\/shop\/fr\/wp-json\/wp\/v2\/product\/11650","targetHints":{"allow":["GET"]}}],"collection":[{"href":"https:\/\/www.hml-fetish.de\/shop\/fr\/wp-json\/wp\/v2\/product"}],"about":[{"href":"https:\/\/www.hml-fetish.de\/shop\/fr\/wp-json\/wp\/v2\/types\/product"}],"replies":[{"embeddable":true,"href":"https:\/\/www.hml-fetish.de\/shop\/fr\/wp-json\/wp\/v2\/comments?post=11650"}],"version-history":[{"count":0,"href":"https:\/\/www.hml-fetish.de\/shop\/fr\/wp-json\/wp\/v2\/product\/11650\/revisions"}],"wp:featuredmedia":[{"embeddable":true,"href":"https:\/\/www.hml-fetish.de\/shop\/fr\/wp-json\/wp\/v2\/media\/11648"}],"wp:attachment":[{"href":"https:\/\/www.hml-fetish.de\/shop\/fr\/wp-json\/wp\/v2\/media?parent=11650"}],"wp:term":[{"taxonomy":"product_brand","embeddable":true,"href":"https:\/\/www.hml-fetish.de\/shop\/fr\/wp-json\/wp\/v2\/product_brand?post=11650"},{"taxonomy":"product_cat","embeddable":true,"href":"https:\/\/www.hml-fetish.de\/shop\/fr\/wp-json\/wp\/v2\/product_cat?post=11650"},{"taxonomy":"product_tag","embeddable":true,"href":"https:\/\/www.hml-fetish.de\/shop\/fr\/wp-json\/wp\/v2\/product_tag?post=11650"}],"curies":[{"name":"wp","href":"https:\/\/api.w.org\/{rel}","templated":true}]}}