{"id":11640,"date":"2022-01-23T22:55:16","date_gmt":"2022-01-23T21:55:16","guid":{"rendered":"https:\/\/www.hml-fetish.de\/shop\/crochet-a-enfiler-les-bottes\/"},"modified":"2022-01-23T22:55:16","modified_gmt":"2022-01-23T21:55:16","slug":"crochet-a-enfiler-les-bottes","status":"publish","type":"product","link":"https:\/\/www.hml-fetish.de\/shop\/fr\/crochet-a-enfiler-les-bottes\/","title":{"rendered":"Crochet \u00e0 enfiler les bottes"},"content":{"rendered":"<p>Avec ces crochets pratiques, enfiler tes bottes \u00e0 tige est un jeu d&#8217;enfant ! Il suffit d&#8217;ins\u00e9rer les deux crochets dans les boucles situ\u00e9es en haut de la tige des bottes, de tenir la botte suspendue aux crochets et tu peux introduire ton pied sans probl\u00e8me dans la botte. Nous livrons une paire de crochets m\u00e9talliques avec des poign\u00e9es en bois v\u00e9ritable. Un accessoire particuli\u00e8rement utile pour les tiges \u00e9troites !<\/p>\n","protected":false},"excerpt":{"rendered":"<h4>Crochet \u00e0 enfiler les bottes<\/h4>\n<p>Avec ces crochets pratiques, enfiler tes bottes \u00e0 tige est un jeu d&#8217;enfant ! Il suffit d&#8217;ins\u00e9rer les deux crochets dans les boucles situ\u00e9es en haut de la tige des bottes, de tenir la botte suspendue aux crochets et tu peux introduire ton pied sans probl\u00e8me dans la botte. Nous livrons une paire de crochets m\u00e9talliques avec des poign\u00e9es en bois v\u00e9ritable. Un accessoire particuli\u00e8rement utile pour les tiges \u00e9troites !<\/p>\n","protected":false},"featured_media":11638,"comment_status":"open","ping_status":"closed","template":"","meta":[],"product_brand":[],"product_cat":[592,631],"product_tag":[],"class_list":{"0":"post-11640","1":"product","2":"type-product","3":"status-publish","4":"has-post-thumbnail","6":"product_cat-bottes","7":"product_cat-bottes-caps-army","8":"product_shipping_class-lettre","10":"first","11":"instock","12":"taxable","13":"shipping-taxable","14":"purchasable","15":"product-type-simple"},"_links":{"self":[{"href":"https:\/\/www.hml-fetish.de\/shop\/fr\/wp-json\/wp\/v2\/product\/11640","targetHints":{"allow":["GET"]}}],"collection":[{"href":"https:\/\/www.hml-fetish.de\/shop\/fr\/wp-json\/wp\/v2\/product"}],"about":[{"href":"https:\/\/www.hml-fetish.de\/shop\/fr\/wp-json\/wp\/v2\/types\/product"}],"replies":[{"embeddable":true,"href":"https:\/\/www.hml-fetish.de\/shop\/fr\/wp-json\/wp\/v2\/comments?post=11640"}],"version-history":[{"count":0,"href":"https:\/\/www.hml-fetish.de\/shop\/fr\/wp-json\/wp\/v2\/product\/11640\/revisions"}],"wp:featuredmedia":[{"embeddable":true,"href":"https:\/\/www.hml-fetish.de\/shop\/fr\/wp-json\/wp\/v2\/media\/11638"}],"wp:attachment":[{"href":"https:\/\/www.hml-fetish.de\/shop\/fr\/wp-json\/wp\/v2\/media?parent=11640"}],"wp:term":[{"taxonomy":"product_brand","embeddable":true,"href":"https:\/\/www.hml-fetish.de\/shop\/fr\/wp-json\/wp\/v2\/product_brand?post=11640"},{"taxonomy":"product_cat","embeddable":true,"href":"https:\/\/www.hml-fetish.de\/shop\/fr\/wp-json\/wp\/v2\/product_cat?post=11640"},{"taxonomy":"product_tag","embeddable":true,"href":"https:\/\/www.hml-fetish.de\/shop\/fr\/wp-json\/wp\/v2\/product_tag?post=11640"}],"curies":[{"name":"wp","href":"https:\/\/api.w.org\/{rel}","templated":true}]}}