{"id":11628,"date":"2022-01-23T22:55:16","date_gmt":"2022-01-23T21:55:16","guid":{"rendered":"https:\/\/www.hml-fetish.de\/shop\/bottes-engineer-ii\/"},"modified":"2022-01-23T22:55:16","modified_gmt":"2022-01-23T21:55:16","slug":"bottes-engineer-ii","status":"publish","type":"product","link":"https:\/\/www.hml-fetish.de\/shop\/fr\/bottes-engineer-ii\/","title":{"rendered":"Bottes Engineer II"},"content":{"rendered":"<p>Celles qui ont l&#8217;aspect de bottes de travail robustes ! Cuir de b\u0153uf lisse noir, \u00e9paisseur d&#8217;environ 2 mm et non doubl\u00e9 \u00e0 l&#8217;int\u00e9rieur. Talon renforc\u00e9. Au-dessus du cou-de-pied et en haut de la tige, chacune avec une sangle \u00e0 boucles de couleur argent\u00e9e. Excellente finition. La semelle de s\u00e9curit\u00e9 cousue dans le cadre est antid\u00e9rapante et pr\u00e9sente un motif gaufr\u00e9.<br \/>\n<BR><img decoding=\"async\" src=\"\/GIF\/sizefr_boots.gif\" alt=\"tableau de taille\" title=\"tableau de taille\" border=\"0\" height=\"198\" width=\"113\"><\/p>\n","protected":false},"excerpt":{"rendered":"<h4>Bottes Engineer II<\/h4>\n<p>Celles qui ont l&#8217;aspect de bottes de travail robustes ! Cuir de b\u0153uf lisse noir, \u00e9paisseur d&#8217;environ 2 mm et non doubl\u00e9 \u00e0 l&#8217;int\u00e9rieur. Talon renforc\u00e9. Au-dessus du cou-de-pied et en haut de la tige, chacune avec une sangle \u00e0 boucles de couleur argent\u00e9e. Excellente finition. La semelle de s\u00e9curit\u00e9 cousue dans le cadre est antid\u00e9rapante et pr\u00e9sente un motif gaufr\u00e9.<\/p>\n","protected":false},"featured_media":11618,"comment_status":"open","ping_status":"closed","template":"","meta":[],"product_brand":[],"product_cat":[592,631,752],"product_tag":[],"class_list":{"0":"post-11628","1":"product","2":"type-product","3":"status-publish","4":"has-post-thumbnail","6":"product_cat-bottes","7":"product_cat-bottes-caps-army","8":"product_cat-fin-de-serie","9":"product_shipping_class-colis-fr","11":"first","12":"instock","13":"sale","14":"taxable","15":"shipping-taxable","16":"purchasable","17":"product-type-variable"},"_links":{"self":[{"href":"https:\/\/www.hml-fetish.de\/shop\/fr\/wp-json\/wp\/v2\/product\/11628","targetHints":{"allow":["GET"]}}],"collection":[{"href":"https:\/\/www.hml-fetish.de\/shop\/fr\/wp-json\/wp\/v2\/product"}],"about":[{"href":"https:\/\/www.hml-fetish.de\/shop\/fr\/wp-json\/wp\/v2\/types\/product"}],"replies":[{"embeddable":true,"href":"https:\/\/www.hml-fetish.de\/shop\/fr\/wp-json\/wp\/v2\/comments?post=11628"}],"version-history":[{"count":0,"href":"https:\/\/www.hml-fetish.de\/shop\/fr\/wp-json\/wp\/v2\/product\/11628\/revisions"}],"wp:featuredmedia":[{"embeddable":true,"href":"https:\/\/www.hml-fetish.de\/shop\/fr\/wp-json\/wp\/v2\/media\/11618"}],"wp:attachment":[{"href":"https:\/\/www.hml-fetish.de\/shop\/fr\/wp-json\/wp\/v2\/media?parent=11628"}],"wp:term":[{"taxonomy":"product_brand","embeddable":true,"href":"https:\/\/www.hml-fetish.de\/shop\/fr\/wp-json\/wp\/v2\/product_brand?post=11628"},{"taxonomy":"product_cat","embeddable":true,"href":"https:\/\/www.hml-fetish.de\/shop\/fr\/wp-json\/wp\/v2\/product_cat?post=11628"},{"taxonomy":"product_tag","embeddable":true,"href":"https:\/\/www.hml-fetish.de\/shop\/fr\/wp-json\/wp\/v2\/product_tag?post=11628"}],"curies":[{"name":"wp","href":"https:\/\/api.w.org\/{rel}","templated":true}]}}