{"id":11587,"date":"2022-01-23T22:55:38","date_gmt":"2022-01-23T21:55:38","guid":{"rendered":"https:\/\/www.hml-fetish.de\/shop\/bottes-a-tige-haute-pour-police\/"},"modified":"2022-01-23T22:55:38","modified_gmt":"2022-01-23T21:55:38","slug":"bottes-a-tige-haute-pour-police","status":"publish","type":"product","link":"https:\/\/www.hml-fetish.de\/shop\/fr\/bottes-a-tige-haute-pour-police\/","title":{"rendered":"Bottes \u00e0 tige haute pour Police (hiver)"},"content":{"rendered":"<p>Bottes d&#8217;hiver de la police motocycliste n\u00e9erlandaise. Les tiges particuli\u00e8rement solides gardent leur forme m\u00eame sans tendeur de bottes ! Couture au cadre. Doublure en peluche sur toute la longueur. Semelle en caoutchouc antid\u00e9rapante. Les bottes mesurent environ 44-47 cm de haut selon la taille et n&#8217;ont pas d&#8217;arc de dressage, elles se terminent donc en ligne droite en haut. Il s&#8217;agit d&#8217;un lot sp\u00e9cial, donc jusqu&#8217;\u00e0 \u00e9puisement du stock !<br \/>\n<BR><img decoding=\"async\" src=\"\/GIF\/sizefr_boots.gif\" alt=\"pointures\" title=\"pointures\" border=\"0\" height=\"198\" width=\"113\">&nbsp;<img decoding=\"async\" src=\"\/GIF\/sizefr_wade.gif\" alt=\"tableau des tailles\" title=\"tableau des tailles\" border=\"0\" height=\"198\" width=\"136\"><\/p>\n","protected":false},"excerpt":{"rendered":"<h4>Bottes \u00e0 tige haute pour Police (hiver)<\/h4>\n<p>Bottes d&#8217;hiver de la police motocycliste n\u00e9erlandaise. Les tiges particuli\u00e8rement solides gardent leur forme m\u00eame sans tendeur de bottes ! Couture au cadre. Doublure en peluche sur toute la longueur. Semelle en caoutchouc antid\u00e9rapante. Les bottes mesurent environ 44-47 cm de haut selon la taille et n&#8217;ont pas d&#8217;arc de dressage, elles se terminent donc en ligne droite en haut. Il s&#8217;agit d&#8217;un lot sp\u00e9cial, donc jusqu&#8217;\u00e0 \u00e9puisement du stock !<\/p>\n","protected":false},"featured_media":11558,"comment_status":"open","ping_status":"closed","template":"","meta":[],"product_brand":[],"product_cat":[592,734,644],"product_tag":[2477],"class_list":{"0":"post-11587","1":"product","2":"type-product","3":"status-publish","4":"has-post-thumbnail","6":"product_cat-bottes","7":"product_cat-promotion","8":"product_cat-uniformes","9":"product_tag-bottes-a-tige-derby","10":"product_shipping_class-colis-fr","12":"first","13":"instock","14":"sale","15":"taxable","16":"shipping-taxable","17":"purchasable","18":"product-type-variable"},"_links":{"self":[{"href":"https:\/\/www.hml-fetish.de\/shop\/fr\/wp-json\/wp\/v2\/product\/11587","targetHints":{"allow":["GET"]}}],"collection":[{"href":"https:\/\/www.hml-fetish.de\/shop\/fr\/wp-json\/wp\/v2\/product"}],"about":[{"href":"https:\/\/www.hml-fetish.de\/shop\/fr\/wp-json\/wp\/v2\/types\/product"}],"replies":[{"embeddable":true,"href":"https:\/\/www.hml-fetish.de\/shop\/fr\/wp-json\/wp\/v2\/comments?post=11587"}],"version-history":[{"count":0,"href":"https:\/\/www.hml-fetish.de\/shop\/fr\/wp-json\/wp\/v2\/product\/11587\/revisions"}],"wp:featuredmedia":[{"embeddable":true,"href":"https:\/\/www.hml-fetish.de\/shop\/fr\/wp-json\/wp\/v2\/media\/11558"}],"wp:attachment":[{"href":"https:\/\/www.hml-fetish.de\/shop\/fr\/wp-json\/wp\/v2\/media?parent=11587"}],"wp:term":[{"taxonomy":"product_brand","embeddable":true,"href":"https:\/\/www.hml-fetish.de\/shop\/fr\/wp-json\/wp\/v2\/product_brand?post=11587"},{"taxonomy":"product_cat","embeddable":true,"href":"https:\/\/www.hml-fetish.de\/shop\/fr\/wp-json\/wp\/v2\/product_cat?post=11587"},{"taxonomy":"product_tag","embeddable":true,"href":"https:\/\/www.hml-fetish.de\/shop\/fr\/wp-json\/wp\/v2\/product_tag?post=11587"}],"curies":[{"name":"wp","href":"https:\/\/api.w.org\/{rel}","templated":true}]}}