{"id":11453,"date":"2022-01-23T22:55:39","date_gmt":"2022-01-23T21:55:39","guid":{"rendered":"https:\/\/www.hml-fetish.de\/shop\/rangers-10-trous\/"},"modified":"2023-08-13T12:27:45","modified_gmt":"2023-08-13T10:27:45","slug":"rangers-10-trous","status":"publish","type":"product","link":"https:\/\/www.hml-fetish.de\/shop\/fr\/rangers-10-trous\/","title":{"rendered":"Rangers 10 trous"},"content":{"rendered":"<p>Le classique des rangers, made au Royaume Uni. Mod\u00e8le \u00e0 10 trous avec une hauteur moyenne de 20 cm pour la pointure UK 9 (ce qui correspond \u00e0 un 43 en pointure continentale). Grosse semelle industry, cousue et viss\u00e9e. Cuir solide avec une \u00e9paisseur de 1,8 mm. Coque en acier et talon renforc\u00e9. Disponible en tailles anglaises de 6 \u00e0 12.<br \/>\n<BR><img decoding=\"async\" src=\"\/GIF\/sizefr_boots.gif\" alt=\"tableau de taille\" title=\"tableau de taille\" border=\"0\" height=\"198\" width=\"113\"><\/p>\n","protected":false},"excerpt":{"rendered":"<h4>Rangers 10 trous<\/h4>\n<p>Le classique des rangers, made au Royaume Uni. Mod\u00e8le \u00e0 10 trous avec une hauteur moyenne de 20 cm pour la pointure UK 9 (ce qui correspond \u00e0 un 43 en pointure continentale). Grosse semelle industry, cousue et viss\u00e9e. Cuir solide avec une \u00e9paisseur de 1,8 mm. Coque en acier et talon renforc\u00e9. Disponible en tailles anglaises de 6 \u00e0 12.<\/p>\n","protected":false},"featured_media":11433,"comment_status":"open","ping_status":"closed","template":"","meta":[],"product_brand":[],"product_cat":[732,592,631],"product_tag":[],"class_list":{"0":"post-11453","1":"product","2":"type-product","3":"status-publish","4":"has-post-thumbnail","6":"product_cat-best-seller","7":"product_cat-bottes","8":"product_cat-bottes-caps-army","9":"product_shipping_class-colis-fr","11":"first","12":"instock","13":"taxable","14":"shipping-taxable","15":"purchasable","16":"product-type-variable"},"_links":{"self":[{"href":"https:\/\/www.hml-fetish.de\/shop\/fr\/wp-json\/wp\/v2\/product\/11453","targetHints":{"allow":["GET"]}}],"collection":[{"href":"https:\/\/www.hml-fetish.de\/shop\/fr\/wp-json\/wp\/v2\/product"}],"about":[{"href":"https:\/\/www.hml-fetish.de\/shop\/fr\/wp-json\/wp\/v2\/types\/product"}],"replies":[{"embeddable":true,"href":"https:\/\/www.hml-fetish.de\/shop\/fr\/wp-json\/wp\/v2\/comments?post=11453"}],"version-history":[{"count":0,"href":"https:\/\/www.hml-fetish.de\/shop\/fr\/wp-json\/wp\/v2\/product\/11453\/revisions"}],"wp:featuredmedia":[{"embeddable":true,"href":"https:\/\/www.hml-fetish.de\/shop\/fr\/wp-json\/wp\/v2\/media\/11433"}],"wp:attachment":[{"href":"https:\/\/www.hml-fetish.de\/shop\/fr\/wp-json\/wp\/v2\/media?parent=11453"}],"wp:term":[{"taxonomy":"product_brand","embeddable":true,"href":"https:\/\/www.hml-fetish.de\/shop\/fr\/wp-json\/wp\/v2\/product_brand?post=11453"},{"taxonomy":"product_cat","embeddable":true,"href":"https:\/\/www.hml-fetish.de\/shop\/fr\/wp-json\/wp\/v2\/product_cat?post=11453"},{"taxonomy":"product_tag","embeddable":true,"href":"https:\/\/www.hml-fetish.de\/shop\/fr\/wp-json\/wp\/v2\/product_tag?post=11453"}],"curies":[{"name":"wp","href":"https:\/\/api.w.org\/{rel}","templated":true}]}}