{"id":11337,"date":"2022-01-23T22:55:40","date_gmt":"2022-01-23T21:55:40","guid":{"rendered":"https:\/\/www.hml-fetish.de\/shop\/bottes-a-tige-haute-en-cuir\/"},"modified":"2025-02-12T16:08:01","modified_gmt":"2025-02-12T15:08:01","slug":"bottes-a-tige-haute-en-cuir","status":"publish","type":"product","link":"https:\/\/www.hml-fetish.de\/shop\/fr\/bottes-a-tige-haute-en-cuir\/","title":{"rendered":"Bottes \u00e0 tige haute en cuir"},"content":{"rendered":"<p>Voil\u00e0 les vraies bonnes tall boots \u00e0 la forme \u00e9lanc\u00e9e. Avec arche et boucle et de toute premi\u00e8re qualit\u00e9. Dessus en cuir de boeuf noir hydrophobe, r\u00e9sistant \u00e0 l&#8217;eau et \u00e0 l&#8217;usure. Cousu au cadre. Doubl\u00e9e en cuir de veau sur toute la longueur. Semelle en caoutchouc antid\u00e9rapante. Les tiges des bottes mesurent environ 44 cm de haut, \u00e0 l&#8217;ext\u00e9rieur de la jambe plus 3 cm d&#8217;arc (plus 3 cm de semelle et de talon). Disponible dans les pointures allemandes de 39 \u00e0 47.<\/p>\n<p>Tu peux \u00e9galement obtenir ces bottes d&#8217;\u00e9quitation avec diverses autres caract\u00e9ristiques. Par exemple avec un renforcement du levier de vitesse pour la moto ou avec tes mesures individuelles.<\/p>\n<p><img decoding=\"async\" title=\"pointures\" src=\"\/GIF\/sizefr_boots.gif\" alt=\"pointures\" width=\"113\" height=\"198\" border=\"0\" \/>\u00a0<img decoding=\"async\" title=\"tableau des tailles\" src=\"\/GIF\/sizefr_wade.gif\" alt=\"tableau des tailles\" width=\"136\" height=\"198\" border=\"0\" \/><\/p>\n","protected":false},"excerpt":{"rendered":"<h4>Bottes \u00e0 tige haute en cuir<\/h4>\n<p>Voil\u00e0 les vraies bonnes tall boots \u00e0 la forme \u00e9lanc\u00e9e. Avec arche et boucle et de toute premi\u00e8re qualit\u00e9. Dessus en cuir de boeuf noir hydrophobe, r\u00e9sistant \u00e0 l&#8217;eau et \u00e0 l&#8217;usure. Cousu au cadre. Doubl\u00e9e en cuir de veau sur toute la longueur. Semelle en caoutchouc antid\u00e9rapante. Les tiges des bottes mesurent environ 44 cm de haut, \u00e0 l&#8217;ext\u00e9rieur de la jambe plus 3 cm d&#8217;arc (plus 3 cm de semelle et de talon). Disponible dans les pointures allemandes de 39 \u00e0 47.<\/p>\n<p>Tu peux \u00e9galement obtenir ces <a title=\"bottes d'\u00e9quitation Derby\" href=\"https:\/\/www.derby.nl\/\" target=\"_blank\" rel=\"noopener\">bottes d&#8217;\u00e9quitation Derby<\/a> avec diverses autres caract\u00e9ristiques. Par exemple avec un renforcement du levier de vitesse pour la moto ou avec tes mesures individuelles.<\/p>\n<p><img decoding=\"async\" title=\"pointures\" src=\"\/GIF\/sizefr_boots.gif\" alt=\"pointures\" width=\"113\" height=\"198\" border=\"0\" \/>\u00a0<img decoding=\"async\" title=\"tableau des tailles\" src=\"\/GIF\/sizefr_wade.gif\" alt=\"tableau des tailles\" width=\"136\" height=\"198\" border=\"0\" \/><\/p>\n","protected":false},"featured_media":11286,"comment_status":"open","ping_status":"closed","template":"","meta":[],"product_brand":[],"product_cat":[732,592,646,714,644],"product_tag":[2477],"class_list":{"0":"post-11337","1":"product","2":"type-product","3":"status-publish","4":"has-post-thumbnail","6":"product_cat-best-seller","7":"product_cat-bottes","8":"product_cat-ceintures-straps","9":"product_cat-dungeon-fr","10":"product_cat-uniformes","11":"product_tag-bottes-a-tige-derby","12":"product_shipping_class-colis-fr","14":"first","15":"instock","16":"taxable","17":"shipping-taxable","18":"purchasable","19":"product-type-variable"},"_links":{"self":[{"href":"https:\/\/www.hml-fetish.de\/shop\/fr\/wp-json\/wp\/v2\/product\/11337","targetHints":{"allow":["GET"]}}],"collection":[{"href":"https:\/\/www.hml-fetish.de\/shop\/fr\/wp-json\/wp\/v2\/product"}],"about":[{"href":"https:\/\/www.hml-fetish.de\/shop\/fr\/wp-json\/wp\/v2\/types\/product"}],"replies":[{"embeddable":true,"href":"https:\/\/www.hml-fetish.de\/shop\/fr\/wp-json\/wp\/v2\/comments?post=11337"}],"version-history":[{"count":0,"href":"https:\/\/www.hml-fetish.de\/shop\/fr\/wp-json\/wp\/v2\/product\/11337\/revisions"}],"wp:featuredmedia":[{"embeddable":true,"href":"https:\/\/www.hml-fetish.de\/shop\/fr\/wp-json\/wp\/v2\/media\/11286"}],"wp:attachment":[{"href":"https:\/\/www.hml-fetish.de\/shop\/fr\/wp-json\/wp\/v2\/media?parent=11337"}],"wp:term":[{"taxonomy":"product_brand","embeddable":true,"href":"https:\/\/www.hml-fetish.de\/shop\/fr\/wp-json\/wp\/v2\/product_brand?post=11337"},{"taxonomy":"product_cat","embeddable":true,"href":"https:\/\/www.hml-fetish.de\/shop\/fr\/wp-json\/wp\/v2\/product_cat?post=11337"},{"taxonomy":"product_tag","embeddable":true,"href":"https:\/\/www.hml-fetish.de\/shop\/fr\/wp-json\/wp\/v2\/product_tag?post=11337"}],"curies":[{"name":"wp","href":"https:\/\/api.w.org\/{rel}","templated":true}]}}