{"id":11279,"date":"2022-01-23T22:55:43","date_gmt":"2022-01-23T21:55:43","guid":{"rendered":"https:\/\/www.hml-fetish.de\/shop\/chaussettes-de-foot\/"},"modified":"2022-01-23T22:55:43","modified_gmt":"2022-01-23T21:55:43","slug":"chaussettes-de-foot","status":"publish","type":"product","link":"https:\/\/www.hml-fetish.de\/shop\/fr\/chaussettes-de-foot\/","title":{"rendered":"Chaussettes de foot"},"content":{"rendered":"<p>La marque berlinoise d&#8217;underwear masculin barcode Berlin est connue pour ses collections haute de gamme de production europ\u00e9enne. Voici la ligne Foot\u00adball &#8211; une coupe difficilement trouvable jusqu&#8217;\u00e0 pr\u00e9sent. Leur m\u00e9lange de mat\u00e9riaux les rend par\u00adfaites pour le sport ou toute autre action sudorifique. Voil\u00e0 donc les chaussettes parfaites pour nos mecs de la 1\u00e8re division\u2026 ou bien pour tes rangers 20 ou 30 trous. Fabriqu\u00e9es en 75% coton, 23% polyamide et 2% \u00e9lasthane, pr\u00e9lav\u00e9es et disponibles en deux combinaisons de coloris diff\u00e9rentes.<br \/>\n<BR>Disponible en deux tailles dif\u00e9rentes: pointures 39-42 et 43-46.<br \/>\n<BR>Une paire.<br \/>\n<BR><IMG SRC=\"\/template\/barcode.gif\" ALT=\"barcode Berlin\" TITLE=\"barcode Berlin\"><\/p>\n","protected":false},"excerpt":{"rendered":"<h4>Chaussettes de foot<\/h4>\n<p>La marque berlinoise d&#8217;underwear masculin barcode Berlin est connue pour ses collections haute de gamme de production europ\u00e9enne. Voici la ligne Foot\u00adball &#8211; une coupe difficilement trouvable jusqu&#8217;\u00e0 pr\u00e9sent. Leur m\u00e9lange de mat\u00e9riaux les rend par\u00adfaites pour le sport ou toute autre action sudorifique. Voil\u00e0 donc les chaussettes parfaites pour nos mecs de la 1\u00e8re division\u2026 ou bien pour tes rangers 20 ou 30 trous. Fabriqu\u00e9es en 75% coton, 23% polyamide et 2% \u00e9lasthane, pr\u00e9lav\u00e9es et disponibles en deux combinaisons de coloris diff\u00e9rentes.<\/p>\n","protected":false},"featured_media":11257,"comment_status":"open","ping_status":"closed","template":"","meta":[],"product_brand":[],"product_cat":[634,662,752,721],"product_tag":[],"class_list":{"0":"post-11279","1":"product","2":"type-product","3":"status-publish","4":"has-post-thumbnail","6":"product_cat-accessoires-army","7":"product_cat-chaussettes","8":"product_cat-fin-de-serie","9":"product_cat-gay-pride-fr","10":"product_shipping_class-lettre","12":"first","13":"instock","14":"sale","15":"taxable","16":"shipping-taxable","17":"purchasable","18":"product-type-variable"},"_links":{"self":[{"href":"https:\/\/www.hml-fetish.de\/shop\/fr\/wp-json\/wp\/v2\/product\/11279","targetHints":{"allow":["GET"]}}],"collection":[{"href":"https:\/\/www.hml-fetish.de\/shop\/fr\/wp-json\/wp\/v2\/product"}],"about":[{"href":"https:\/\/www.hml-fetish.de\/shop\/fr\/wp-json\/wp\/v2\/types\/product"}],"replies":[{"embeddable":true,"href":"https:\/\/www.hml-fetish.de\/shop\/fr\/wp-json\/wp\/v2\/comments?post=11279"}],"version-history":[{"count":0,"href":"https:\/\/www.hml-fetish.de\/shop\/fr\/wp-json\/wp\/v2\/product\/11279\/revisions"}],"wp:featuredmedia":[{"embeddable":true,"href":"https:\/\/www.hml-fetish.de\/shop\/fr\/wp-json\/wp\/v2\/media\/11257"}],"wp:attachment":[{"href":"https:\/\/www.hml-fetish.de\/shop\/fr\/wp-json\/wp\/v2\/media?parent=11279"}],"wp:term":[{"taxonomy":"product_brand","embeddable":true,"href":"https:\/\/www.hml-fetish.de\/shop\/fr\/wp-json\/wp\/v2\/product_brand?post=11279"},{"taxonomy":"product_cat","embeddable":true,"href":"https:\/\/www.hml-fetish.de\/shop\/fr\/wp-json\/wp\/v2\/product_cat?post=11279"},{"taxonomy":"product_tag","embeddable":true,"href":"https:\/\/www.hml-fetish.de\/shop\/fr\/wp-json\/wp\/v2\/product_tag?post=11279"}],"curies":[{"name":"wp","href":"https:\/\/api.w.org\/{rel}","templated":true}]}}