{"id":11243,"date":"2022-01-23T22:55:44","date_gmt":"2022-01-23T21:55:44","guid":{"rendered":"https:\/\/www.hml-fetish.de\/shop\/football-socks-barcode\/"},"modified":"2022-08-23T17:49:18","modified_gmt":"2022-08-23T15:49:18","slug":"football-socks-barcode","status":"publish","type":"product","link":"https:\/\/www.hml-fetish.de\/shop\/fr\/football-socks-barcode\/","title":{"rendered":"Football-Socks barcode"},"content":{"rendered":"<p>La marque berlinoise d&#8217;underwear masculin barcode Berlin est connue pour ses collections haute de gamme de production europ\u00e9enne. Voici la ligne Foot\u00adball &#8211; une coupe difficilement trouvable jusqu&#8217;\u00e0 pr\u00e9sent. Leur m\u00e9lange de mat\u00e9riaux les rend parfaites pour le sport ou toute autre action sudorifique. Voil\u00e0 donc les mi-bas parfaites pour nos mecs de la 1\u00e8re division&#8230; ou bien pour tes rangers 14 trous. Fabriqu\u00e9es en 75% coton, 23% polyamide et 2% \u00e9lasthane, pr\u00e9lav\u00e9es et disponibles en 5 combinaisons de coloris diff\u00e9rentes.<br \/>\n<BR>Disponible en deux tailles dif\u00e9rentes: pointures 39-42 et 43-45.<br \/>\n<BR>Une paire.<br \/>\n<BR><IMG SRC=\"\/template\/barcode.gif\" ALT=\"barcode Berlin\" TITLE=\"barcode Berlin\"><\/p>\n","protected":false},"excerpt":{"rendered":"<h4>Football-Socks barcode<\/h4>\n<p>La marque berlinoise d&#8217;underwear masculin barcode Berlin est connue pour ses collections haute de gamme de production europ\u00e9enne. Voici la ligne Foot\u00adball &#8211; une coupe difficilement trouvable jusqu&#8217;\u00e0 pr\u00e9sent. Leur m\u00e9lange de mat\u00e9riaux les rend parfaites pour le sport ou toute autre action sudorifique. Voil\u00e0 donc les mi-bas parfaites pour nos mecs de la 1\u00e8re division&#8230; ou bien pour tes rangers 14 trous. Fabriqu\u00e9es en 75% coton, 23% polyamide et 2% \u00e9lasthane, pr\u00e9lav\u00e9es et disponibles en 5 combinaisons de coloris diff\u00e9rentes.<\/p>\n","protected":false},"featured_media":11204,"comment_status":"open","ping_status":"closed","template":"","meta":[],"product_brand":[],"product_cat":[592,631,662,752],"product_tag":[],"class_list":{"0":"post-11243","1":"product","2":"type-product","3":"status-publish","4":"has-post-thumbnail","6":"product_cat-bottes","7":"product_cat-bottes-caps-army","8":"product_cat-chaussettes","9":"product_cat-fin-de-serie","10":"product_shipping_class-lettre","12":"first","13":"instock","14":"sale","15":"taxable","16":"shipping-taxable","17":"purchasable","18":"product-type-variable"},"_links":{"self":[{"href":"https:\/\/www.hml-fetish.de\/shop\/fr\/wp-json\/wp\/v2\/product\/11243","targetHints":{"allow":["GET"]}}],"collection":[{"href":"https:\/\/www.hml-fetish.de\/shop\/fr\/wp-json\/wp\/v2\/product"}],"about":[{"href":"https:\/\/www.hml-fetish.de\/shop\/fr\/wp-json\/wp\/v2\/types\/product"}],"replies":[{"embeddable":true,"href":"https:\/\/www.hml-fetish.de\/shop\/fr\/wp-json\/wp\/v2\/comments?post=11243"}],"version-history":[{"count":0,"href":"https:\/\/www.hml-fetish.de\/shop\/fr\/wp-json\/wp\/v2\/product\/11243\/revisions"}],"wp:featuredmedia":[{"embeddable":true,"href":"https:\/\/www.hml-fetish.de\/shop\/fr\/wp-json\/wp\/v2\/media\/11204"}],"wp:attachment":[{"href":"https:\/\/www.hml-fetish.de\/shop\/fr\/wp-json\/wp\/v2\/media?parent=11243"}],"wp:term":[{"taxonomy":"product_brand","embeddable":true,"href":"https:\/\/www.hml-fetish.de\/shop\/fr\/wp-json\/wp\/v2\/product_brand?post=11243"},{"taxonomy":"product_cat","embeddable":true,"href":"https:\/\/www.hml-fetish.de\/shop\/fr\/wp-json\/wp\/v2\/product_cat?post=11243"},{"taxonomy":"product_tag","embeddable":true,"href":"https:\/\/www.hml-fetish.de\/shop\/fr\/wp-json\/wp\/v2\/product_tag?post=11243"}],"curies":[{"name":"wp","href":"https:\/\/api.w.org\/{rel}","templated":true}]}}