{"id":11184,"date":"2022-01-23T22:55:44","date_gmt":"2022-01-23T21:55:44","guid":{"rendered":"https:\/\/www.hml-fetish.de\/shop\/chaussettes-football\/"},"modified":"2024-02-21T07:04:34","modified_gmt":"2024-02-21T06:04:34","slug":"chaussettes-football","status":"publish","type":"product","link":"https:\/\/www.hml-fetish.de\/shop\/fr\/chaussettes-football\/","title":{"rendered":"Chaussettes football"},"content":{"rendered":"<p>La marque berlinoise d&#8217;underwear ma\u00adculin barcode Berlin est connue pour ses collections haute de gamme de production europ\u00e9enne. Voici la ligne Football &#8211; une coupe difficilement trouvable jusqu&#8217;\u00e0 pr\u00e9sent. Leur m\u00e9lange de mat\u00e9riaux les rend parfaites pour le sport ou toute autre action sudorifique.<br \/>\n<BR>Voil\u00e0 donc les chaussettes par\u00adfaites pour nos mecs de la 1\u00e8re division &#8211; ou bien pour tes rangers 20 ou 30 trous. Fabriqu\u00e9es en 75% coton, 23% polyamide et 2% \u00e9lasthane, pr\u00e9lav\u00e9es et disponibles en 5 combinaisons de coloris diff\u00e9rentes.<br \/>\n<BR>Disponible en deux tailles dif\u00e9rentes: pointures 39-42 et 43-46.<br \/>\n<BR>Une paire.<br \/>\n<BR><IMG SRC=\"\/template\/barcode.gif\" ALT=\"barcode Berlin\" TITLE=\"barcode Berlin\"><\/p>\n","protected":false},"excerpt":{"rendered":"<h4>Chaussettes football<\/h4>\n<p>La marque berlinoise d&#8217;underwear ma\u00adculin barcode Berlin est connue pour ses collections haute de gamme de production europ\u00e9enne. Voici la ligne Football &#8211; une coupe difficilement trouvable jusqu&#8217;\u00e0 pr\u00e9sent. Leur m\u00e9lange de mat\u00e9riaux les rend parfaites pour le sport ou toute autre action sudorifique.<\/p>\n","protected":false},"featured_media":11123,"comment_status":"open","ping_status":"closed","template":"","meta":[],"product_brand":[],"product_cat":[592,631,662,734],"product_tag":[1493],"class_list":{"0":"post-11184","1":"product","2":"type-product","3":"status-publish","4":"has-post-thumbnail","6":"product_cat-bottes","7":"product_cat-bottes-caps-army","8":"product_cat-chaussettes","9":"product_cat-promotion","10":"product_tag-barcode-berlin-fr","11":"product_shipping_class-lettre","13":"first","14":"instock","15":"sale","16":"taxable","17":"shipping-taxable","18":"purchasable","19":"product-type-variable"},"_links":{"self":[{"href":"https:\/\/www.hml-fetish.de\/shop\/fr\/wp-json\/wp\/v2\/product\/11184","targetHints":{"allow":["GET"]}}],"collection":[{"href":"https:\/\/www.hml-fetish.de\/shop\/fr\/wp-json\/wp\/v2\/product"}],"about":[{"href":"https:\/\/www.hml-fetish.de\/shop\/fr\/wp-json\/wp\/v2\/types\/product"}],"replies":[{"embeddable":true,"href":"https:\/\/www.hml-fetish.de\/shop\/fr\/wp-json\/wp\/v2\/comments?post=11184"}],"version-history":[{"count":0,"href":"https:\/\/www.hml-fetish.de\/shop\/fr\/wp-json\/wp\/v2\/product\/11184\/revisions"}],"wp:featuredmedia":[{"embeddable":true,"href":"https:\/\/www.hml-fetish.de\/shop\/fr\/wp-json\/wp\/v2\/media\/11123"}],"wp:attachment":[{"href":"https:\/\/www.hml-fetish.de\/shop\/fr\/wp-json\/wp\/v2\/media?parent=11184"}],"wp:term":[{"taxonomy":"product_brand","embeddable":true,"href":"https:\/\/www.hml-fetish.de\/shop\/fr\/wp-json\/wp\/v2\/product_brand?post=11184"},{"taxonomy":"product_cat","embeddable":true,"href":"https:\/\/www.hml-fetish.de\/shop\/fr\/wp-json\/wp\/v2\/product_cat?post=11184"},{"taxonomy":"product_tag","embeddable":true,"href":"https:\/\/www.hml-fetish.de\/shop\/fr\/wp-json\/wp\/v2\/product_tag?post=11184"}],"curies":[{"name":"wp","href":"https:\/\/api.w.org\/{rel}","templated":true}]}}