{"id":11114,"date":"2022-01-23T22:55:44","date_gmt":"2022-01-23T21:55:44","guid":{"rendered":"https:\/\/www.hml-fetish.de\/shop\/bottes-de-cheval-en-pvc\/"},"modified":"2022-02-15T14:35:04","modified_gmt":"2022-02-15T13:35:04","slug":"bottes-de-cheval-en-pvc","status":"publish","type":"product","link":"https:\/\/www.hml-fetish.de\/shop\/fr\/bottes-de-cheval-en-pvc\/","title":{"rendered":"Bottes de cheval en PVC"},"content":{"rendered":"<p>Voici une botte sur le mod\u00e8le d&#8217;une classique botte de cheval qui ne se distingue quasiment plus des mod\u00e8les en cuir ou en latex! Aux mollets mod\u00e9l\u00e9s pour un look total &#8211; que ce soit avec des breeches ou bien des chaps.<br \/>\n<BR>Hauteur sur la c\u00f4te int\u00e9rieure env. 44 cm, sur la c\u00f4t\u00e9 ext\u00e9rieure avec 3 cm de plus. Doubl\u00e9e au tricot fin blanc. Avec plastifiants sans phthalate. Dimensions (ext\u00e9rieures) suppl\u00e9mentaires:<br \/>\n<BR><TABLE><br \/>\n<TR><TD><B>pointure<\/B><\/TD><TD><B>circonf. mollets<\/B><\/TD><TD><B>cou-de-pied (circonf.)<\/B><\/TD><\/TR><br \/>\n<TR><TD>39<\/TD><TD>39,5 cm<\/TD><TD>33,0 cm<\/TD><\/TR><br \/>\n<TR><TD>40<\/TD><TD>40,0 cm<\/TD><TD>33,5 cm<\/TD><\/TR><br \/>\n<TR><TD>41<\/TD><TD>40,5 cm<\/TD><TD>34,0 cm<\/TD><\/TR><br \/>\n<TR><TD>42<\/TD><TD>41,0 cm<\/TD><TD>34,5 cm<\/TD><\/TR><br \/>\n<TR><TD>43<\/TD><TD>41,5 cm<\/TD><TD>35,0 cm<\/TD><\/TR><br \/>\n<TR><TD>44<\/TD><TD>42,0 cm<\/TD><TD>35,5 cm<\/TD><\/TR><br \/>\n<TR><TD>45<\/TD><TD>42,5 cm<\/TD><TD>36,0 cm<\/TD><\/TR><br \/>\n<TR><TD>46<\/TD><TD>43,0 cm<\/TD><TD>36,5 cm<\/TD><\/TR><br \/>\n<\/TABLE><img decoding=\"async\" src=\"\/GIF\/sizefr_boots.gif\" alt=\"pointures\" title=\"pointures\" border=\"0\" height=\"198\" width=\"113\"><\/p>\n","protected":false},"excerpt":{"rendered":"<h4>Bottes de cheval en PVC<\/h4>\n<p>Voici une botte sur le mod\u00e8le d&#8217;une classique botte de cheval qui ne se distingue quasiment plus des mod\u00e8les en cuir ou en latex! Aux mollets mod\u00e9l\u00e9s pour un look total &#8211; que ce soit avec des breeches ou bien des chaps.<\/p>\n","protected":false},"featured_media":11084,"comment_status":"open","ping_status":"closed","template":"","meta":[],"product_brand":[],"product_cat":[618,734,644],"product_tag":[],"class_list":{"0":"post-11114","1":"product","2":"type-product","3":"status-publish","4":"has-post-thumbnail","6":"product_cat-bottes-en-latex","7":"product_cat-promotion","8":"product_cat-uniformes","9":"product_shipping_class-colis-fr","11":"first","12":"instock","13":"sale","14":"taxable","15":"shipping-taxable","16":"purchasable","17":"product-type-variable"},"_links":{"self":[{"href":"https:\/\/www.hml-fetish.de\/shop\/fr\/wp-json\/wp\/v2\/product\/11114","targetHints":{"allow":["GET"]}}],"collection":[{"href":"https:\/\/www.hml-fetish.de\/shop\/fr\/wp-json\/wp\/v2\/product"}],"about":[{"href":"https:\/\/www.hml-fetish.de\/shop\/fr\/wp-json\/wp\/v2\/types\/product"}],"replies":[{"embeddable":true,"href":"https:\/\/www.hml-fetish.de\/shop\/fr\/wp-json\/wp\/v2\/comments?post=11114"}],"version-history":[{"count":0,"href":"https:\/\/www.hml-fetish.de\/shop\/fr\/wp-json\/wp\/v2\/product\/11114\/revisions"}],"wp:featuredmedia":[{"embeddable":true,"href":"https:\/\/www.hml-fetish.de\/shop\/fr\/wp-json\/wp\/v2\/media\/11084"}],"wp:attachment":[{"href":"https:\/\/www.hml-fetish.de\/shop\/fr\/wp-json\/wp\/v2\/media?parent=11114"}],"wp:term":[{"taxonomy":"product_brand","embeddable":true,"href":"https:\/\/www.hml-fetish.de\/shop\/fr\/wp-json\/wp\/v2\/product_brand?post=11114"},{"taxonomy":"product_cat","embeddable":true,"href":"https:\/\/www.hml-fetish.de\/shop\/fr\/wp-json\/wp\/v2\/product_cat?post=11114"},{"taxonomy":"product_tag","embeddable":true,"href":"https:\/\/www.hml-fetish.de\/shop\/fr\/wp-json\/wp\/v2\/product_tag?post=11114"}],"curies":[{"name":"wp","href":"https:\/\/api.w.org\/{rel}","templated":true}]}}