{"id":11072,"date":"2022-01-23T22:55:45","date_gmt":"2022-01-23T21:55:45","guid":{"rendered":"https:\/\/www.hml-fetish.de\/shop\/bottes-lustrees-en-pvc\/"},"modified":"2024-08-04T11:35:20","modified_gmt":"2024-08-04T09:35:20","slug":"bottes-lustrees-en-pvc","status":"publish","type":"product","link":"https:\/\/www.hml-fetish.de\/shop\/fr\/bottes-lustrees-en-pvc\/","title":{"rendered":"Bottes lustr\u00e9es en PVC"},"content":{"rendered":"<p>Enfin une botte \u00e0 satisfaire les vrais f\u00e9tichistes: Une botte de travail mod\u00e8le Wellington avec une tige particuli\u00e8rement haute, moulante et anatomiquement correcte qui se pr\u00eate autant au look latex int\u00e9gral qu&#8217;au look jeans travailleur. Non doubl\u00e9e, bien s\u00fbr, et enti\u00e8rement lavable et brillante m\u00eame sans avoir \u00eat\u00e9 lustr\u00e9e. R\u00e9sistant aux graisses, huiles, acides et bases.<br \/>\n<BR><BR>Hauteu app. 40 cm, tour de mollet (pour une pointure de 43): 44 cm. Avec plastifiants sans phthalate.<br \/>\n<BR><BR><img decoding=\"async\" src=\"\/GIF\/sizefr_boots.gif\" alt=\"pointures\" title=\"pointures\" border=\"0\" height=\"198\" width=\"113\"><\/p>\n","protected":false},"excerpt":{"rendered":"<h4>Bottes lustr\u00e9es en PVC<\/h4>\n<p>Enfin une botte \u00e0 satisfaire les vrais f\u00e9tichistes: Une botte de travail mod\u00e8le Wellington avec une tige particuli\u00e8rement haute, moulante et anatomiquement correcte qui se pr\u00eate autant au look latex int\u00e9gral qu&#8217;au look jeans travailleur. Non doubl\u00e9e, bien s\u00fbr, et enti\u00e8rement lavable et brillante m\u00eame sans avoir \u00eat\u00e9 lustr\u00e9e. R\u00e9sistant aux graisses, huiles, acides et bases.<\/p>\n","protected":false},"featured_media":11033,"comment_status":"open","ping_status":"closed","template":"","meta":[],"product_brand":[],"product_cat":[732,618,700],"product_tag":[],"class_list":{"0":"post-11072","1":"product","2":"type-product","3":"status-publish","4":"has-post-thumbnail","6":"product_cat-best-seller","7":"product_cat-bottes-en-latex","8":"product_cat-cagoules-etc","9":"product_shipping_class-colis-fr","11":"first","12":"instock","13":"taxable","14":"shipping-taxable","15":"purchasable","16":"product-type-variable"},"_links":{"self":[{"href":"https:\/\/www.hml-fetish.de\/shop\/fr\/wp-json\/wp\/v2\/product\/11072","targetHints":{"allow":["GET"]}}],"collection":[{"href":"https:\/\/www.hml-fetish.de\/shop\/fr\/wp-json\/wp\/v2\/product"}],"about":[{"href":"https:\/\/www.hml-fetish.de\/shop\/fr\/wp-json\/wp\/v2\/types\/product"}],"replies":[{"embeddable":true,"href":"https:\/\/www.hml-fetish.de\/shop\/fr\/wp-json\/wp\/v2\/comments?post=11072"}],"version-history":[{"count":0,"href":"https:\/\/www.hml-fetish.de\/shop\/fr\/wp-json\/wp\/v2\/product\/11072\/revisions"}],"wp:featuredmedia":[{"embeddable":true,"href":"https:\/\/www.hml-fetish.de\/shop\/fr\/wp-json\/wp\/v2\/media\/11033"}],"wp:attachment":[{"href":"https:\/\/www.hml-fetish.de\/shop\/fr\/wp-json\/wp\/v2\/media?parent=11072"}],"wp:term":[{"taxonomy":"product_brand","embeddable":true,"href":"https:\/\/www.hml-fetish.de\/shop\/fr\/wp-json\/wp\/v2\/product_brand?post=11072"},{"taxonomy":"product_cat","embeddable":true,"href":"https:\/\/www.hml-fetish.de\/shop\/fr\/wp-json\/wp\/v2\/product_cat?post=11072"},{"taxonomy":"product_tag","embeddable":true,"href":"https:\/\/www.hml-fetish.de\/shop\/fr\/wp-json\/wp\/v2\/product_tag?post=11072"}],"curies":[{"name":"wp","href":"https:\/\/api.w.org\/{rel}","templated":true}]}}