{"id":11000,"date":"2022-01-23T22:55:45","date_gmt":"2022-01-23T21:55:45","guid":{"rendered":"https:\/\/www.hml-fetish.de\/shop\/waders-non-doublee\/"},"modified":"2022-07-26T17:06:00","modified_gmt":"2022-07-26T15:06:00","slug":"waders-non-doublee","status":"publish","type":"product","link":"https:\/\/www.hml-fetish.de\/shop\/fr\/waders-non-doublee\/","title":{"rendered":"Waders non doubl\u00e9e 40\/41"},"content":{"rendered":"<p>Des manchettes en caoutchouc de 1,5 mm d&#8217;\u00e9paisseur sont soud\u00e9es \u00e0 la main sur une paire de bottes en caoutchouc solides. C&#8217;est ainsi que naissent ces bottes de gu\u00e9 pour f\u00e9tichistes. La partie sup\u00e9rieure est inclin\u00e9e \u00e0 la mode. La hauteur des bottes est de 92 cm \u00e0 l&#8217;ext\u00e9rieur et de 76 cm \u00e0 l&#8217;int\u00e9rieur. Des sangles r\u00e9glables permettent de fixer la tige \u00e0 la ceinture de ton pantalon.<\/p>\n<p>Ces bottes ne sont pas forc\u00e9ment con\u00e7ues pour la prochaine randonn\u00e9e extr\u00eame \u00e0 gu\u00e9. Mais elles ne te font pas honte non plus, car tu as l&#8217;air tr\u00e8s excit\u00e9 avec. Un vrai f\u00e9tichiste.<\/p>\n<p>Taille de chaussures 40\/41. 43 cm de tour de mollet (mesur\u00e9 \u00e0 l&#8217;ext\u00e9rieur). Tour de cuisse environ 60 cm.<br \/>\n<BR><img decoding=\"async\" src=\"\/GIF\/sizefr_boots.gif\" alt=\"pointures\" title=\"pointures\" border=\"0\" height=\"198\" width=\"113\"><\/p>\n","protected":false},"excerpt":{"rendered":"<h4>Waders non doubl\u00e9e 40\/41<\/h4>\n<p>Des manchettes en caoutchouc de 1,5 mm d&#8217;\u00e9paisseur sont soud\u00e9es \u00e0 la main sur une paire de bottes en caoutchouc solides. C&#8217;est ainsi que naissent ces bottes de gu\u00e9 pour f\u00e9tichistes. La partie sup\u00e9rieure est inclin\u00e9e \u00e0 la mode. La hauteur des bottes est de 92 cm \u00e0 l&#8217;ext\u00e9rieur et de 76 cm \u00e0 l&#8217;int\u00e9rieur. Des sangles r\u00e9glables permettent de fixer la tige \u00e0 la ceinture de ton pantalon.<\/p>\n","protected":false},"featured_media":10992,"comment_status":"open","ping_status":"closed","template":"","meta":[],"product_brand":[],"product_cat":[618,752],"product_tag":[],"class_list":{"0":"post-11000","1":"product","2":"type-product","3":"status-publish","4":"has-post-thumbnail","6":"product_cat-bottes-en-latex","7":"product_cat-fin-de-serie","8":"product_shipping_class-colis-fr","10":"first","11":"instock","12":"taxable","13":"shipping-taxable","14":"purchasable","15":"product-type-variable"},"_links":{"self":[{"href":"https:\/\/www.hml-fetish.de\/shop\/fr\/wp-json\/wp\/v2\/product\/11000","targetHints":{"allow":["GET"]}}],"collection":[{"href":"https:\/\/www.hml-fetish.de\/shop\/fr\/wp-json\/wp\/v2\/product"}],"about":[{"href":"https:\/\/www.hml-fetish.de\/shop\/fr\/wp-json\/wp\/v2\/types\/product"}],"replies":[{"embeddable":true,"href":"https:\/\/www.hml-fetish.de\/shop\/fr\/wp-json\/wp\/v2\/comments?post=11000"}],"version-history":[{"count":0,"href":"https:\/\/www.hml-fetish.de\/shop\/fr\/wp-json\/wp\/v2\/product\/11000\/revisions"}],"wp:featuredmedia":[{"embeddable":true,"href":"https:\/\/www.hml-fetish.de\/shop\/fr\/wp-json\/wp\/v2\/media\/10992"}],"wp:attachment":[{"href":"https:\/\/www.hml-fetish.de\/shop\/fr\/wp-json\/wp\/v2\/media?parent=11000"}],"wp:term":[{"taxonomy":"product_brand","embeddable":true,"href":"https:\/\/www.hml-fetish.de\/shop\/fr\/wp-json\/wp\/v2\/product_brand?post=11000"},{"taxonomy":"product_cat","embeddable":true,"href":"https:\/\/www.hml-fetish.de\/shop\/fr\/wp-json\/wp\/v2\/product_cat?post=11000"},{"taxonomy":"product_tag","embeddable":true,"href":"https:\/\/www.hml-fetish.de\/shop\/fr\/wp-json\/wp\/v2\/product_tag?post=11000"}],"curies":[{"name":"wp","href":"https:\/\/api.w.org\/{rel}","templated":true}]}}