{"id":10927,"date":"2022-01-23T22:55:55","date_gmt":"2022-01-23T21:55:55","guid":{"rendered":"https:\/\/www.hml-fetish.de\/shop\/masque-en-latex-fetisso-ouvert\/"},"modified":"2022-01-23T22:55:55","modified_gmt":"2022-01-23T21:55:55","slug":"masque-en-latex-fetisso-ouvert","status":"publish","type":"product","link":"https:\/\/www.hml-fetish.de\/shop\/fr\/masque-en-latex-fetisso-ouvert\/","title":{"rendered":"Masque en latex Fetisso ouvert"},"content":{"rendered":"<p>Une v\u00e9ritable seconde peau ! Fabriqu\u00e9 en caoutchouc noir de 0,4 mm. Le mat\u00e9riau fin s&#8217;adapte bien \u00e0 votre t\u00eate, brille de lui-m\u00eame et est m\u00eame coup\u00e9 anatomiquement. Deux tailles M et L.<br \/>\n<BR>Ce masque a des ouvertures pour les yeux, le nez et la bouche et vous laisse toute libert\u00e9.<br \/>\n<BR><img decoding=\"async\" src=\"\/GIF\/sizefr_MA.gif\" alt=\"tableau de taille\" title=\"tableau de taille\" border=\"0\" height=\"164\" width=\"114\"><\/p>\n","protected":false},"excerpt":{"rendered":"<h4>Masque en latex Fetisso ouvert<\/h4>\n<p>Une v\u00e9ritable seconde peau ! Fabriqu\u00e9 en caoutchouc noir de 0,4 mm. Le mat\u00e9riau fin s&#8217;adapte bien \u00e0 votre t\u00eate, brille de lui-m\u00eame et est m\u00eame coup\u00e9 anatomiquement. Deux tailles M et L.<\/p>\n","protected":false},"featured_media":10917,"comment_status":"open","ping_status":"closed","template":"","meta":[],"product_brand":[],"product_cat":[732,700,619],"product_tag":[4378],"class_list":{"0":"post-10927","1":"product","2":"type-product","3":"status-publish","4":"has-post-thumbnail","6":"product_cat-best-seller","7":"product_cat-cagoules-etc","8":"product_cat-gants-en-latex","9":"product_tag-fetisso-fr","10":"product_shipping_class-lettre","12":"first","13":"instock","14":"taxable","15":"shipping-taxable","16":"purchasable","17":"product-type-variable"},"_links":{"self":[{"href":"https:\/\/www.hml-fetish.de\/shop\/fr\/wp-json\/wp\/v2\/product\/10927","targetHints":{"allow":["GET"]}}],"collection":[{"href":"https:\/\/www.hml-fetish.de\/shop\/fr\/wp-json\/wp\/v2\/product"}],"about":[{"href":"https:\/\/www.hml-fetish.de\/shop\/fr\/wp-json\/wp\/v2\/types\/product"}],"replies":[{"embeddable":true,"href":"https:\/\/www.hml-fetish.de\/shop\/fr\/wp-json\/wp\/v2\/comments?post=10927"}],"version-history":[{"count":0,"href":"https:\/\/www.hml-fetish.de\/shop\/fr\/wp-json\/wp\/v2\/product\/10927\/revisions"}],"wp:featuredmedia":[{"embeddable":true,"href":"https:\/\/www.hml-fetish.de\/shop\/fr\/wp-json\/wp\/v2\/media\/10917"}],"wp:attachment":[{"href":"https:\/\/www.hml-fetish.de\/shop\/fr\/wp-json\/wp\/v2\/media?parent=10927"}],"wp:term":[{"taxonomy":"product_brand","embeddable":true,"href":"https:\/\/www.hml-fetish.de\/shop\/fr\/wp-json\/wp\/v2\/product_brand?post=10927"},{"taxonomy":"product_cat","embeddable":true,"href":"https:\/\/www.hml-fetish.de\/shop\/fr\/wp-json\/wp\/v2\/product_cat?post=10927"},{"taxonomy":"product_tag","embeddable":true,"href":"https:\/\/www.hml-fetish.de\/shop\/fr\/wp-json\/wp\/v2\/product_tag?post=10927"}],"curies":[{"name":"wp","href":"https:\/\/api.w.org\/{rel}","templated":true}]}}