{"id":10888,"date":"2022-01-23T22:55:55","date_gmt":"2022-01-23T21:55:55","guid":{"rendered":"https:\/\/www.hml-fetish.de\/shop\/cum-plugs\/"},"modified":"2022-01-23T22:55:55","modified_gmt":"2022-01-23T21:55:55","slug":"cum-plugs","status":"publish","type":"product","link":"https:\/\/www.hml-fetish.de\/shop\/fr\/cum-plugs\/","title":{"rendered":"Cum Plugs"},"content":{"rendered":"<p>Voici une paire de sondes \u00e0 ur\u00e8tre griff\u00e9e SPORT FUCKER en silicone m\u00e9dical. Surface lisse et st\u00e9rilisable comme sa version en acier mais avec l&#8217;avantage d&#8217;\u00eatre souple sur toute leur longueur de 51 mm. Gr\u00e2ce au tuyau \u00e0 l&#8217;int\u00e9rieur, ces petits diables te permettent de pisser (ou bien de gicler) pour des sensations inou\u00efes car le touts se fait au ralenti. La largeur du petit mod\u00e8le passe de 4 \u00e0 6 mm, cell du plus grand de 6 \u00e0 9 mm.<\/p>\n","protected":false},"excerpt":{"rendered":"<h4>Cum Plugs<\/h4>\n<p>Voici une paire de sondes \u00e0 ur\u00e8tre griff\u00e9e SPORT FUCKER en silicone m\u00e9dical. Surface lisse et st\u00e9rilisable comme sa version en acier mais avec l&#8217;avantage d&#8217;\u00eatre souple sur toute leur longueur de 51 mm. Gr\u00e2ce au tuyau \u00e0 l&#8217;int\u00e9rieur, ces petits diables te permettent de pisser (ou bien de gicler) pour des sensations inou\u00efes car le touts se fait au ralenti. La largeur du petit mod\u00e8le passe de 4 \u00e0 6 mm, cell du plus grand de 6 \u00e0 9 mm.<\/p>\n","protected":false},"featured_media":10883,"comment_status":"open","ping_status":"closed","template":"","meta":[],"product_brand":[],"product_cat":[697,736,680,686],"product_tag":[2253],"class_list":{"0":"post-10888","1":"product","2":"type-product","3":"status-publish","4":"has-post-thumbnail","6":"product_cat-cbt-fr","7":"product_cat-nouveau-hml","8":"product_cat-piercing-fr","9":"product_cat-plugs-fr","10":"product_tag-sport-fucker-fr","11":"product_shipping_class-lettre","13":"first","14":"instock","15":"taxable","16":"shipping-taxable","17":"purchasable","18":"product-type-simple"},"_links":{"self":[{"href":"https:\/\/www.hml-fetish.de\/shop\/fr\/wp-json\/wp\/v2\/product\/10888","targetHints":{"allow":["GET"]}}],"collection":[{"href":"https:\/\/www.hml-fetish.de\/shop\/fr\/wp-json\/wp\/v2\/product"}],"about":[{"href":"https:\/\/www.hml-fetish.de\/shop\/fr\/wp-json\/wp\/v2\/types\/product"}],"replies":[{"embeddable":true,"href":"https:\/\/www.hml-fetish.de\/shop\/fr\/wp-json\/wp\/v2\/comments?post=10888"}],"version-history":[{"count":0,"href":"https:\/\/www.hml-fetish.de\/shop\/fr\/wp-json\/wp\/v2\/product\/10888\/revisions"}],"wp:featuredmedia":[{"embeddable":true,"href":"https:\/\/www.hml-fetish.de\/shop\/fr\/wp-json\/wp\/v2\/media\/10883"}],"wp:attachment":[{"href":"https:\/\/www.hml-fetish.de\/shop\/fr\/wp-json\/wp\/v2\/media?parent=10888"}],"wp:term":[{"taxonomy":"product_brand","embeddable":true,"href":"https:\/\/www.hml-fetish.de\/shop\/fr\/wp-json\/wp\/v2\/product_brand?post=10888"},{"taxonomy":"product_cat","embeddable":true,"href":"https:\/\/www.hml-fetish.de\/shop\/fr\/wp-json\/wp\/v2\/product_cat?post=10888"},{"taxonomy":"product_tag","embeddable":true,"href":"https:\/\/www.hml-fetish.de\/shop\/fr\/wp-json\/wp\/v2\/product_tag?post=10888"}],"curies":[{"name":"wp","href":"https:\/\/api.w.org\/{rel}","templated":true}]}}