{"id":10790,"date":"2022-01-23T22:55:56","date_gmt":"2022-01-23T21:55:56","guid":{"rendered":"https:\/\/www.hml-fetish.de\/shop\/pigtail-plug-32-mm-vinyle\/"},"modified":"2022-01-23T22:55:56","modified_gmt":"2022-01-23T21:55:56","slug":"pigtail-plug-32-mm-vinyle","status":"publish","type":"product","link":"https:\/\/www.hml-fetish.de\/shop\/fr\/pigtail-plug-32-mm-vinyle\/","title":{"rendered":"Pigtail Plug 32 mm Vinyle"},"content":{"rendered":"<p>Ce Canine Butt Plug en vinyle r\u00e9sistant est tr\u00e8s sp\u00e9cial. Une fois que tu as introduit le plug de 32 mm de diam\u00e8tre, l&#8217;autre extr\u00e9mit\u00e9 d\u00e9passe de ton trou comme la queue d&#8217;un chien ou la queue d&#8217;un cochon. Ce petit diable est particuli\u00e8rement utile lorsque vous faites du petplay, c&#8217;est-\u00e0-dire que l&#8217;un de vous deux joue \u00e0 l&#8217;animal de compagnie qui se laisse promener en laisse par son ma\u00eetre. Ce plug est alors le dernier d\u00e9tail qui manque. Mais il ne peut pas s&#8217;agiter.<\/p>\n","protected":false},"excerpt":{"rendered":"<h4>Pigtail Plug 32 mm Vinyle<\/h4>\n<p>Ce Canine Butt Plug en vinyle r\u00e9sistant est tr\u00e8s sp\u00e9cial. Une fois que tu as introduit le plug de 32 mm de diam\u00e8tre, l&#8217;autre extr\u00e9mit\u00e9 d\u00e9passe de ton trou comme la queue d&#8217;un chien ou la queue d&#8217;un cochon. Ce petit diable est particuli\u00e8rement utile lorsque vous faites du petplay, c&#8217;est-\u00e0-dire que l&#8217;un de vous deux joue \u00e0 l&#8217;animal de compagnie qui se laisse promener en laisse par son ma\u00eetre. Ce plug est alors le dernier d\u00e9tail qui manque. Mais il ne peut pas s&#8217;agiter.<\/p>\n","protected":false},"featured_media":10784,"comment_status":"open","ping_status":"closed","template":"","meta":[],"product_brand":[],"product_cat":[712,686],"product_tag":[],"class_list":{"0":"post-10790","1":"product","2":"type-product","3":"status-publish","4":"has-post-thumbnail","6":"product_cat-pet-play-fr","7":"product_cat-plugs-fr","8":"product_shipping_class-colis-fr","10":"first","11":"instock","12":"taxable","13":"shipping-taxable","14":"purchasable","15":"product-type-simple"},"_links":{"self":[{"href":"https:\/\/www.hml-fetish.de\/shop\/fr\/wp-json\/wp\/v2\/product\/10790","targetHints":{"allow":["GET"]}}],"collection":[{"href":"https:\/\/www.hml-fetish.de\/shop\/fr\/wp-json\/wp\/v2\/product"}],"about":[{"href":"https:\/\/www.hml-fetish.de\/shop\/fr\/wp-json\/wp\/v2\/types\/product"}],"replies":[{"embeddable":true,"href":"https:\/\/www.hml-fetish.de\/shop\/fr\/wp-json\/wp\/v2\/comments?post=10790"}],"version-history":[{"count":0,"href":"https:\/\/www.hml-fetish.de\/shop\/fr\/wp-json\/wp\/v2\/product\/10790\/revisions"}],"wp:featuredmedia":[{"embeddable":true,"href":"https:\/\/www.hml-fetish.de\/shop\/fr\/wp-json\/wp\/v2\/media\/10784"}],"wp:attachment":[{"href":"https:\/\/www.hml-fetish.de\/shop\/fr\/wp-json\/wp\/v2\/media?parent=10790"}],"wp:term":[{"taxonomy":"product_brand","embeddable":true,"href":"https:\/\/www.hml-fetish.de\/shop\/fr\/wp-json\/wp\/v2\/product_brand?post=10790"},{"taxonomy":"product_cat","embeddable":true,"href":"https:\/\/www.hml-fetish.de\/shop\/fr\/wp-json\/wp\/v2\/product_cat?post=10790"},{"taxonomy":"product_tag","embeddable":true,"href":"https:\/\/www.hml-fetish.de\/shop\/fr\/wp-json\/wp\/v2\/product_tag?post=10790"}],"curies":[{"name":"wp","href":"https:\/\/api.w.org\/{rel}","templated":true}]}}