{"id":10766,"date":"2022-01-23T22:55:58","date_gmt":"2022-01-23T21:55:58","guid":{"rendered":"https:\/\/www.hml-fetish.de\/shop\/magnet-tom-of-finland-lifesaver-sauveteur\/"},"modified":"2022-01-23T22:55:58","modified_gmt":"2022-01-23T21:55:58","slug":"magnet-tom-of-finland-lifesaver-sauveteur","status":"publish","type":"product","link":"https:\/\/www.hml-fetish.de\/shop\/fr\/magnet-tom-of-finland-lifesaver-sauveteur\/","title":{"rendered":"Magnet Tom of Finland &#8220;Lifesaver&#8221; (sauveteur)"},"content":{"rendered":"<p>Cet aimant pour le r\u00e9frig\u00e9rateur ou d&#8217;autres supports m\u00e9talliques repr\u00e9sente un motif connu de l&#8217;artiste &#8216;Tom of Finland&#8217; et mesure environ 50 mm x 78 mm.<\/p>\n","protected":false},"excerpt":{"rendered":"<h4>Magnet Tom of Finland &#8220;Lifesaver&#8221; (sauveteur)<\/h4>\n<p>Cet aimant pour le r\u00e9frig\u00e9rateur ou d&#8217;autres supports m\u00e9talliques repr\u00e9sente un motif connu de l&#8217;artiste &#8216;Tom of Finland&#8217; et mesure environ 50 mm x 78 mm.<\/p>\n","protected":false},"featured_media":10764,"comment_status":"open","ping_status":"closed","template":"","meta":[],"product_brand":[],"product_cat":[618,721,736],"product_tag":[],"class_list":{"0":"post-10766","1":"product","2":"type-product","3":"status-publish","4":"has-post-thumbnail","6":"product_cat-bottes-en-latex","7":"product_cat-gay-pride-fr","8":"product_cat-nouveau-hml","9":"product_shipping_class-lettre","11":"first","12":"instock","13":"taxable","14":"shipping-taxable","15":"purchasable","16":"product-type-simple"},"_links":{"self":[{"href":"https:\/\/www.hml-fetish.de\/shop\/fr\/wp-json\/wp\/v2\/product\/10766","targetHints":{"allow":["GET"]}}],"collection":[{"href":"https:\/\/www.hml-fetish.de\/shop\/fr\/wp-json\/wp\/v2\/product"}],"about":[{"href":"https:\/\/www.hml-fetish.de\/shop\/fr\/wp-json\/wp\/v2\/types\/product"}],"replies":[{"embeddable":true,"href":"https:\/\/www.hml-fetish.de\/shop\/fr\/wp-json\/wp\/v2\/comments?post=10766"}],"version-history":[{"count":0,"href":"https:\/\/www.hml-fetish.de\/shop\/fr\/wp-json\/wp\/v2\/product\/10766\/revisions"}],"wp:featuredmedia":[{"embeddable":true,"href":"https:\/\/www.hml-fetish.de\/shop\/fr\/wp-json\/wp\/v2\/media\/10764"}],"wp:attachment":[{"href":"https:\/\/www.hml-fetish.de\/shop\/fr\/wp-json\/wp\/v2\/media?parent=10766"}],"wp:term":[{"taxonomy":"product_brand","embeddable":true,"href":"https:\/\/www.hml-fetish.de\/shop\/fr\/wp-json\/wp\/v2\/product_brand?post=10766"},{"taxonomy":"product_cat","embeddable":true,"href":"https:\/\/www.hml-fetish.de\/shop\/fr\/wp-json\/wp\/v2\/product_cat?post=10766"},{"taxonomy":"product_tag","embeddable":true,"href":"https:\/\/www.hml-fetish.de\/shop\/fr\/wp-json\/wp\/v2\/product_tag?post=10766"}],"curies":[{"name":"wp","href":"https:\/\/api.w.org\/{rel}","templated":true}]}}