{"id":10755,"date":"2022-01-23T22:55:58","date_gmt":"2022-01-23T21:55:58","guid":{"rendered":"https:\/\/www.hml-fetish.de\/shop\/tom-of-finland-magnet-hard-place\/"},"modified":"2022-02-12T16:19:31","modified_gmt":"2022-02-12T15:19:31","slug":"tom-of-finland-magnet-hard-place","status":"publish","type":"product","link":"https:\/\/www.hml-fetish.de\/shop\/fr\/tom-of-finland-magnet-hard-place\/","title":{"rendered":"Tom of Finland Magnet &#8220;Hard Place&#8221;"},"content":{"rendered":"<p>Cet aimant pour le r\u00e9frig\u00e9rateur ou d&#8217;autres supports m\u00e9talliques repr\u00e9sente un motif connu de l&#8217;artiste &#8216;Tom of Finland&#8217; et mesure environ 50 mm x 78 mm.<\/p>\n","protected":false},"excerpt":{"rendered":"<h4>Tom of Finland Magnet &#8216;Hard Place&#8217;<\/h4>\n<p>Cet aimant pour le r\u00e9frig\u00e9rateur ou d&#8217;autres supports m\u00e9talliques repr\u00e9sente un motif connu de l&#8217;artiste &#8216;Tom of Finland&#8217; et mesure environ 50 mm x 78 mm.<\/p>\n","protected":false},"featured_media":10753,"comment_status":"open","ping_status":"closed","template":"","meta":[],"product_brand":[],"product_cat":[624,721,696],"product_tag":[],"class_list":{"0":"post-10755","1":"product","2":"type-product","3":"status-publish","4":"has-post-thumbnail","6":"product_cat-accessoires-en-latex","7":"product_cat-gay-pride-fr","8":"product_cat-tetons","9":"product_shipping_class-lettre","11":"first","12":"instock","13":"taxable","14":"shipping-taxable","15":"purchasable","16":"product-type-simple"},"_links":{"self":[{"href":"https:\/\/www.hml-fetish.de\/shop\/fr\/wp-json\/wp\/v2\/product\/10755","targetHints":{"allow":["GET"]}}],"collection":[{"href":"https:\/\/www.hml-fetish.de\/shop\/fr\/wp-json\/wp\/v2\/product"}],"about":[{"href":"https:\/\/www.hml-fetish.de\/shop\/fr\/wp-json\/wp\/v2\/types\/product"}],"replies":[{"embeddable":true,"href":"https:\/\/www.hml-fetish.de\/shop\/fr\/wp-json\/wp\/v2\/comments?post=10755"}],"version-history":[{"count":0,"href":"https:\/\/www.hml-fetish.de\/shop\/fr\/wp-json\/wp\/v2\/product\/10755\/revisions"}],"wp:featuredmedia":[{"embeddable":true,"href":"https:\/\/www.hml-fetish.de\/shop\/fr\/wp-json\/wp\/v2\/media\/10753"}],"wp:attachment":[{"href":"https:\/\/www.hml-fetish.de\/shop\/fr\/wp-json\/wp\/v2\/media?parent=10755"}],"wp:term":[{"taxonomy":"product_brand","embeddable":true,"href":"https:\/\/www.hml-fetish.de\/shop\/fr\/wp-json\/wp\/v2\/product_brand?post=10755"},{"taxonomy":"product_cat","embeddable":true,"href":"https:\/\/www.hml-fetish.de\/shop\/fr\/wp-json\/wp\/v2\/product_cat?post=10755"},{"taxonomy":"product_tag","embeddable":true,"href":"https:\/\/www.hml-fetish.de\/shop\/fr\/wp-json\/wp\/v2\/product_tag?post=10755"}],"curies":[{"name":"wp","href":"https:\/\/api.w.org\/{rel}","templated":true}]}}