{"id":10715,"date":"2022-01-23T22:56:00","date_gmt":"2022-01-23T21:56:00","guid":{"rendered":"https:\/\/www.hml-fetish.de\/shop\/masque-de-visage-en-neoprene\/"},"modified":"2022-01-23T22:56:00","modified_gmt":"2022-01-23T21:56:00","slug":"masque-de-visage-en-neoprene","status":"publish","type":"product","link":"https:\/\/www.hml-fetish.de\/shop\/fr\/masque-de-visage-en-neoprene\/","title":{"rendered":"Masque de visage en neoprene"},"content":{"rendered":"<p>Port de masque obligatoire ? Voici un mod\u00e8le \u00e9conomique: \u00e0 l&#8217;aspect d&#8217;un masque ordinaire il s&#8217;agit en v\u00e9rit\u00e9 d&#8217;un vrai mod\u00e8le fetish an neoprene perfor\u00e9 avec une \u00e9paisseur de 1,5 mm. Bien entendu ceci n&#8217;est point une mod\u00e8le m\u00e9dical qui prot\u00e9ique \u00e0 100% mais il moule bien ton visage et te fera oublier le monde. Ca. 13 cm x 20 cm. Taille unique.<\/p>\n","protected":false},"excerpt":{"rendered":"<h4>Masque de visage en neoprene<\/h4>\n<p>Port de masque obligatoire ? Voici un mod\u00e8le \u00e9conomique: \u00e0 l&#8217;aspect d&#8217;un masque ordinaire il s&#8217;agit en v\u00e9rit\u00e9 d&#8217;un vrai mod\u00e8le fetish an neoprene perfor\u00e9 avec une \u00e9paisseur de 1,5 mm. Bien entendu ceci n&#8217;est point une mod\u00e8le m\u00e9dical qui prot\u00e9ique \u00e0 100% mais il moule bien ton visage et te fera oublier le monde. Ca. 13 cm x 20 cm. Taille unique.<\/p>\n","protected":false},"featured_media":10681,"comment_status":"open","ping_status":"closed","template":"","meta":[],"product_brand":[],"product_cat":[700,732],"product_tag":[],"class_list":{"0":"post-10715","1":"product","2":"type-product","3":"status-publish","4":"has-post-thumbnail","6":"product_cat-cagoules-etc","7":"product_cat-best-seller","8":"product_shipping_class-lettre","10":"first","11":"instock","12":"taxable","13":"shipping-taxable","14":"purchasable","15":"product-type-variable"},"_links":{"self":[{"href":"https:\/\/www.hml-fetish.de\/shop\/fr\/wp-json\/wp\/v2\/product\/10715","targetHints":{"allow":["GET"]}}],"collection":[{"href":"https:\/\/www.hml-fetish.de\/shop\/fr\/wp-json\/wp\/v2\/product"}],"about":[{"href":"https:\/\/www.hml-fetish.de\/shop\/fr\/wp-json\/wp\/v2\/types\/product"}],"replies":[{"embeddable":true,"href":"https:\/\/www.hml-fetish.de\/shop\/fr\/wp-json\/wp\/v2\/comments?post=10715"}],"version-history":[{"count":0,"href":"https:\/\/www.hml-fetish.de\/shop\/fr\/wp-json\/wp\/v2\/product\/10715\/revisions"}],"wp:featuredmedia":[{"embeddable":true,"href":"https:\/\/www.hml-fetish.de\/shop\/fr\/wp-json\/wp\/v2\/media\/10681"}],"wp:attachment":[{"href":"https:\/\/www.hml-fetish.de\/shop\/fr\/wp-json\/wp\/v2\/media?parent=10715"}],"wp:term":[{"taxonomy":"product_brand","embeddable":true,"href":"https:\/\/www.hml-fetish.de\/shop\/fr\/wp-json\/wp\/v2\/product_brand?post=10715"},{"taxonomy":"product_cat","embeddable":true,"href":"https:\/\/www.hml-fetish.de\/shop\/fr\/wp-json\/wp\/v2\/product_cat?post=10715"},{"taxonomy":"product_tag","embeddable":true,"href":"https:\/\/www.hml-fetish.de\/shop\/fr\/wp-json\/wp\/v2\/product_tag?post=10715"}],"curies":[{"name":"wp","href":"https:\/\/api.w.org\/{rel}","templated":true}]}}