{"id":10660,"date":"2022-01-23T22:56:01","date_gmt":"2022-01-23T21:56:01","guid":{"rendered":"https:\/\/www.hml-fetish.de\/shop\/suce-tetons-en-latex\/"},"modified":"2022-01-23T22:56:01","modified_gmt":"2022-01-23T21:56:01","slug":"suce-tetons-en-latex","status":"publish","type":"product","link":"https:\/\/www.hml-fetish.de\/shop\/fr\/suce-tetons-en-latex\/","title":{"rendered":"Suce tetons en latex"},"content":{"rendered":"<p>Mouille-les, serre-les bien et place-les sur les t\u00e9tons. Tu vas \u00eatre surpris ! Une paire de chaque taille : S (16mm de diam\u00e8tre int\u00e9rieur), M (19mm), L (22mm), XL (25mm).<\/p>\n","protected":false},"excerpt":{"rendered":"<h4>Suce tetons en latex<\/h4>\n<p>Mouille-les, serre-les bien et place-les sur les t\u00e9tons. Tu vas \u00eatre surpris ! Une paire de chaque taille : S (16mm de diam\u00e8tre int\u00e9rieur), M (19mm), L (22mm), XL (25mm).<\/p>\n","protected":false},"featured_media":10631,"comment_status":"open","ping_status":"closed","template":"","meta":[],"product_brand":[],"product_cat":[624,732,694,696],"product_tag":[],"class_list":{"0":"post-10660","1":"product","2":"type-product","3":"status-publish","4":"has-post-thumbnail","6":"product_cat-accessoires-en-latex","7":"product_cat-best-seller","8":"product_cat-medical","9":"product_cat-tetons","10":"product_shipping_class-lettre","12":"first","13":"instock","14":"taxable","15":"shipping-taxable","16":"purchasable","17":"product-type-variable"},"_links":{"self":[{"href":"https:\/\/www.hml-fetish.de\/shop\/fr\/wp-json\/wp\/v2\/product\/10660","targetHints":{"allow":["GET"]}}],"collection":[{"href":"https:\/\/www.hml-fetish.de\/shop\/fr\/wp-json\/wp\/v2\/product"}],"about":[{"href":"https:\/\/www.hml-fetish.de\/shop\/fr\/wp-json\/wp\/v2\/types\/product"}],"replies":[{"embeddable":true,"href":"https:\/\/www.hml-fetish.de\/shop\/fr\/wp-json\/wp\/v2\/comments?post=10660"}],"version-history":[{"count":0,"href":"https:\/\/www.hml-fetish.de\/shop\/fr\/wp-json\/wp\/v2\/product\/10660\/revisions"}],"wp:featuredmedia":[{"embeddable":true,"href":"https:\/\/www.hml-fetish.de\/shop\/fr\/wp-json\/wp\/v2\/media\/10631"}],"wp:attachment":[{"href":"https:\/\/www.hml-fetish.de\/shop\/fr\/wp-json\/wp\/v2\/media?parent=10660"}],"wp:term":[{"taxonomy":"product_brand","embeddable":true,"href":"https:\/\/www.hml-fetish.de\/shop\/fr\/wp-json\/wp\/v2\/product_brand?post=10660"},{"taxonomy":"product_cat","embeddable":true,"href":"https:\/\/www.hml-fetish.de\/shop\/fr\/wp-json\/wp\/v2\/product_cat?post=10660"},{"taxonomy":"product_tag","embeddable":true,"href":"https:\/\/www.hml-fetish.de\/shop\/fr\/wp-json\/wp\/v2\/product_tag?post=10660"}],"curies":[{"name":"wp","href":"https:\/\/api.w.org\/{rel}","templated":true}]}}