{"id":10624,"date":"2022-01-23T22:56:01","date_gmt":"2022-01-23T21:56:01","guid":{"rendered":"https:\/\/www.hml-fetish.de\/shop\/ventouses-a-seins-opaques\/"},"modified":"2022-01-23T22:56:01","modified_gmt":"2022-01-23T21:56:01","slug":"ventouses-a-seins-opaques","status":"publish","type":"product","link":"https:\/\/www.hml-fetish.de\/shop\/fr\/ventouses-a-seins-opaques\/","title":{"rendered":"Ventouses \u00e0 seins opaques"},"content":{"rendered":"<p>Ventouses \u00e0 seins opaque pour d\u00e9veloper la sensibilit\u00e9 et grossir la taille des t\u00e9tons. Existe en 4 tailles (choisissez dans la liste).<br \/>\n<BR>S avec diam\u00e8tre interieur : 20 millim\u00e8tres<br \/>\n<BR>M avec diam\u00e8tre interieur : 28 millim\u00e8tres<br \/>\n<BR>L avec diam\u00e8tre interieur : 39 millim\u00e8tres<br \/>\n<BR>XL avec diam\u00e8tre interieur : 50 millim\u00e8tres<\/p>\n","protected":false},"excerpt":{"rendered":"<h4>Ventouses \u00e0 seins opaques<\/h4>\n<p>Ventouses \u00e0 seins opaque pour d\u00e9veloper la sensibilit\u00e9 et grossir la taille des t\u00e9tons. Existe en 4 tailles (choisissez dans la liste).<br \/>\n<BR>S avec diam\u00e8tre interieur : 20 millim\u00e8tres<br \/>\n<BR>M avec diam\u00e8tre interieur : 28 millim\u00e8tres<br \/>\n<BR>L avec diam\u00e8tre interieur : 39 millim\u00e8tres<br \/>\n<BR>XL avec diam\u00e8tre interieur : 50 millim\u00e8tres<\/p>\n","protected":false},"featured_media":10605,"comment_status":"open","ping_status":"closed","template":"","meta":[],"product_brand":[],"product_cat":[732,694,696],"product_tag":[],"class_list":{"0":"post-10624","1":"product","2":"type-product","3":"status-publish","4":"has-post-thumbnail","6":"product_cat-best-seller","7":"product_cat-medical","8":"product_cat-tetons","9":"product_shipping_class-lettre","11":"first","12":"instock","13":"taxable","14":"shipping-taxable","15":"purchasable","16":"product-type-variable"},"_links":{"self":[{"href":"https:\/\/www.hml-fetish.de\/shop\/fr\/wp-json\/wp\/v2\/product\/10624","targetHints":{"allow":["GET"]}}],"collection":[{"href":"https:\/\/www.hml-fetish.de\/shop\/fr\/wp-json\/wp\/v2\/product"}],"about":[{"href":"https:\/\/www.hml-fetish.de\/shop\/fr\/wp-json\/wp\/v2\/types\/product"}],"replies":[{"embeddable":true,"href":"https:\/\/www.hml-fetish.de\/shop\/fr\/wp-json\/wp\/v2\/comments?post=10624"}],"version-history":[{"count":0,"href":"https:\/\/www.hml-fetish.de\/shop\/fr\/wp-json\/wp\/v2\/product\/10624\/revisions"}],"wp:featuredmedia":[{"embeddable":true,"href":"https:\/\/www.hml-fetish.de\/shop\/fr\/wp-json\/wp\/v2\/media\/10605"}],"wp:attachment":[{"href":"https:\/\/www.hml-fetish.de\/shop\/fr\/wp-json\/wp\/v2\/media?parent=10624"}],"wp:term":[{"taxonomy":"product_brand","embeddable":true,"href":"https:\/\/www.hml-fetish.de\/shop\/fr\/wp-json\/wp\/v2\/product_brand?post=10624"},{"taxonomy":"product_cat","embeddable":true,"href":"https:\/\/www.hml-fetish.de\/shop\/fr\/wp-json\/wp\/v2\/product_cat?post=10624"},{"taxonomy":"product_tag","embeddable":true,"href":"https:\/\/www.hml-fetish.de\/shop\/fr\/wp-json\/wp\/v2\/product_tag?post=10624"}],"curies":[{"name":"wp","href":"https:\/\/api.w.org\/{rel}","templated":true}]}}