{"id":10597,"date":"2022-01-23T22:56:01","date_gmt":"2022-01-23T21:56:01","guid":{"rendered":"https:\/\/www.hml-fetish.de\/shop\/bundeswehr-t-shirt\/"},"modified":"2022-01-23T22:56:01","modified_gmt":"2022-01-23T21:56:01","slug":"bundeswehr-t-shirt","status":"publish","type":"product","link":"https:\/\/www.hml-fetish.de\/shop\/fr\/bundeswehr-t-shirt\/","title":{"rendered":"Bundeswehr T-Shirt"},"content":{"rendered":"<p>Le T-shirt original utilis\u00e9 par la Bundeswehr. D&#8217;une qualit\u00e9 exceptionnelle. Il est tr\u00e8s r\u00e9sistant. Vert olive et brun, tailles S, M, L, XL et XXL.<br \/>\n<BR><BR><img decoding=\"async\" src=\"\/GIF\/sizefr_unisex_sp.gif\" alt=\"tableau des tailles\" title=\"tableau des tailles\" border=\"0\" height=\"194\" width=\"114\"><\/p>\n","protected":false},"excerpt":{"rendered":"<h4>Bundeswehr T-Shirt<\/h4>\n<p>Le T-shirt original utilis\u00e9 par la Bundeswehr. D&#8217;une qualit\u00e9 exceptionnelle. Il est tr\u00e8s r\u00e9sistant. Vert olive et brun, tailles S, M, L, XL et XXL.<\/p>\n","protected":false},"featured_media":10576,"comment_status":"open","ping_status":"closed","template":"","meta":[],"product_brand":[],"product_cat":[630,732,658],"product_tag":[4381],"class_list":{"0":"post-10597","1":"product","2":"type-product","3":"status-publish","4":"has-post-thumbnail","6":"product_cat-vetements-army","7":"product_cat-best-seller","8":"product_cat-t-shirts-debardeurs","9":"product_tag-best-seller-fetiche","10":"product_shipping_class-lettre","12":"first","13":"instock","14":"sale","15":"taxable","16":"shipping-taxable","17":"purchasable","18":"product-type-variable"},"_links":{"self":[{"href":"https:\/\/www.hml-fetish.de\/shop\/fr\/wp-json\/wp\/v2\/product\/10597","targetHints":{"allow":["GET"]}}],"collection":[{"href":"https:\/\/www.hml-fetish.de\/shop\/fr\/wp-json\/wp\/v2\/product"}],"about":[{"href":"https:\/\/www.hml-fetish.de\/shop\/fr\/wp-json\/wp\/v2\/types\/product"}],"replies":[{"embeddable":true,"href":"https:\/\/www.hml-fetish.de\/shop\/fr\/wp-json\/wp\/v2\/comments?post=10597"}],"version-history":[{"count":0,"href":"https:\/\/www.hml-fetish.de\/shop\/fr\/wp-json\/wp\/v2\/product\/10597\/revisions"}],"wp:featuredmedia":[{"embeddable":true,"href":"https:\/\/www.hml-fetish.de\/shop\/fr\/wp-json\/wp\/v2\/media\/10576"}],"wp:attachment":[{"href":"https:\/\/www.hml-fetish.de\/shop\/fr\/wp-json\/wp\/v2\/media?parent=10597"}],"wp:term":[{"taxonomy":"product_brand","embeddable":true,"href":"https:\/\/www.hml-fetish.de\/shop\/fr\/wp-json\/wp\/v2\/product_brand?post=10597"},{"taxonomy":"product_cat","embeddable":true,"href":"https:\/\/www.hml-fetish.de\/shop\/fr\/wp-json\/wp\/v2\/product_cat?post=10597"},{"taxonomy":"product_tag","embeddable":true,"href":"https:\/\/www.hml-fetish.de\/shop\/fr\/wp-json\/wp\/v2\/product_tag?post=10597"}],"curies":[{"name":"wp","href":"https:\/\/api.w.org\/{rel}","templated":true}]}}