{"id":10401,"date":"2022-01-23T22:56:25","date_gmt":"2022-01-23T21:56:25","guid":{"rendered":"https:\/\/www.hml-fetish.de\/shop\/debardeur-pig\/"},"modified":"2022-01-23T22:56:25","modified_gmt":"2022-01-23T21:56:25","slug":"debardeur-pig","status":"publish","type":"product","link":"https:\/\/www.hml-fetish.de\/shop\/fr\/debardeur-pig\/","title":{"rendered":"D\u00e9bardeur Pig"},"content":{"rendered":"<p>Un d\u00e9bardeur de marque de Hanes. Coton finement peign\u00e9 dans une teinte gris-olive. Qualit\u00e9 sup\u00e9rieure. Avec impression flex et petit cochon dans la couleur de ton code. Fin de s\u00e9rie.<BR><img decoding=\"async\" src=\"\/GIF\/sizefr_unisex_sp.gif\" alt=\"tableau des tailles\" title=\"tableau des tailles\" border=\"0\" height=\"194\" width=\"114\"><\/p>\n","protected":false},"excerpt":{"rendered":"<h4>D\u00e9bardeur Pig<\/h4>\n<p>Un d\u00e9bardeur de marque de Hanes. Coton finement peign\u00e9 dans une teinte gris-olive. Qualit\u00e9 sup\u00e9rieure. Avec impression flex et petit cochon dans la couleur de ton code. Fin de s\u00e9rie.<\/p>\n","protected":false},"featured_media":10355,"comment_status":"open","ping_status":"closed","template":"","meta":[],"product_brand":[],"product_cat":[752,734,658,630],"product_tag":[],"class_list":{"0":"post-10401","1":"product","2":"type-product","3":"status-publish","4":"has-post-thumbnail","6":"product_cat-fin-de-serie","7":"product_cat-promotion","8":"product_cat-t-shirts-debardeurs","9":"product_cat-vetements-army","10":"product_shipping_class-lettre","12":"first","13":"instock","14":"sale","15":"taxable","16":"shipping-taxable","17":"purchasable","18":"product-type-variable"},"_links":{"self":[{"href":"https:\/\/www.hml-fetish.de\/shop\/fr\/wp-json\/wp\/v2\/product\/10401","targetHints":{"allow":["GET"]}}],"collection":[{"href":"https:\/\/www.hml-fetish.de\/shop\/fr\/wp-json\/wp\/v2\/product"}],"about":[{"href":"https:\/\/www.hml-fetish.de\/shop\/fr\/wp-json\/wp\/v2\/types\/product"}],"replies":[{"embeddable":true,"href":"https:\/\/www.hml-fetish.de\/shop\/fr\/wp-json\/wp\/v2\/comments?post=10401"}],"version-history":[{"count":0,"href":"https:\/\/www.hml-fetish.de\/shop\/fr\/wp-json\/wp\/v2\/product\/10401\/revisions"}],"wp:featuredmedia":[{"embeddable":true,"href":"https:\/\/www.hml-fetish.de\/shop\/fr\/wp-json\/wp\/v2\/media\/10355"}],"wp:attachment":[{"href":"https:\/\/www.hml-fetish.de\/shop\/fr\/wp-json\/wp\/v2\/media?parent=10401"}],"wp:term":[{"taxonomy":"product_brand","embeddable":true,"href":"https:\/\/www.hml-fetish.de\/shop\/fr\/wp-json\/wp\/v2\/product_brand?post=10401"},{"taxonomy":"product_cat","embeddable":true,"href":"https:\/\/www.hml-fetish.de\/shop\/fr\/wp-json\/wp\/v2\/product_cat?post=10401"},{"taxonomy":"product_tag","embeddable":true,"href":"https:\/\/www.hml-fetish.de\/shop\/fr\/wp-json\/wp\/v2\/product_tag?post=10401"}],"curies":[{"name":"wp","href":"https:\/\/api.w.org\/{rel}","templated":true}]}}