{"id":10339,"date":"2022-01-23T22:56:25","date_gmt":"2022-01-23T21:56:25","guid":{"rendered":"https:\/\/www.hml-fetish.de\/shop\/sweat-a-capuche\/"},"modified":"2022-01-23T22:56:25","modified_gmt":"2022-01-23T21:56:25","slug":"sweat-a-capuche","status":"publish","type":"product","link":"https:\/\/www.hml-fetish.de\/shop\/fr\/sweat-a-capuche\/","title":{"rendered":"Sweat \u00e0 capuche"},"content":{"rendered":"<p>T-shirts \u00e0 capuche de bonne qualit\u00e9, ni trop fins ni trop chauds. Avec des poignets et une taille en tricot \u00e9lastique. Pour la capuche (avec cordon de serrage), le mat\u00e9riau est doubl\u00e9, de sorte qu&#8217;il montre aussi le haut du tissu \u00e0 l&#8217;int\u00e9rieur. L&#8217;int\u00e9rieur des sweats est gratt\u00e9. Poches kangourou \u00e0 l&#8217;avant. En noir et en cambouis, 100 % coton.<br \/>\n<BR><img decoding=\"async\" src=\"\/GIF\/sizefr_unisex_up.gif\" alt=\"tableau des tailles\" title=\"tableau des tailles\" border=\"0\" height=\"194\" width=\"114\"><\/p>\n","protected":false},"excerpt":{"rendered":"<h4>Sweat \u00e0 capuche<\/h4>\n<p>T-shirts \u00e0 capuche de bonne qualit\u00e9, ni trop fins ni trop chauds. Avec des poignets et une taille en tricot \u00e9lastique. Pour la capuche (avec cordon de serrage), le mat\u00e9riau est doubl\u00e9, de sorte qu&#8217;il montre aussi le haut du tissu \u00e0 l&#8217;int\u00e9rieur. L&#8217;int\u00e9rieur des sweats est gratt\u00e9. Poches kangourou \u00e0 l&#8217;avant. En noir et en cambouis, 100 % coton.<\/p>\n","protected":false},"featured_media":10294,"comment_status":"open","ping_status":"closed","template":"","meta":[],"product_brand":[],"product_cat":[752,734,658,638,630],"product_tag":[],"class_list":{"0":"post-10339","1":"product","2":"type-product","3":"status-publish","4":"has-post-thumbnail","6":"product_cat-fin-de-serie","7":"product_cat-promotion","8":"product_cat-t-shirts-debardeurs","9":"product_cat-vetements","10":"product_cat-vetements-army","11":"product_shipping_class-colis-fr","13":"first","14":"instock","15":"sale","16":"taxable","17":"shipping-taxable","18":"purchasable","19":"product-type-variable"},"_links":{"self":[{"href":"https:\/\/www.hml-fetish.de\/shop\/fr\/wp-json\/wp\/v2\/product\/10339","targetHints":{"allow":["GET"]}}],"collection":[{"href":"https:\/\/www.hml-fetish.de\/shop\/fr\/wp-json\/wp\/v2\/product"}],"about":[{"href":"https:\/\/www.hml-fetish.de\/shop\/fr\/wp-json\/wp\/v2\/types\/product"}],"replies":[{"embeddable":true,"href":"https:\/\/www.hml-fetish.de\/shop\/fr\/wp-json\/wp\/v2\/comments?post=10339"}],"version-history":[{"count":0,"href":"https:\/\/www.hml-fetish.de\/shop\/fr\/wp-json\/wp\/v2\/product\/10339\/revisions"}],"wp:featuredmedia":[{"embeddable":true,"href":"https:\/\/www.hml-fetish.de\/shop\/fr\/wp-json\/wp\/v2\/media\/10294"}],"wp:attachment":[{"href":"https:\/\/www.hml-fetish.de\/shop\/fr\/wp-json\/wp\/v2\/media?parent=10339"}],"wp:term":[{"taxonomy":"product_brand","embeddable":true,"href":"https:\/\/www.hml-fetish.de\/shop\/fr\/wp-json\/wp\/v2\/product_brand?post=10339"},{"taxonomy":"product_cat","embeddable":true,"href":"https:\/\/www.hml-fetish.de\/shop\/fr\/wp-json\/wp\/v2\/product_cat?post=10339"},{"taxonomy":"product_tag","embeddable":true,"href":"https:\/\/www.hml-fetish.de\/shop\/fr\/wp-json\/wp\/v2\/product_tag?post=10339"}],"curies":[{"name":"wp","href":"https:\/\/api.w.org\/{rel}","templated":true}]}}