{"id":10243,"date":"2022-01-23T22:56:26","date_gmt":"2022-01-23T21:56:26","guid":{"rendered":"https:\/\/www.hml-fetish.de\/shop\/masque-de-visage-en-cuir\/"},"modified":"2022-01-23T22:56:26","modified_gmt":"2022-01-23T21:56:26","slug":"masque-de-visage-en-cuir","status":"publish","type":"product","link":"https:\/\/www.hml-fetish.de\/shop\/fr\/masque-de-visage-en-cuir\/","title":{"rendered":"Masque de visage en cuir"},"content":{"rendered":"<p>Par les temps qui courent, il faut absolument se faire plaisir. Et voil\u00e0: Corona goes fetish! Bien entendu, ce masque n&#8217;est ni m\u00e9dical ni te prot\u00e9gera-t-il du virus MAIS il est absolument hot! Tysk Berlin vient de d\u00e9cliner le mod\u00e8le de chirurgien en cuir noir, doux, souple et luisant pour un look cuir mega m\u00eame en tenue de sport ou jeans\/t-shirt.<br \/>\n<BR>La zone de la bouche mesure environ 10-15 cm x 20 cm de haut et de large. Ce masque tranchant existe en deux versions : avec des lani\u00e8res en cuir en deux tailles et avec un \u00e9lastique en une taille universelle.<br \/>\n<BR><a href=\"https:\/\/tysk.berlin\/\" target=\"_blank\" rel=\"noopener\"><img decoding=\"async\" title=\"Tysk Berlin\" src=\"\/GIF\/tysk.png\" alt=\"Tysk Berlin\" width=\"340\" height=\"112\" \/><\/a><\/p>\n","protected":false},"excerpt":{"rendered":"<h4>Masque de visage en cuir<\/h4>\n<p>Par les temps qui courent, il faut absolument se faire plaisir. Et voil\u00e0: Corona goes fetish! Bien entendu, ce masque n&#8217;est ni m\u00e9dical ni te prot\u00e9gera-t-il du virus MAIS il est absolument hot! Tysk Berlin vient de d\u00e9cliner le mod\u00e8le de chirurgien en cuir noir, doux, souple et luisant pour un look cuir mega m\u00eame en tenue de sport ou jeans\/t-shirt.<\/p>\n","protected":false},"featured_media":10223,"comment_status":"open","ping_status":"closed","template":"","meta":[],"product_brand":[],"product_cat":[606,599,732,700,726],"product_tag":[4400,1991,1990],"class_list":{"0":"post-10243","1":"product","2":"type-product","3":"status-publish","4":"has-post-thumbnail","6":"product_cat-accessoires-fr-2-fr","7":"product_cat-attaches-en-cuir","8":"product_cat-best-seller","9":"product_cat-cagoules-etc","10":"product_cat-divers","11":"product_tag-hml-fetish-original-fr","12":"product_tag-masque-corona-en-cuir","13":"product_tag-tysk-cuir-berlin","14":"product_shipping_class-lettre","16":"first","17":"instock","18":"taxable","19":"shipping-taxable","20":"purchasable","21":"product-type-variable"},"_links":{"self":[{"href":"https:\/\/www.hml-fetish.de\/shop\/fr\/wp-json\/wp\/v2\/product\/10243","targetHints":{"allow":["GET"]}}],"collection":[{"href":"https:\/\/www.hml-fetish.de\/shop\/fr\/wp-json\/wp\/v2\/product"}],"about":[{"href":"https:\/\/www.hml-fetish.de\/shop\/fr\/wp-json\/wp\/v2\/types\/product"}],"replies":[{"embeddable":true,"href":"https:\/\/www.hml-fetish.de\/shop\/fr\/wp-json\/wp\/v2\/comments?post=10243"}],"version-history":[{"count":0,"href":"https:\/\/www.hml-fetish.de\/shop\/fr\/wp-json\/wp\/v2\/product\/10243\/revisions"}],"wp:featuredmedia":[{"embeddable":true,"href":"https:\/\/www.hml-fetish.de\/shop\/fr\/wp-json\/wp\/v2\/media\/10223"}],"wp:attachment":[{"href":"https:\/\/www.hml-fetish.de\/shop\/fr\/wp-json\/wp\/v2\/media?parent=10243"}],"wp:term":[{"taxonomy":"product_brand","embeddable":true,"href":"https:\/\/www.hml-fetish.de\/shop\/fr\/wp-json\/wp\/v2\/product_brand?post=10243"},{"taxonomy":"product_cat","embeddable":true,"href":"https:\/\/www.hml-fetish.de\/shop\/fr\/wp-json\/wp\/v2\/product_cat?post=10243"},{"taxonomy":"product_tag","embeddable":true,"href":"https:\/\/www.hml-fetish.de\/shop\/fr\/wp-json\/wp\/v2\/product_tag?post=10243"}],"curies":[{"name":"wp","href":"https:\/\/api.w.org\/{rel}","templated":true}]}}