{"id":10216,"date":"2022-01-23T22:56:27","date_gmt":"2022-01-23T21:56:27","guid":{"rendered":"https:\/\/www.hml-fetish.de\/shop\/masque-en-cuir\/"},"modified":"2022-01-23T22:56:27","modified_gmt":"2022-01-23T21:56:27","slug":"masque-en-cuir","status":"publish","type":"product","link":"https:\/\/www.hml-fetish.de\/shop\/fr\/masque-en-cuir\/","title":{"rendered":"Masque en cuir"},"content":{"rendered":"<p>Port de masque obligatoire? Avec ce dernier n\u00e9 de chez Tysk c&#8217;est sans doute une id\u00e9e bien bandante. Bien entendu, ce masque n&#8217;est ni m\u00e9dical ni te prot\u00e9gera-t-il du virus MAIS il est absolument hot et moule le visage bien plus que son homologue de type chirurgical. Le cuir est ultra fin, doux et a bien de quoi fantasmer.<br \/>\n<\/P><P>La zone de la bouche mesure environ 10-15 cm x 20 cm de haut et de large. Ce masque tranchant existe en deux versions : avec des lani\u00e8res en cuir en deux tailles et avec un \u00e9lastique en une taille universelle.<\/p>\n<p><a href=\"https:\/\/tysk.berlin\/\" target=\"_blank\" rel=\"noopener\"><img decoding=\"async\" title=\"Tysk Berlin\" src=\"\/GIF\/tysk.png\" alt=\"Tysk Berlin\" width=\"340\" height=\"112\" \/><\/a><\/p>\n","protected":false},"excerpt":{"rendered":"<h4>Masque en cuir<\/h4>\n<p>Port de masque obligatoire? Avec ce dernier n\u00e9 de chez Tysk c&#8217;est sans doute une id\u00e9e bien bandante. Bien entendu, ce masque n&#8217;est ni m\u00e9dical ni te prot\u00e9gera-t-il du virus MAIS il est absolument hot et moule le visage bien plus que son homologue de type chirurgical. Le cuir est ultra fin, doux et a bien de quoi fantasmer.<\/p>\n","protected":false},"featured_media":10203,"comment_status":"open","ping_status":"closed","template":"","meta":[],"product_brand":[],"product_cat":[606,599,732,700,736],"product_tag":[4400,1991,1990],"class_list":{"0":"post-10216","1":"product","2":"type-product","3":"status-publish","4":"has-post-thumbnail","6":"product_cat-accessoires-fr-2-fr","7":"product_cat-attaches-en-cuir","8":"product_cat-best-seller","9":"product_cat-cagoules-etc","10":"product_cat-nouveau-hml","11":"product_tag-hml-fetish-original-fr","12":"product_tag-masque-corona-en-cuir","13":"product_tag-tysk-cuir-berlin","14":"product_shipping_class-lettre","16":"first","17":"instock","18":"taxable","19":"shipping-taxable","20":"purchasable","21":"product-type-variable"},"_links":{"self":[{"href":"https:\/\/www.hml-fetish.de\/shop\/fr\/wp-json\/wp\/v2\/product\/10216","targetHints":{"allow":["GET"]}}],"collection":[{"href":"https:\/\/www.hml-fetish.de\/shop\/fr\/wp-json\/wp\/v2\/product"}],"about":[{"href":"https:\/\/www.hml-fetish.de\/shop\/fr\/wp-json\/wp\/v2\/types\/product"}],"replies":[{"embeddable":true,"href":"https:\/\/www.hml-fetish.de\/shop\/fr\/wp-json\/wp\/v2\/comments?post=10216"}],"version-history":[{"count":0,"href":"https:\/\/www.hml-fetish.de\/shop\/fr\/wp-json\/wp\/v2\/product\/10216\/revisions"}],"wp:featuredmedia":[{"embeddable":true,"href":"https:\/\/www.hml-fetish.de\/shop\/fr\/wp-json\/wp\/v2\/media\/10203"}],"wp:attachment":[{"href":"https:\/\/www.hml-fetish.de\/shop\/fr\/wp-json\/wp\/v2\/media?parent=10216"}],"wp:term":[{"taxonomy":"product_brand","embeddable":true,"href":"https:\/\/www.hml-fetish.de\/shop\/fr\/wp-json\/wp\/v2\/product_brand?post=10216"},{"taxonomy":"product_cat","embeddable":true,"href":"https:\/\/www.hml-fetish.de\/shop\/fr\/wp-json\/wp\/v2\/product_cat?post=10216"},{"taxonomy":"product_tag","embeddable":true,"href":"https:\/\/www.hml-fetish.de\/shop\/fr\/wp-json\/wp\/v2\/product_tag?post=10216"}],"curies":[{"name":"wp","href":"https:\/\/api.w.org\/{rel}","templated":true}]}}