{"id":10193,"date":"2022-01-23T22:56:27","date_gmt":"2022-01-23T21:56:27","guid":{"rendered":"https:\/\/www.hml-fetish.de\/shop\/3-cm-bracelet-en-cuir\/"},"modified":"2025-01-15T17:46:08","modified_gmt":"2025-01-15T16:46:08","slug":"3-cm-bracelet-en-cuir","status":"publish","type":"product","link":"https:\/\/www.hml-fetish.de\/shop\/fr\/3-cm-bracelet-en-cuir\/","title":{"rendered":"3 cm Bracelet en cuir"},"content":{"rendered":"<p>Bracelet en cuir compos\u00e9 de deux couches de cuir de b\u0153uf, piqu\u00e9 sur le pourtour. Avec boutons-pression inoxydables et sans nickel. Disponible dans les tailles XS, S, M, L, XL et XXL. Conseil : les tailles plus petites s&#8217;adaptent \u00e9galement autour d&#8217;autres parties du corps.<\/p>\n<p><img decoding=\"async\" src=\"\/GIF\/sizefr_UA.gif\" alt=\"tableau des tailles\" title=\"tableau des tailles\" border=\"0\" height=\"189\" width=\"122\"><\/p>\n<p><P><B>S\u00e9curit\u00e9 du produit:<\/B><BR>.<br \/>\nIndication d&#8217;allergie : Mat\u00e9riau cuir de vachette, les parties m\u00e9talliques en contact avec la peau sont exemptes de rouille et de nickel<BR>.<br \/>\nPersonne responsable<BR><br \/>\nHML, propri\u00e9taire Dr. Detlef Moller<BR><br \/>\nNeukirchstra\u00dfe 18<BR><br \/>\n28215 Br\u00eame<BR><br \/>\nAllemagne<BR><br \/>\ninfo@hml-fetish.de<\/P><\/p>\n","protected":false},"excerpt":{"rendered":"<h4>3 cm Bracelet en cuir<\/h4>\n<p>Bracelet en cuir compos\u00e9 de deux couches de cuir de b\u0153uf, piqu\u00e9 sur le pourtour. Avec boutons-pression inoxydables et sans nickel. Disponible dans les tailles XS, S, M, L, XL et XXL. Conseil : les tailles plus petites s&#8217;adaptent \u00e9galement autour d&#8217;autres parties du corps.<\/p>\n","protected":false},"featured_media":10167,"comment_status":"open","ping_status":"closed","template":"","meta":[],"product_brand":[],"product_cat":[606,604],"product_tag":[4400],"class_list":{"0":"post-10193","1":"product","2":"type-product","3":"status-publish","4":"has-post-thumbnail","6":"product_cat-accessoires-fr-2-fr","7":"product_cat-bracelets","8":"product_tag-hml-fetish-original-fr","9":"product_shipping_class-lettre","11":"first","12":"instock","13":"taxable","14":"shipping-taxable","15":"purchasable","16":"product-type-variable"},"_links":{"self":[{"href":"https:\/\/www.hml-fetish.de\/shop\/fr\/wp-json\/wp\/v2\/product\/10193","targetHints":{"allow":["GET"]}}],"collection":[{"href":"https:\/\/www.hml-fetish.de\/shop\/fr\/wp-json\/wp\/v2\/product"}],"about":[{"href":"https:\/\/www.hml-fetish.de\/shop\/fr\/wp-json\/wp\/v2\/types\/product"}],"replies":[{"embeddable":true,"href":"https:\/\/www.hml-fetish.de\/shop\/fr\/wp-json\/wp\/v2\/comments?post=10193"}],"version-history":[{"count":0,"href":"https:\/\/www.hml-fetish.de\/shop\/fr\/wp-json\/wp\/v2\/product\/10193\/revisions"}],"wp:featuredmedia":[{"embeddable":true,"href":"https:\/\/www.hml-fetish.de\/shop\/fr\/wp-json\/wp\/v2\/media\/10167"}],"wp:attachment":[{"href":"https:\/\/www.hml-fetish.de\/shop\/fr\/wp-json\/wp\/v2\/media?parent=10193"}],"wp:term":[{"taxonomy":"product_brand","embeddable":true,"href":"https:\/\/www.hml-fetish.de\/shop\/fr\/wp-json\/wp\/v2\/product_brand?post=10193"},{"taxonomy":"product_cat","embeddable":true,"href":"https:\/\/www.hml-fetish.de\/shop\/fr\/wp-json\/wp\/v2\/product_cat?post=10193"},{"taxonomy":"product_tag","embeddable":true,"href":"https:\/\/www.hml-fetish.de\/shop\/fr\/wp-json\/wp\/v2\/product_tag?post=10193"}],"curies":[{"name":"wp","href":"https:\/\/api.w.org\/{rel}","templated":true}]}}