{"id":10164,"date":"2022-01-23T22:56:27","date_gmt":"2022-01-23T21:56:27","guid":{"rendered":"https:\/\/www.hml-fetish.de\/shop\/bracelet-en-cuir-avec-ressort\/"},"modified":"2025-01-15T18:01:01","modified_gmt":"2025-01-15T17:01:01","slug":"bracelet-en-cuir-avec-ressort","status":"publish","type":"product","link":"https:\/\/www.hml-fetish.de\/shop\/fr\/bracelet-en-cuir-avec-ressort\/","title":{"rendered":"Bracelet en cuir avec ressort"},"content":{"rendered":"<p><P>\u00c7a claque: nous avons r\u00e9invent\u00e9 le bracelet! Tendu, il a l&#8217;aspect d&#8217;une simple d\u00e9coupe de cuir noir. Un coup l\u00e9ger sur ton poignet suff\u00eet pour d\u00e9tendre le ressort en son int\u00e9rieur et le bracelet l&#8217;encercle parfaitement. Taille unique tr\u00e8s confortable avec une largeur de 4 cm pour une longueur de 24 cm.<\/P><br \/>\n<P>Travaill\u00e9 en deux couches de cuir qui contiennent une lame en acier \u00e0 ressort. Coutures d\u00e9coratives en bleu et gris, il se pr\u00eate au look sport barcode comme au cuir int\u00e9gral.<br \/>\n<BR>Comment \u00e7a marche? Ici!<BR><iframe width=\"280\" height=\"158\" src=\"https:\/\/www.youtube.com\/embed\/auP4YiZlRZY\" frameborder=\"0\" allowfullscreen><\/iframe><\/P><br \/>\n<P><B>S\u00e9curit\u00e9 du produit:<\/B><BR>.<br \/>\nIndication d&#8217;allergie : Mat\u00e9riau cuir de vachette, les parties m\u00e9talliques en contact avec la peau sont exemptes de rouille et de nickel<BR>.<br \/>\nPersonne responsable<BR><br \/>\nHML, propri\u00e9taire Dr. Detlef Moller<BR><br \/>\nNeukirchstra\u00dfe 18<BR><br \/>\n28215 Br\u00eame<BR><br \/>\nAllemagne<BR><br \/>\ninfo@hml-fetish.de<\/P><\/p>\n","protected":false},"excerpt":{"rendered":"<h1>Bracelet en cuir avec ressort<\/h1>\n<p>\u00c7a claque: nous avons r\u00e9invent\u00e9 le bracelet! Tendu, il a l&#8217;aspect d&#8217;une simple d\u00e9coupe de cuir noir. Un coup l\u00e9ger sur ton poignet suff\u00eet pour d\u00e9tendre le ressort en son int\u00e9rieur et le bracelet l&#8217;encercle parfaitement. Taille unique tr\u00e8s confortable avec une largeur de 4 cm pour une longueur de 24 cm.<\/p>\n","protected":false},"featured_media":10141,"comment_status":"open","ping_status":"closed","template":"","meta":[],"product_brand":[],"product_cat":[634,732,604],"product_tag":[4400],"class_list":{"0":"post-10164","1":"product","2":"type-product","3":"status-publish","4":"has-post-thumbnail","6":"product_cat-accessoires-army","7":"product_cat-best-seller","8":"product_cat-bracelets","9":"product_tag-hml-fetish-original-fr","10":"product_shipping_class-lettre","12":"first","13":"instock","14":"taxable","15":"shipping-taxable","16":"purchasable","17":"product-type-simple"},"_links":{"self":[{"href":"https:\/\/www.hml-fetish.de\/shop\/fr\/wp-json\/wp\/v2\/product\/10164","targetHints":{"allow":["GET"]}}],"collection":[{"href":"https:\/\/www.hml-fetish.de\/shop\/fr\/wp-json\/wp\/v2\/product"}],"about":[{"href":"https:\/\/www.hml-fetish.de\/shop\/fr\/wp-json\/wp\/v2\/types\/product"}],"replies":[{"embeddable":true,"href":"https:\/\/www.hml-fetish.de\/shop\/fr\/wp-json\/wp\/v2\/comments?post=10164"}],"version-history":[{"count":0,"href":"https:\/\/www.hml-fetish.de\/shop\/fr\/wp-json\/wp\/v2\/product\/10164\/revisions"}],"wp:featuredmedia":[{"embeddable":true,"href":"https:\/\/www.hml-fetish.de\/shop\/fr\/wp-json\/wp\/v2\/media\/10141"}],"wp:attachment":[{"href":"https:\/\/www.hml-fetish.de\/shop\/fr\/wp-json\/wp\/v2\/media?parent=10164"}],"wp:term":[{"taxonomy":"product_brand","embeddable":true,"href":"https:\/\/www.hml-fetish.de\/shop\/fr\/wp-json\/wp\/v2\/product_brand?post=10164"},{"taxonomy":"product_cat","embeddable":true,"href":"https:\/\/www.hml-fetish.de\/shop\/fr\/wp-json\/wp\/v2\/product_cat?post=10164"},{"taxonomy":"product_tag","embeddable":true,"href":"https:\/\/www.hml-fetish.de\/shop\/fr\/wp-json\/wp\/v2\/product_tag?post=10164"}],"curies":[{"name":"wp","href":"https:\/\/api.w.org\/{rel}","templated":true}]}}