{"id":10108,"date":"2022-01-23T22:56:28","date_gmt":"2022-01-23T21:56:28","guid":{"rendered":"https:\/\/www.hml-fetish.de\/shop\/gauntlet-en-cuir-avec-lacage\/"},"modified":"2025-01-15T18:21:54","modified_gmt":"2025-01-15T17:21:54","slug":"gauntlet-en-cuir-avec-lacage","status":"publish","type":"product","link":"https:\/\/www.hml-fetish.de\/shop\/fr\/gauntlet-en-cuir-avec-lacage\/","title":{"rendered":"Gauntlet en cuir avec la\u00e7age"},"content":{"rendered":"<p>Gu\u00eatres pour l&#8217;avant-bras : \u00e9paisseur totale d&#8217;environ 3 mm, \u00e0 la fois souples et solides gr\u00e2ce \u00e0 notre traitement multicouche. Avec bordures sur tout le pourtour, \u0153illets sans nickel et lien en cuir pour le la\u00e7age.<br \/>\nChoisis la manchette de 115 mm de large ou celle d&#8217;environ 230 mm de largeur suppl\u00e9mentaire. Taille universelle. Pendant longtemps, ce type de manchettes n&#8217;\u00e9tait plus disponible. Aujourd&#8217;hui, elles sont de nouveau disponibles, dans la qualit\u00e9 qui a fait notre r\u00e9putation.<\/p>\n<p><P><B>S\u00e9curit\u00e9 du produit:<\/B><BR>.<br \/>\nIndication d&#8217;allergie : Mat\u00e9riau cuir de vachette, les parties m\u00e9talliques en contact avec la peau sont exemptes de rouille et de nickel<BR>.<br \/>\nPersonne responsable<BR><br \/>\nHML, propri\u00e9taire Dr. Detlef Moller<BR><br \/>\nNeukirchstra\u00dfe 18<BR><br \/>\n28215 Br\u00eame<BR><br \/>\nAllemagne<BR><br \/>\ninfo@hml-fetish.de<\/P><\/p>\n","protected":false},"excerpt":{"rendered":"<h4>Gauntlet en cuir avec la\u00e7age<\/h4>\n<p>Gu\u00eatres pour l&#8217;avant-bras : \u00e9paisseur totale d&#8217;environ 3 mm, \u00e0 la fois souples et solides gr\u00e2ce \u00e0 notre traitement multicouche. Avec bordures sur tout le pourtour, \u0153illets sans nickel et lien en cuir pour le la\u00e7age.<\/p>\n","protected":false},"featured_media":10089,"comment_status":"open","ping_status":"closed","template":"","meta":[],"product_brand":[],"product_cat":[634,732,604,726],"product_tag":[4400],"class_list":{"0":"post-10108","1":"product","2":"type-product","3":"status-publish","4":"has-post-thumbnail","6":"product_cat-accessoires-army","7":"product_cat-best-seller","8":"product_cat-bracelets","9":"product_cat-divers","10":"product_tag-hml-fetish-original-fr","11":"product_shipping_class-colis-fr","13":"first","14":"instock","15":"taxable","16":"shipping-taxable","17":"purchasable","18":"product-type-variable"},"_links":{"self":[{"href":"https:\/\/www.hml-fetish.de\/shop\/fr\/wp-json\/wp\/v2\/product\/10108","targetHints":{"allow":["GET"]}}],"collection":[{"href":"https:\/\/www.hml-fetish.de\/shop\/fr\/wp-json\/wp\/v2\/product"}],"about":[{"href":"https:\/\/www.hml-fetish.de\/shop\/fr\/wp-json\/wp\/v2\/types\/product"}],"replies":[{"embeddable":true,"href":"https:\/\/www.hml-fetish.de\/shop\/fr\/wp-json\/wp\/v2\/comments?post=10108"}],"version-history":[{"count":0,"href":"https:\/\/www.hml-fetish.de\/shop\/fr\/wp-json\/wp\/v2\/product\/10108\/revisions"}],"wp:featuredmedia":[{"embeddable":true,"href":"https:\/\/www.hml-fetish.de\/shop\/fr\/wp-json\/wp\/v2\/media\/10089"}],"wp:attachment":[{"href":"https:\/\/www.hml-fetish.de\/shop\/fr\/wp-json\/wp\/v2\/media?parent=10108"}],"wp:term":[{"taxonomy":"product_brand","embeddable":true,"href":"https:\/\/www.hml-fetish.de\/shop\/fr\/wp-json\/wp\/v2\/product_brand?post=10108"},{"taxonomy":"product_cat","embeddable":true,"href":"https:\/\/www.hml-fetish.de\/shop\/fr\/wp-json\/wp\/v2\/product_cat?post=10108"},{"taxonomy":"product_tag","embeddable":true,"href":"https:\/\/www.hml-fetish.de\/shop\/fr\/wp-json\/wp\/v2\/product_tag?post=10108"}],"curies":[{"name":"wp","href":"https:\/\/api.w.org\/{rel}","templated":true}]}}