{"id":10058,"date":"2022-01-23T22:56:28","date_gmt":"2022-01-23T21:56:28","guid":{"rendered":"https:\/\/www.hml-fetish.de\/shop\/manchettes-mini-en-cuir\/"},"modified":"2025-01-15T18:37:21","modified_gmt":"2025-01-15T17:37:21","slug":"manchettes-mini-en-cuir","status":"publish","type":"product","link":"https:\/\/www.hml-fetish.de\/shop\/fr\/manchettes-mini-en-cuir\/","title":{"rendered":"Manchettes mini en cuir"},"content":{"rendered":"<p>Notre mod\u00e8le au look Spartacus. Une plaque de base de forme sp\u00e9ciale, noire et large de 85 mm, est entour\u00e9e d&#8217;un ruban de cuir color\u00e9 de 19 mm de large. Tr\u00e8s masculin. Disponible dans les tailles S, M, L et XL et avec des lani\u00e8res en cuir dans les couleurs noir, jaune, rouge, bleu, ch\u00e8vre, vert fonc\u00e9 ou gris.<\/p>\n<p><img decoding=\"async\" src=\"\/GIF\/sizefr_UA.gif\" alt=\"tableau des tailles\" title=\"tableau des tailles\" border=\"0\" height=\"189\" width=\"122\"><\/p>\n<p><P><B>S\u00e9curit\u00e9 du produit:<\/B><BR>.<br \/>\nIndication d&#8217;allergie : Mat\u00e9riau cuir de vachette, les parties m\u00e9talliques en contact avec la peau sont exemptes de rouille et de nickel<BR>.<br \/>\nPersonne responsable<BR><br \/>\nHML, propri\u00e9taire Dr. Detlef Moller<BR><br \/>\nNeukirchstra\u00dfe 18<BR><br \/>\n28215 Br\u00eame<BR><br \/>\nAllemagne<BR><br \/>\ninfo@hml-fetish.de<\/P><\/p>\n","protected":false},"excerpt":{"rendered":"<h4>Manchettes mini en cuir<\/h4>\n<p>Notre mod\u00e8le au look Spartacus. Une plaque de base de forme sp\u00e9ciale, noire et large de 85 mm, est entour\u00e9e d&#8217;un ruban de cuir color\u00e9 de 19 mm de large. Tr\u00e8s masculin. Disponible dans les tailles S, M, L et XL et avec des lani\u00e8res en cuir dans les couleurs noir, jaune, rouge, bleu, ch\u00e8vre, vert fonc\u00e9 ou gris.<\/p>\n","protected":false},"featured_media":9981,"comment_status":"open","ping_status":"closed","template":"","meta":[],"product_brand":[],"product_cat":[606,732,604],"product_tag":[4400],"class_list":{"0":"post-10058","1":"product","2":"type-product","3":"status-publish","4":"has-post-thumbnail","6":"product_cat-accessoires-fr-2-fr","7":"product_cat-best-seller","8":"product_cat-bracelets","9":"product_tag-hml-fetish-original-fr","10":"product_shipping_class-lettre","12":"first","13":"instock","14":"taxable","15":"shipping-taxable","16":"purchasable","17":"product-type-variable"},"_links":{"self":[{"href":"https:\/\/www.hml-fetish.de\/shop\/fr\/wp-json\/wp\/v2\/product\/10058","targetHints":{"allow":["GET"]}}],"collection":[{"href":"https:\/\/www.hml-fetish.de\/shop\/fr\/wp-json\/wp\/v2\/product"}],"about":[{"href":"https:\/\/www.hml-fetish.de\/shop\/fr\/wp-json\/wp\/v2\/types\/product"}],"replies":[{"embeddable":true,"href":"https:\/\/www.hml-fetish.de\/shop\/fr\/wp-json\/wp\/v2\/comments?post=10058"}],"version-history":[{"count":0,"href":"https:\/\/www.hml-fetish.de\/shop\/fr\/wp-json\/wp\/v2\/product\/10058\/revisions"}],"wp:featuredmedia":[{"embeddable":true,"href":"https:\/\/www.hml-fetish.de\/shop\/fr\/wp-json\/wp\/v2\/media\/9981"}],"wp:attachment":[{"href":"https:\/\/www.hml-fetish.de\/shop\/fr\/wp-json\/wp\/v2\/media?parent=10058"}],"wp:term":[{"taxonomy":"product_brand","embeddable":true,"href":"https:\/\/www.hml-fetish.de\/shop\/fr\/wp-json\/wp\/v2\/product_brand?post=10058"},{"taxonomy":"product_cat","embeddable":true,"href":"https:\/\/www.hml-fetish.de\/shop\/fr\/wp-json\/wp\/v2\/product_cat?post=10058"},{"taxonomy":"product_tag","embeddable":true,"href":"https:\/\/www.hml-fetish.de\/shop\/fr\/wp-json\/wp\/v2\/product_tag?post=10058"}],"curies":[{"name":"wp","href":"https:\/\/api.w.org\/{rel}","templated":true}]}}