{"id":7535,"date":"2022-01-28T18:39:15","date_gmt":"2022-01-28T17:39:15","guid":{"rendered":"https:\/\/www.hml-fetish.de\/shop\/?page_id=7535"},"modified":"2026-03-26T12:41:27","modified_gmt":"2026-03-26T11:41:27","slug":"frais-de-port","status":"publish","type":"page","link":"https:\/\/www.hml-fetish.de\/shop\/fr\/frais-de-port\/","title":{"rendered":"Frais de port"},"content":{"rendered":"\n<figure style=\"padding-left: 40px; padding-right: 40px;\"><P>&nbsp;<\/P>\n\n\n\n<p><\/p>\n\n\n\n<p><strong>Les exp\u00e9ditions depuis l&#8217;UE vers les \u00c9tats-Unis sont suspendues jusqu&#8217;\u00e0 nouvel ordre.<\/strong><\/p>\n\n\n\n<h2 class=\"wp-block-heading\" id=\"frais-de-port\">Frais de port<\/h2>\n\n\n<div class=\"wp-block-image\">\n<figure class=\"alignright size-full is-resized\"><a href=\"https:\/\/www.hml-fetish.de\/shop\/fr\/\"><img fetchpriority=\"high\" decoding=\"async\" width=\"1400\" height=\"1363\" src=\"https:\/\/www.hml-fetish.de\/shop\/wp-content\/uploads\/2022\/01\/Logo-Webshop-Rand.gif\" alt=\"Frais de port\" class=\"wp-image-7385\" style=\"width:140px;height:136px\" title=\"Frais de port\"\/><\/a><\/figure>\n<\/div>\n\n\n<p>Les frais de port sont \u00e0 la charge du client et d\u00e9pendent du transporteur ainsi que de la destination.<\/p>\n\n\n\n<p>Nous ne proposons plus l&#8217;envoi par <a href=\"https:\/\/www.ups.fr\/\" target=\"_blank\" data-type=\"URL\" data-id=\"https:\/\/www.ups.fr\/\" rel=\"noreferrer noopener\">UPS<\/a> pour des raisons de co\u00fbts. Veuillez nous contacter pour conna\u00eetre les frais de livraison dans votre pays.<\/p>\n\n\n\n<p>Bien entendu, l&#8217;exp\u00e9dition dans des pays autres que ceux list\u00e9s ci-apr\u00e8s est possible. Contacte-nous pour des renseignements ult\u00e9rieurs.<\/p>\n\n\n\n<p>Voici la liste des frais de port vers ton pays:<\/p>\n\n\n\n<table>\n<thead>\n<tr>\n<th style=\"padding-left: 40px;\">Pays<\/th>\n<th>Envoi de colis Prix de base<\/th>\n<th>plus prix\/kilo<\/th>\n<th style=\"padding-right: 40px;\">Envoi de marchandises* (&lt;1kg)<\/th>\n<\/tr>\n<\/thead>\n<tbody>\n<tr>\n<td style=\"padding-left: 40px;\">Allemagne (DE)<\/td>\n<td>6,00 \u20ac<\/td>\n<td>ca. 0,50 \u20ac\/kg<\/td>\n<td style=\"padding-right: 40px;\">5,00 \u20ac<\/td>\n<\/tr>\n<tr>\n<td style=\"padding-left: 40px;\">Irlande, Espagne, Pologne, Portugal, Slovaquie, Slov\u00e9nie, BeNeLux, Danemark, R\u00e9publique tch\u00e8que, Autriche, France, Italie<\/td>\n<td>15,50 \u20ac<\/td>\n<td>1,00 \u20ac\/kg<\/td>\n<td style=\"padding-right: 40px;\">16,50 \u20ac<\/td>\n<\/tr>\n<tr>\n<td style=\"padding-left: 40px;\">Reste UE<\/td>\n<td>17,00 \u20ac<\/td>\n<td>1,20 \u20ac\/kg<\/td>\n<td style=\"padding-right: 40px;\">18,20 \u20ac<\/td>\n<\/tr>\n<tr>\n<td style=\"padding-left: 40px;\">Norv\u00e8ge, Suisse, Royaume-Uni, \u00eeles Canaries et Liechtenstein<\/td>\n<td>19,00 \u20ac<\/td>\n<td>1,50 \u20ac\/kg<\/td>\n<td style=\"padding-right: 40px;\">19,50 \u20ac<\/td>\n<\/tr>\n<tr>\n<td style=\"padding-left: 40px;\">Reste Europe<\/td>\n<td>22,50 \u20ac<\/td>\n<td>2,50 \u20ac\/kg<\/td>\n<td style=\"padding-right: 40px;\">19,50 \u20ac<\/td>\n<\/tr>\n<tr>\n<td style=\"padding-left: 40px;\">Isra\u00ebl, Turquie<\/td>\n<td>36,00 \u20ac<\/td>\n<td>3,50 \u20ac\/kg<\/td>\n<td style=\"padding-right: 40px;\">19,50 \u20ac<\/td>\n<\/tr>\n<tr>\n<td style=\"padding-left: 40px;\">Canada, Japon<\/td>\n<td>42,50 \u20ac<\/td>\n<td>7,50 \u20ac\/kg<\/td>\n<td style=\"padding-right: 40px;\">19,50 \u20ac<\/td>\n<\/tr>\n<tr>\n<td style=\"padding-left: 40px;\">Outre-mer, par exemple Singapour, Australie, Afrique du Sud, Argentine, Br\u00e9sil, Inde, Mexique, Pakistan, Nouvelle-Z\u00e9lande<\/td>\n<td>54,50 \u20ac<\/td>\n<td>9,50 \u20ac\/kg<\/td>\n<td style=\"padding-right: 40px;\">19,50 \u20ac<\/td>\n<\/tr>\n<\/tbody>\n<\/table>\n<p>*Pour les Envois de marchandises il n\u0092y a ni une assurance!<\/p>\n","protected":false},"excerpt":{"rendered":"<p>&nbsp; Les exp\u00e9ditions depuis l&#8217;UE vers les \u00c9tats-Unis sont suspendues jusqu&#8217;\u00e0 nouvel ordre. Frais de port Les frais de port sont \u00e0 la charge du client et d\u00e9pendent du transporteur ainsi que de la destination. Nous ne proposons plus l&#8217;envoi par UPS pour des raisons de co\u00fbts. Veuillez nous contacter pour conna\u00eetre les frais de [&hellip;]<\/p>\n","protected":false},"author":1,"featured_media":0,"parent":0,"menu_order":0,"comment_status":"closed","ping_status":"closed","template":"elementor_header_footer","meta":{"footnotes":""},"class_list":["post-7535","page","type-page","status-publish","hentry"],"wp-worthy-pixel":{"ignored":false,"public":null,"server":null,"url":null},"wp-worthy-type":"normal","_links":{"self":[{"href":"https:\/\/www.hml-fetish.de\/shop\/fr\/wp-json\/wp\/v2\/pages\/7535","targetHints":{"allow":["GET"]}}],"collection":[{"href":"https:\/\/www.hml-fetish.de\/shop\/fr\/wp-json\/wp\/v2\/pages"}],"about":[{"href":"https:\/\/www.hml-fetish.de\/shop\/fr\/wp-json\/wp\/v2\/types\/page"}],"author":[{"embeddable":true,"href":"https:\/\/www.hml-fetish.de\/shop\/fr\/wp-json\/wp\/v2\/users\/1"}],"replies":[{"embeddable":true,"href":"https:\/\/www.hml-fetish.de\/shop\/fr\/wp-json\/wp\/v2\/comments?post=7535"}],"version-history":[{"count":1,"href":"https:\/\/www.hml-fetish.de\/shop\/fr\/wp-json\/wp\/v2\/pages\/7535\/revisions"}],"predecessor-version":[{"id":39708,"href":"https:\/\/www.hml-fetish.de\/shop\/fr\/wp-json\/wp\/v2\/pages\/7535\/revisions\/39708"}],"wp:attachment":[{"href":"https:\/\/www.hml-fetish.de\/shop\/fr\/wp-json\/wp\/v2\/media?parent=7535"}],"curies":[{"name":"wp","href":"https:\/\/api.w.org\/{rel}","templated":true}]}}