{"id":7523,"date":"2022-01-28T16:41:48","date_gmt":"2022-01-28T15:41:48","guid":{"rendered":"https:\/\/www.hml-fetish.de\/shop\/?page_id=7523"},"modified":"2025-06-27T13:22:34","modified_gmt":"2025-06-27T11:22:34","slug":"conditions-generales-de-vente","status":"publish","type":"page","link":"https:\/\/www.hml-fetish.de\/shop\/fr\/conditions-generales-de-vente\/","title":{"rendered":"Conditions g\u00e9n\u00e9rales de vente de HML Fetish"},"content":{"rendered":"\n<figure style=\"padding-left: 40px; padding-right: 40px;\"><h2>&nbsp;<\/h2><h2>&nbsp;<\/h2><h2 id=\"conditions-generales-de-vente-de-hml-fetish\">Conditions g\u00e9n\u00e9rales de vente de HML Fetish<\/h2>\n\n\n<div class=\"wp-block-image\">\n<figure class=\"alignright size-full is-resized\"><a href=\"https:\/\/www.hml-fetish.de\/shop\/fr\/\"><img fetchpriority=\"high\" decoding=\"async\" width=\"1400\" height=\"1363\" src=\"https:\/\/www.hml-fetish.de\/shop\/wp-content\/uploads\/2022\/01\/Logo-Webshop-Rand.gif\" alt=\"Conditions g\u00e9n\u00e9rales de vente de HML Fetish\" class=\"wp-image-7385\" style=\"width:350px;height:341px\" title=\"Conditions g\u00e9n\u00e9rales de vente de HML Fetish\"\/><\/a><figcaption class=\"wp-element-caption\">HML Fetish (Logo)<\/figcaption><\/figure>\n<\/div>\n\n\n<p>Tous prix mentionn\u00e9s dans le pr\u00e9sent catalogue comprennent la TVA allemande. En sont exclus les articles de la rubrique \u00ab&nbsp;Puces&nbsp;\u00bb qui sont des ventes de particuliers \u00e0 particuliers et exempt\u00e9s de la TVA. Les prix s&#8217;entendent aux articles individuellement d\u00e9crits \u00e0 l&#8217;exclusion des accessoires, ser\u00advi\u00adces suppl\u00e9mentaires et d\u00e9cora\u00adtions. Les photos ne sont pas contractuelles et ne sauraient nous obliger.<\/p>\n\n\n\n<p>Le pr\u00e9sent catalogue sert comme illustration de nos articles et ne pr\u00e9sente aucunement une offre au sens l\u00e9gal. Toute commande qui nous est adress\u00e9e ne devient d\u00e9finitive qu&#8217;apr\u00e8s notre acceptation sous forme de confirmation expresse ou de la simple livraison. En aucun cas, le courriel purement informatif confirmant la r\u00e9ception de la commande ne peut avoir valeur d&#8217;acceptation. Nous nous r\u00e9ser\u00advons le droit d&#8217;acceptation. En cas d&#8217;erreur dans notre base de donn\u00e9s nous nous r\u00e9ser\u00advons tous droits.<\/p>\n\n\n\n<p>La monnaie de base est l&#8217;euro. La langue contractuelle est l&#8217;allemand.<\/p>\n\n\n\n<p>Les frais de port et d&#8217;envoi d\u00e9pendent du mode de transport choisi et du pays de destination. <strong><a href=\"https:\/\/www.hml-fetish.de\/shop\/fr\/frais-de-port\/\">Tu les trouveras ici.<\/a><\/strong><\/p>\n\n\n\n<h3 class=\"wp-block-heading\" id=\"modes-de-paiement\">Modes de paiement:<\/h3>\n\n\n\n<p>Les factures sont r\u00e9glables \u00e0 l&#8217;avance. Les modes de paiement (<strong>virement bancaire<\/strong>, <strong>PayPal<\/strong>, <strong>carte bancaire<\/strong> et autres) te sont propos\u00e9s au cours du processus de commande. En cas de r\u00e8glement par <strong>carte de cr\u00e9dit<\/strong>, ton compte de carte est d\u00e9bit\u00e9 au moment de la facturation.<\/p>\n\n\n\n<p><strong>Clause de R\u00e9serve de propri\u00e9t\u00e9 : Jusqu&#8217;au paiement complet, les marchandises resteront la propri\u00e9t\u00e9 de HML Fetish.<\/strong><\/p>\n\n\n\n<p>Dans des cas particuliers ou dans l&#8217;hypoth\u00e8se de montants factur\u00e9s tr\u00e8s \u00e9lev\u00e9s, nous nous r\u00e9servons le droit de choisir le mode de paiement. Toute vente et tous autres contrats avec HML Fetish sont exclusivement soumis au droit de la R\u00e9publique F\u00e9d\u00e9rale d&#8217;Allemagne.<\/p>\n\n\n\n<p>Toute information sur des vices apparents devra nous parvenir par \u00e9crit dans la semaine qui suit la livraison. En cas de r\u00e9clamation justifi\u00e9e qui nous sera parvenue dans le d\u00e9lai et la forme ci-dessus, nous r\u00e9parons ou \u00e9changeons \u00e0 notre discr\u00e9tion l&#8217;article vici\u00e9 dans un d\u00e9lai de quatre semaines. Si la r\u00e9paration ou une nouvelle livraison s&#8217;av\u00e8rent impossibles, tu pourras demander soit une r\u00e9duction du prix soit l&#8217;annulation de ton achat. Tous autres droit sont express\u00e9ment exclus.<\/p>\n\n\n\n<p>Echange : En cas d&#8217;erreur de notre part, tes frais d&#8217;envoi seront \u00e0 notre charge. En cas d&#8217;un \u00e9change par pr\u00e9venance de notre part, seuls nos frais de port seront \u00e0 notre charge. Cela signifie: si tu nous renvoies un paquet, merci de le timbrer.<\/p>\n\n\n\n<p>En aucun cas, HML Fetish ne pourra \u00eatre tenu responsable d&#8217;un quelconque dommage corporel ou mat\u00e9riel qui r\u00e9sulterait d&#8217;une utilisation inad\u00e9quate de ses.<\/p>\n\n\n\n<h1 class=\"wp-block-heading\" id=\"droit-de-retractation\">Droit de r\u00e9tractation<\/h1>\n\n\n\n<p>Vous avez le droit de vous r\u00e9tracter du pr\u00e9sent contrat sans donner de motif dans un d\u00e9lai de quatorze jours. Le d\u00e9lai de r\u00e9tractation expire quatorze jours apr\u00e8s le jour o\u00f9 vous-m\u00eame, ou un tiers autre que le transporteur et d\u00e9sign\u00e9 par vous, prend physiquement possession du bien.<\/p>\n\n\n\n<p>Pour exercer le droit de r\u00e9tractation, vous devez nous notifier<\/p>\n\n\n\n<p>HML Fetish, Proprietaire Detlef Moller<br>Neukirchstr. 18<br>28215 Bremen<br>Allemagne<br>T\u00e9l\u00e9phone : <a href=\"tel:+49421371430\">+49 421 371430<\/a><br>T\u00e9l\u00e9copie : +49 421 374953<br>courriel : equipe@hml-fetish.com<\/p>\n\n\n\n<p>votre d\u00e9cision de r\u00e9tractation du pr\u00e9sent contrat au moyen d&#8217;une d\u00e9claration d\u00e9nu\u00e9e d&#8217;ambigu\u00eft\u00e9 (par exemple, lettre envoy\u00e9e par la poste, t\u00e9l\u00e9copie ou courrier \u00e9lectronique). <a href=\"https:\/\/www.hml-fetish.de\/shop\/pdf\/widerruf_fr.html\">Vous pouvez utiliser le mod\u00e8le de formulaire de r\u00e9tractation mais ce n&#8217;est pas obligatoire.<\/a><\/p>\n\n\n\n<p><a href=\"https:\/\/www.hml-fetish.de\/shop\/pdf\/widerruf_fr.html\">Vous pouvez \u00e9galement remplir et transmettre le mod\u00e8le de formulaire de r\u00e9tractation ou toute autre d\u00e9claration d\u00e9nu\u00e9e d&#8217;ambigu\u00eft\u00e9 sur notre site internet. <\/a>Si vous utilisez cette option, nous vous enverrons sans d\u00e9lai un accus\u00e9 de r\u00e9ception de la r\u00e9tractation sur un support durable (par exemple, par courriel).<\/p>\n\n\n\n<p>Pour que le d\u00e9lai de r\u00e9tractation soit respect\u00e9, il suffit que vous transmettiez votre communication relative \u00e0 l&#8217;exercice du droit de r\u00e9tractation avant l&#8217;expiration du d\u00e9lai de r\u00e9tractation.<\/p>\n\n\n\n<p><strong>Effets de la r\u00e9tractation<\/strong><\/p>\n\n\n\n<p>En cas de r\u00e9tractation de votre part du pr\u00e9sent contrat, nous vous rembourserons tous les paiements re\u00e7us de vous, y compris les frais de livraison (\u00e0 l&#8217;exception des frais suppl\u00e9mentaires d\u00e9coulant du fait que vous avez choisi, le cas \u00e9ch\u00e9ant, un mode de livraison autre que le mode moins co\u00fbteux de livraison standard propos\u00e9 par nous) sans retard excessif et, en tout \u00e9tat de cause, au plus tard quatorze jours \u00e0 compter du jour o\u00f9 nous sommes inform\u00e9s de votre d\u00e9cision de r\u00e9tractation du pr\u00e9sent contrat.<\/p>\n\n\n\n<p>Nous proc\u00e9derons au remboursement en utilisant le m\u00eame moyen de paiement que celui que vous aurez utilis\u00e9 pour la transaction initiale, sauf si vous convenez express\u00e9ment d&#8217;un moyen diff\u00e9rent; en tout \u00e9tat de cause, ce remboursement n&#8217;occasionnera pas de frais pour vous. Nous pouvons diff\u00e9rer le remboursement jusqu&#8217;\u00e0 ce que nous ayons re\u00e7u le bien ou jusqu&#8217;\u00e0 ce que vous ayez fourni une preuve d&#8217;exp\u00e9dition du bien, la date retenue \u00e9tant celle du premier de ces faits.<\/p>\n\n\n\n<p>Vous devrez renvoyer ou rendre le bien, \u00e0 nous-m\u00eames ou \u00e0<\/p>\n\n\n\n<p>HML Fetish<br>Detlef MOLLER<br>Neukirchstrasse 18<br>28215 Bremen<br>Allemagne<\/p>\n\n\n\n<p>sans retard excessif et, en tout \u00e9tat de cause, au plus tard quatorze jours apr\u00e8s que vous nous aurez communiqu\u00e9 votre d\u00e9cision de r\u00e9tractation du pr\u00e9sent contrat. Ce d\u00e9lai est r\u00e9put\u00e9 respect\u00e9 si vous renvoyez le bien avant l&#8217;expiration du d\u00e9lai de quatorze jours.<\/p>\n\n\n\n<p>Vous devrez prendre en charge les frais directs de renvoi du bien.<\/p>\n\n\n\n<p>Votre responsabilit\u00e9 n&#8217;est engag\u00e9e qu&#8217;\u00e0 l&#8217;\u00e9gard de la d\u00e9pr\u00e9ciation du bien r\u00e9sultant de manipulations autres que celles n\u00e9cessaires pour \u00e9tablir la nature, les caract\u00e9ristiques et le bon fonctionnement de ce bien.<\/p>\n\n\n\n<p>Le droit de r\u00e9tractation ne s&#8217;applique pas aux contrats dont l&#8217;objet est la livraison d&#8217;une marchandise qui ne serait pas pr\u00e9fabriqu\u00e9e et dont la fabrication n\u00e9cessite un choix ou des sp\u00e9cifications individuelles du consommateur ou qui sont explicitement faites pour les besoins du consommateur, dont l&#8217;objet est la livraison d&#8217;enregistrements sonores ou video ou de logiciels dans un emballage scell\u00e9 si les scell\u00e9s sont ot\u00e9s apr\u00e8s la livraison.<\/p>\n\n\n\n<p><strong>Fin de droit de r\u00e9tractation<\/strong><\/p>\n\n\n\n<p>Le droit de r\u00e9tractation est \u00e9galement exclu pour toute marchandise dont nous assurons la vente \u00e0 titre d&#8217;interm\u00e9diaire entre le vendeur particulier et l&#8217;achteur particulier (commissions dans les puces en ligne).<\/p>\n\n\n\n<p>Question de langue :<\/p>\n\n\n\n<p>Bien que ces pages soient en fran\u00e7ais, nous ne sommes mal\u00adheur\u00adeu\u00adse\u00adment pas francophones dans notre boutique et ne pourrons pas r\u00e9pondre au t\u00e9l\u00e9phone en fran\u00ad\u00e7ais. Cependant, toute correspondance \u00e9lectronique ou classique en fran\u00ad\u00e7ais ne nous posera aucun probl\u00e8me.<\/p>\n\n\n\n<h3 class=\"wp-block-heading\" id=\"impressum\">Impressum<\/h3>\n\n\n\n<p>Responsable du site Internet :HML Fetish, propri\u00e9taire Dr. Detlef Moller<br>Neukirchstr. 18<br>28215 Br\u00eame<br>Allemagne<br>T\u00e9l\u00e9phone <a href=\"tel:+49421371430\">+49 421 371430<\/a><br>T\u00e9l\u00e9copie +49 421 374953<br>Website: <a href=\"https:\/\/www.hml-fetish.de\/shop\/fr\/\">https:\/\/www.hml-fetish.de\/shop\/<\/a><br>courriel : <a href=\"mailto:hm-leder@t-online.de\">hm-leder@t-online.de<\/a><a href=\"mailto:info@hml-fetish.com\"><\/a><br><a href=\"https:\/\/i.delta.chat\/#9A0254421F0A9311116C1F959F587F87E4EE1554&amp;a=3ubvhy2h6%40nine.testrun.org&amp;n=HML&amp;i=pWD1Krv32_GMrfW_-HoKVVgy&amp;s=ca8BdSuC1YtQJpakBIC-FCQK\" target=\"_blank\" rel=\"noreferrer noopener\">Delta-Chat: click here!<\/a><br>TVA intracommunautaire DE 168 160 831<br>ID croire N\u00b0. DE47HML00000626325<br>Membre de la Chambre de Commerce de Br\u00eame<\/p>\n\n\n\n<h3 class=\"wp-block-heading\" id=\"nos-horaires-d-ouverture\">Nos horaires d&#8217;ouverture :<\/h3>\n\n\n\n<p>Mo-Fr. 14-18:30h, Sa 12-16h<\/p>\n","protected":false},"excerpt":{"rendered":"<p>&nbsp; &nbsp; Conditions g\u00e9n\u00e9rales de vente de HML Fetish Tous prix mentionn\u00e9s dans le pr\u00e9sent catalogue comprennent la TVA allemande. En sont exclus les articles de la rubrique \u00ab&nbsp;Puces&nbsp;\u00bb qui sont des ventes de particuliers \u00e0 particuliers et exempt\u00e9s de la TVA. Les prix s&#8217;entendent aux articles individuellement d\u00e9crits \u00e0 l&#8217;exclusion des accessoires, ser\u00advi\u00adces suppl\u00e9mentaires [&hellip;]<\/p>\n","protected":false},"author":1,"featured_media":0,"parent":0,"menu_order":0,"comment_status":"closed","ping_status":"closed","template":"elementor_header_footer","meta":{"footnotes":""},"class_list":["post-7523","page","type-page","status-publish","hentry"],"wp-worthy-pixel":{"ignored":true,"public":null,"server":null,"url":null},"wp-worthy-type":"normal","_links":{"self":[{"href":"https:\/\/www.hml-fetish.de\/shop\/fr\/wp-json\/wp\/v2\/pages\/7523","targetHints":{"allow":["GET"]}}],"collection":[{"href":"https:\/\/www.hml-fetish.de\/shop\/fr\/wp-json\/wp\/v2\/pages"}],"about":[{"href":"https:\/\/www.hml-fetish.de\/shop\/fr\/wp-json\/wp\/v2\/types\/page"}],"author":[{"embeddable":true,"href":"https:\/\/www.hml-fetish.de\/shop\/fr\/wp-json\/wp\/v2\/users\/1"}],"replies":[{"embeddable":true,"href":"https:\/\/www.hml-fetish.de\/shop\/fr\/wp-json\/wp\/v2\/comments?post=7523"}],"version-history":[{"count":0,"href":"https:\/\/www.hml-fetish.de\/shop\/fr\/wp-json\/wp\/v2\/pages\/7523\/revisions"}],"wp:attachment":[{"href":"https:\/\/www.hml-fetish.de\/shop\/fr\/wp-json\/wp\/v2\/media?parent=7523"}],"curies":[{"name":"wp","href":"https:\/\/api.w.org\/{rel}","templated":true}]}}