{"id":30671,"date":"2022-07-22T12:32:09","date_gmt":"2022-07-22T10:32:09","guid":{"rendered":"https:\/\/www.hml-fetish.de\/shop\/?page_id=30671"},"modified":"2024-03-29T08:22:28","modified_gmt":"2024-03-29T07:22:28","slug":"blog-fetiche","status":"publish","type":"page","link":"https:\/\/www.hml-fetish.de\/shop\/fr\/blog-fetiche\/","title":{"rendered":"HML Blog f\u00e9tiche"},"content":{"rendered":"\t\t<div data-elementor-type=\"wp-page\" data-elementor-id=\"30671\" class=\"elementor elementor-30671 elementor-30631\" data-elementor-post-type=\"page\">\n\t\t\t\t\t\t<section class=\"elementor-section elementor-top-section elementor-element elementor-element-254d6ca elementor-section-boxed elementor-section-height-default elementor-section-height-default\" data-id=\"254d6ca\" data-element_type=\"section\" data-e-type=\"section\">\n\t\t\t\t\t\t<div class=\"elementor-container elementor-column-gap-default\">\n\t\t\t\t\t<div class=\"elementor-column elementor-col-100 elementor-top-column elementor-element elementor-element-4869bb7\" data-id=\"4869bb7\" data-element_type=\"column\" data-e-type=\"column\">\n\t\t\t<div class=\"elementor-widget-wrap elementor-element-populated\">\n\t\t\t\t\t\t<div class=\"elementor-element elementor-element-bbe22f2 elementor-widget elementor-widget-heading\" data-id=\"bbe22f2\" data-element_type=\"widget\" data-e-type=\"widget\" data-widget_type=\"heading.default\">\n\t\t\t\t<div class=\"elementor-widget-container\">\n\t\t\t\t\t<h2 class=\"elementor-heading-title elementor-size-default\">HML - le blog f\u00e9tiche<\/h2>\t\t\t\t<\/div>\n\t\t\t\t<\/div>\n\t\t\t\t<div class=\"elementor-element elementor-element-cbb5eb8 elementor-widget elementor-widget-text-editor\" data-id=\"cbb5eb8\" data-element_type=\"widget\" data-e-type=\"widget\" data-widget_type=\"text-editor.default\">\n\t\t\t\t<div class=\"elementor-widget-container\">\n\t\t\t\t\t\t\t\t\t<p>Vous avez toujours voulu savoir comment mettre en place un cock-ring ou suspendre un sling de mani\u00e8re professionnelle ? Vous trouverez ici des r\u00e9ponses comp\u00e9tentes \u00e0 toutes les questions que vous n&#8217;avez jamais os\u00e9 poser auparavant !<\/p>\n\t\t\t\t\t\t\t\t<\/div>\n\t\t\t\t<\/div>\n\t\t\t\t<div class=\"elementor-element elementor-element-6500da1 elementor-grid-3 elementor-grid-tablet-2 elementor-grid-mobile-1 elementor-posts--thumbnail-top elementor-posts--show-avatar elementor-card-shadow-yes elementor-posts__hover-gradient elementor-widget elementor-widget-posts\" data-id=\"6500da1\" data-element_type=\"widget\" data-e-type=\"widget\" data-settings=\"{&quot;pagination_type&quot;:&quot;numbers&quot;,&quot;cards_columns&quot;:&quot;3&quot;,&quot;cards_columns_tablet&quot;:&quot;2&quot;,&quot;cards_columns_mobile&quot;:&quot;1&quot;,&quot;cards_row_gap&quot;:{&quot;unit&quot;:&quot;px&quot;,&quot;size&quot;:35,&quot;sizes&quot;:[]},&quot;cards_row_gap_tablet&quot;:{&quot;unit&quot;:&quot;px&quot;,&quot;size&quot;:&quot;&quot;,&quot;sizes&quot;:[]},&quot;cards_row_gap_mobile&quot;:{&quot;unit&quot;:&quot;px&quot;,&quot;size&quot;:&quot;&quot;,&quot;sizes&quot;:[]}}\" data-widget_type=\"posts.cards\">\n\t\t\t\t<div class=\"elementor-widget-container\">\n\t\t\t\t\t\t\t<div class=\"elementor-posts-container elementor-posts elementor-posts--skin-cards elementor-grid\">\n\t\t\t\t<article class=\"elementor-post elementor-grid-item post-33884 post type-post status-publish format-standard has-post-thumbnail hentry category-journal tag-langue-francais\">\n\t\t\t<div class=\"elementor-post__card\">\n\t\t\t\t<a class=\"elementor-post__thumbnail__link\" href=\"https:\/\/www.hml-fetish.de\/shop\/fr\/archives-de-newsletters\/\" tabindex=\"-1\"><div class=\"elementor-post__thumbnail\"><img fetchpriority=\"high\" decoding=\"async\" width=\"300\" height=\"200\" src=\"https:\/\/www.hml-fetish.de\/shop\/wp-content\/uploads\/2023\/03\/pexels-photo-6550172-300x200.jpeg\" class=\"attachment-medium size-medium wp-image-33876\" alt=\"Archives de newsletters\" srcset=\"https:\/\/www.hml-fetish.de\/shop\/wp-content\/uploads\/2023\/03\/pexels-photo-6550172-300x200.jpeg 300w, https:\/\/www.hml-fetish.de\/shop\/wp-content\/uploads\/2023\/03\/pexels-photo-6550172-1024x682.jpeg 1024w, https:\/\/www.hml-fetish.de\/shop\/wp-content\/uploads\/2023\/03\/pexels-photo-6550172-768x512.jpeg 768w, https:\/\/www.hml-fetish.de\/shop\/wp-content\/uploads\/2023\/03\/pexels-photo-6550172-1536x1024.jpeg 1536w, https:\/\/www.hml-fetish.de\/shop\/wp-content\/uploads\/2023\/03\/pexels-photo-6550172-1320x880.jpeg 1320w, https:\/\/www.hml-fetish.de\/shop\/wp-content\/uploads\/2023\/03\/pexels-photo-6550172-324x216.jpeg 324w, https:\/\/www.hml-fetish.de\/shop\/wp-content\/uploads\/2023\/03\/pexels-photo-6550172-416x277.jpeg 416w, https:\/\/www.hml-fetish.de\/shop\/wp-content\/uploads\/2023\/03\/pexels-photo-6550172.jpeg 1880w\" sizes=\"(max-width: 300px) 100vw, 300px\" \/><\/div><\/a>\n\t\t\t\t<div class=\"elementor-post__badge\">journal<\/div>\n\t\t\t\t<div class=\"elementor-post__avatar\">\n\t\t\t<img loading=\"lazy\" decoding=\"async\" src=\"https:\/\/www.hml-fetish.de\/shop\/wp-content\/plugins\/ultimate-member\/assets\/img\/default_avatar.jpg\" class=\"gravatar avatar avatar-128 um-avatar um-avatar-default\" width=\"128\" height=\"128\" alt=\"Mike\" data-default=\"https:\/\/www.hml-fetish.de\/shop\/wp-content\/plugins\/ultimate-member\/assets\/img\/default_avatar.jpg\" onerror=\"if ( ! this.getAttribute('data-load-error') ){ this.setAttribute('data-load-error', '1');this.setAttribute('src', this.getAttribute('data-default'));}\" loading=\"lazy\" \/>\t\t<\/div>\n\t\t\t\t<div class=\"elementor-post__text\">\n\t\t\t\t<h3 class=\"elementor-post__title\">\n\t\t\t<a href=\"https:\/\/www.hml-fetish.de\/shop\/fr\/archives-de-newsletters\/\">\n\t\t\t\tArchives de newsletters\t\t\t<\/a>\n\t\t<\/h3>\n\t\t\t\t<div class=\"elementor-post__excerpt\">\n\t\t\t<p>Nos archives de newsletters \u2026 vous trouverez ici. Les derni\u00e8res newsletters contiennent de nombreuses informations sur les nouveaux produits de notre collection et les promotions<\/p>\n\t\t<\/div>\n\t\t\n\t\t<a class=\"elementor-post__read-more\" href=\"https:\/\/www.hml-fetish.de\/shop\/fr\/archives-de-newsletters\/\" aria-label=\"En savoir plus sur Archives de newsletters\" tabindex=\"-1\">\n\t\t\tvoir plus\u2026\t\t<\/a>\n\n\t\t\t\t<\/div>\n\t\t\t\t<div class=\"elementor-post__meta-data\">\n\t\t\t\t\t<span class=\"elementor-post-date\">\n\t\t\t17 mars 2023\t\t<\/span>\n\t\t\t\t<span class=\"elementor-post-avatar\">\n\t\t\tAucun commentaire\t\t<\/span>\n\t\t\t\t<\/div>\n\t\t\t\t\t<\/div>\n\t\t<\/article>\n\t\t\t\t<article class=\"elementor-post elementor-grid-item post-33682 post type-post status-publish format-standard hentry category-article-fr tag-langue-francais\">\n\t\t\t<div class=\"elementor-post__card\">\n\t\t\t\t<div class=\"elementor-post__text\">\n\t\t\t\t<h3 class=\"elementor-post__title\">\n\t\t\t<a href=\"https:\/\/www.hml-fetish.de\/shop\/fr\/hml-et-la-vie-privee\/\">\n\t\t\t\tHML et la vie priv\u00e9e\t\t\t<\/a>\n\t\t<\/h3>\n\t\t\t\t<div class=\"elementor-post__excerpt\">\n\t\t\t<p>HML et la vie priv\u00e9e (traduit avec DeepL) C&#8217;est le moment de parler de confiance. Ne d\u00e9testez-vous pas lorsque quelqu&#8217;un regarde toujours par-dessus votre \u00e9paule<\/p>\n\t\t<\/div>\n\t\t\n\t\t<a class=\"elementor-post__read-more\" href=\"https:\/\/www.hml-fetish.de\/shop\/fr\/hml-et-la-vie-privee\/\" aria-label=\"En savoir plus sur HML et la vie priv\u00e9e\" tabindex=\"-1\">\n\t\t\tvoir plus\u2026\t\t<\/a>\n\n\t\t\t\t<\/div>\n\t\t\t\t<div class=\"elementor-post__meta-data\">\n\t\t\t\t\t<span class=\"elementor-post-date\">\n\t\t\t13 f\u00e9vrier 2023\t\t<\/span>\n\t\t\t\t<span class=\"elementor-post-avatar\">\n\t\t\tAucun commentaire\t\t<\/span>\n\t\t\t\t<\/div>\n\t\t\t\t\t<\/div>\n\t\t<\/article>\n\t\t\t\t<article class=\"elementor-post elementor-grid-item post-32696 post type-post status-publish format-standard hentry category-article-fr category-adult-4 tag-langue-francais\">\n\t\t\t<div class=\"elementor-post__card\">\n\t\t\t\t<div class=\"elementor-post__text\">\n\t\t\t\t<h3 class=\"elementor-post__title\">\n\t\t\t<a href=\"https:\/\/www.hml-fetish.de\/shop\/fr\/bondage\/\">\n\t\t\t\tBondage\t\t\t<\/a>\n\t\t<\/h3>\n\t\t\t\t<div class=\"elementor-post__excerpt\">\n\t\t\t<p>Premi\u00e8re partie : Bondage &#8211; Les bases du ligotage Cette s\u00e9rie d&#8217;articles n&#8217;est malheureusement disponible qu&#8217;en allemand et en anglais. Il nous manque un traducteur<\/p>\n\t\t<\/div>\n\t\t\n\t\t<a class=\"elementor-post__read-more\" href=\"https:\/\/www.hml-fetish.de\/shop\/fr\/bondage\/\" aria-label=\"En savoir plus sur Bondage\" tabindex=\"-1\">\n\t\t\tvoir plus\u2026\t\t<\/a>\n\n\t\t\t\t<\/div>\n\t\t\t\t<div class=\"elementor-post__meta-data\">\n\t\t\t\t\t<span class=\"elementor-post-date\">\n\t\t\t27 novembre 2022\t\t<\/span>\n\t\t\t\t<span class=\"elementor-post-avatar\">\n\t\t\tAucun commentaire\t\t<\/span>\n\t\t\t\t<\/div>\n\t\t\t\t\t<\/div>\n\t\t<\/article>\n\t\t\t\t<article class=\"elementor-post elementor-grid-item post-31665 post type-post status-publish format-standard has-post-thumbnail hentry category-article-fr tag-langue-francais\">\n\t\t\t<div class=\"elementor-post__card\">\n\t\t\t\t<a class=\"elementor-post__thumbnail__link\" href=\"https:\/\/www.hml-fetish.de\/shop\/fr\/breath-control-fr\/\" tabindex=\"-1\"><div class=\"elementor-post__thumbnail\"><img decoding=\"async\" width=\"300\" height=\"240\" src=\"https:\/\/www.hml-fetish.de\/shop\/wp-content\/uploads\/2022\/08\/820002e.jpg\" class=\"attachment-medium size-medium wp-image-31286\" alt=\"Masque \u00e0 gaz russe (nouveau)\" \/><\/div><\/a>\n\t\t\t\t<div class=\"elementor-post__badge\">article<\/div>\n\t\t\t\t<div class=\"elementor-post__avatar\">\n\t\t\t<img loading=\"lazy\" decoding=\"async\" src=\"https:\/\/www.hml-fetish.de\/shop\/wp-content\/plugins\/ultimate-member\/assets\/img\/default_avatar.jpg\" class=\"gravatar avatar avatar-128 um-avatar um-avatar-default\" width=\"128\" height=\"128\" alt=\"Mike\" data-default=\"https:\/\/www.hml-fetish.de\/shop\/wp-content\/plugins\/ultimate-member\/assets\/img\/default_avatar.jpg\" onerror=\"if ( ! this.getAttribute('data-load-error') ){ this.setAttribute('data-load-error', '1');this.setAttribute('src', this.getAttribute('data-default'));}\" loading=\"lazy\" \/>\t\t<\/div>\n\t\t\t\t<div class=\"elementor-post__text\">\n\t\t\t\t<h3 class=\"elementor-post__title\">\n\t\t\t<a href=\"https:\/\/www.hml-fetish.de\/shop\/fr\/breath-control-fr\/\">\n\t\t\t\tBreath Control\t\t\t<\/a>\n\t\t<\/h3>\n\t\t\t\t<div class=\"elementor-post__excerpt\">\n\t\t\t<p>Breath Control: La derni\u00e8re tentation de la sexualit\u00e9 exp\u00e9rimentale. Qu&#8217;est-ce que le contr\u00f4le de la respiration ? D\u00e9finition des termes. Cette s\u00e9rie d&#8217;articles n&#8217;est malheureusement<\/p>\n\t\t<\/div>\n\t\t\n\t\t<a class=\"elementor-post__read-more\" href=\"https:\/\/www.hml-fetish.de\/shop\/fr\/breath-control-fr\/\" aria-label=\"En savoir plus sur Breath Control\" tabindex=\"-1\">\n\t\t\tvoir plus\u2026\t\t<\/a>\n\n\t\t\t\t<\/div>\n\t\t\t\t<div class=\"elementor-post__meta-data\">\n\t\t\t\t\t<span class=\"elementor-post-date\">\n\t\t\t30 octobre 2022\t\t<\/span>\n\t\t\t\t<span class=\"elementor-post-avatar\">\n\t\t\tAucun commentaire\t\t<\/span>\n\t\t\t\t<\/div>\n\t\t\t\t\t<\/div>\n\t\t<\/article>\n\t\t\t\t<article class=\"elementor-post elementor-grid-item post-31196 post type-post status-publish format-standard hentry category-article-fr tag-langue-francais\">\n\t\t\t<div class=\"elementor-post__card\">\n\t\t\t\t<div class=\"elementor-post__text\">\n\t\t\t\t<h3 class=\"elementor-post__title\">\n\t\t\t<a href=\"https:\/\/www.hml-fetish.de\/shop\/fr\/poppers2-fr\/\">\n\t\t\t\tPoppers\t\t\t<\/a>\n\t\t<\/h3>\n\t\t\t\t<div class=\"elementor-post__excerpt\">\n\t\t\t<p>Poppers: Nitrite d&#8217;amyle et substances apparent\u00e9es &#8211; une br\u00e8ve explication &#8220;De toutes les drogues, les nitrites inhalables sont les plus proches des v\u00e9ritables aphrodisiaques&#8221;. Je<\/p>\n\t\t<\/div>\n\t\t\n\t\t<a class=\"elementor-post__read-more\" href=\"https:\/\/www.hml-fetish.de\/shop\/fr\/poppers2-fr\/\" aria-label=\"En savoir plus sur Poppers\" tabindex=\"-1\">\n\t\t\tvoir plus\u2026\t\t<\/a>\n\n\t\t\t\t<\/div>\n\t\t\t\t<div class=\"elementor-post__meta-data\">\n\t\t\t\t\t<span class=\"elementor-post-date\">\n\t\t\t18 septembre 2022\t\t<\/span>\n\t\t\t\t<span class=\"elementor-post-avatar\">\n\t\t\tAucun commentaire\t\t<\/span>\n\t\t\t\t<\/div>\n\t\t\t\t\t<\/div>\n\t\t<\/article>\n\t\t\t\t<article class=\"elementor-post elementor-grid-item post-26626 post type-post status-publish format-standard hentry category-article-fr\">\n\t\t\t<div class=\"elementor-post__card\">\n\t\t\t\t<div class=\"elementor-post__text\">\n\t\t\t\t<h3 class=\"elementor-post__title\">\n\t\t\t<a href=\"https:\/\/www.hml-fetish.de\/shop\/fr\/pornographie-fr\/\">\n\t\t\t\tPornographie\t\t\t<\/a>\n\t\t<\/h3>\n\t\t\t\t<div class=\"elementor-post__excerpt\">\n\t\t\t<p>Pornographie Le porno est une chose compliqu\u00e9e &#8211; en tout cas en Allemagne. Le bon sens nous dit que la sexualit\u00e9 consentante entre adultes n&#8217;a<\/p>\n\t\t<\/div>\n\t\t\n\t\t<a class=\"elementor-post__read-more\" href=\"https:\/\/www.hml-fetish.de\/shop\/fr\/pornographie-fr\/\" aria-label=\"En savoir plus sur Pornographie\" tabindex=\"-1\">\n\t\t\tvoir plus\u2026\t\t<\/a>\n\n\t\t\t\t<\/div>\n\t\t\t\t<div class=\"elementor-post__meta-data\">\n\t\t\t\t\t<span class=\"elementor-post-date\">\n\t\t\t7 juin 2022\t\t<\/span>\n\t\t\t\t<span class=\"elementor-post-avatar\">\n\t\t\tAucun commentaire\t\t<\/span>\n\t\t\t\t<\/div>\n\t\t\t\t\t<\/div>\n\t\t<\/article>\n\t\t\t\t<article class=\"elementor-post elementor-grid-item post-26616 post type-post status-publish format-standard hentry category-article-fr tag-langue-francais\">\n\t\t\t<div class=\"elementor-post__card\">\n\t\t\t\t<div class=\"elementor-post__text\">\n\t\t\t\t<h3 class=\"elementor-post__title\">\n\t\t\t<a href=\"https:\/\/www.hml-fetish.de\/shop\/fr\/drapeau-arc-en-ciel\/\">\n\t\t\t\tLe drapeau arc-en-ciel\t\t\t<\/a>\n\t\t<\/h3>\n\t\t\t\t<div class=\"elementor-post__excerpt\">\n\t\t\t<p>Le drapeau arc-en-ciel a une longue tradition et servait dans beaucouop de cultures comme signe de la tol\u00e9rance, de la diversit\u00e9, de l&#8217;espoir et de<\/p>\n\t\t<\/div>\n\t\t\n\t\t<a class=\"elementor-post__read-more\" href=\"https:\/\/www.hml-fetish.de\/shop\/fr\/drapeau-arc-en-ciel\/\" aria-label=\"En savoir plus sur Le drapeau arc-en-ciel\" tabindex=\"-1\">\n\t\t\tvoir plus\u2026\t\t<\/a>\n\n\t\t\t\t<\/div>\n\t\t\t\t<div class=\"elementor-post__meta-data\">\n\t\t\t\t\t<span class=\"elementor-post-date\">\n\t\t\t6 juin 2022\t\t<\/span>\n\t\t\t\t<span class=\"elementor-post-avatar\">\n\t\t\tAucun commentaire\t\t<\/span>\n\t\t\t\t<\/div>\n\t\t\t\t\t<\/div>\n\t\t<\/article>\n\t\t\t\t<\/div>\n\t\t\n\t\t\t\t<div class=\"e-load-more-anchor\" data-page=\"1\" data-max-page=\"4\" data-next-page=\"https:\/\/www.hml-fetish.de\/shop\/fr\/wp-json\/wp\/v2\/pages\/30671\/page\/2\/\"><\/div>\n\t\t\t\t<nav class=\"elementor-pagination\" aria-label=\"Pagination\">\n\t\t\t<span aria-current=\"page\" class=\"page-numbers current\"><span class=\"elementor-screen-only\">Page<\/span>1<\/span>\n<a class=\"page-numbers\" href=\"https:\/\/www.hml-fetish.de\/shop\/fr\/wp-json\/wp\/v2\/pages\/30671\/page\/2\/\"><span class=\"elementor-screen-only\">Page<\/span>2<\/a>\n<a class=\"page-numbers\" href=\"https:\/\/www.hml-fetish.de\/shop\/fr\/wp-json\/wp\/v2\/pages\/30671\/page\/3\/\"><span class=\"elementor-screen-only\">Page<\/span>3<\/a>\n<a class=\"page-numbers\" href=\"https:\/\/www.hml-fetish.de\/shop\/fr\/wp-json\/wp\/v2\/pages\/30671\/page\/4\/\"><span class=\"elementor-screen-only\">Page<\/span>4<\/a>\t\t<\/nav>\n\t\t\t\t\t\t<\/div>\n\t\t\t\t<\/div>\n\t\t\t\t<div class=\"elementor-element elementor-element-ba4bff2 elementor-widget elementor-widget-text-editor\" data-id=\"ba4bff2\" data-element_type=\"widget\" data-e-type=\"widget\" data-widget_type=\"text-editor.default\">\n\t\t\t\t<div class=\"elementor-widget-container\">\n\t\t\t\t\t\t\t\t\tDie Beitr\u00e4ge auf dieser Seite verfa\u00dft der Schriftsteller <a href=\"https:\/\/www.mikegorden.de\/web\/\" target=\"_blank\" rel=\"noopener\">Mike Gorden<\/a>. Er ist in der einschl\u00e4gigen Szene aufgewachsen und kennt die tiefsten Geheimnisse des BDSM. Wenn Du sein Buch <a href=\"https:\/\/www.mikegorden.de\/web\/empath\/\" target=\"_blank\" rel=\"noopener\">\u00bbEmpath\u00ab<\/a> gelesen hast, erkennst Du, da\u00df er das meiste selbst erlebt hat.\n\n<a title=\"Empath - Gay Hardcore\" href=\"https:\/\/www.mikegorden.de\/web\/empath\/\" rel=\"sponsored noopener\" target=\"_blank\"><img decoding=\"async\" class=\"size-medium wp-image-30140 alignright\" src=\"https:\/\/www.hml-fetish.de\/shop\/wp-content\/uploads\/2022\/07\/Zubehoer_Adult-208x300.jpg\" alt=\"Fetisch Blog\" title=\"Fetisch Blog\" width=\"208\" height=\"300\" srcset=\"https:\/\/www.hml-fetish.de\/shop\/wp-content\/uploads\/2022\/07\/Zubehoer_Adult-208x300.jpg 208w, https:\/\/www.hml-fetish.de\/shop\/wp-content\/uploads\/2022\/07\/Zubehoer_Adult-324x468.jpg 324w, https:\/\/www.hml-fetish.de\/shop\/wp-content\/uploads\/2022\/07\/Zubehoer_Adult-416x601.jpg 416w, https:\/\/www.hml-fetish.de\/shop\/wp-content\/uploads\/2022\/07\/Zubehoer_Adult.jpg 464w\" sizes=\"(max-width: 208px) 100vw, 208px\" \/><\/a>Er ist Jahrgang 1962 und stammt aus Bremen. Nach dem Chemiestudium sattelte er um auf Kaufmann. Seit 1997 betreibt er <a href=\"https:\/\/www.hml-fetish.de\/shop\/\" target=\"_blank\" rel=\"noopener\">diesen Onlineshop<\/a>. Sein Motto lautet: \u00bbEs ist nie zu sp\u00e4t f\u00fcr einen neuen Anfang.\u00ab\n<p style=\"text-align: left;\" align=\"justify\">Er schreibt haupts\u00e4chlich Science-Fiction und hat zwei 600-seitige Thriller mit schwulen Hauptpersonen ver\u00f6ffentlicht.<\/p>\n<p style=\"text-align: left;\" align=\"justify\">Diese bilden den Auftakt des \u00bbMo\u00edra-Zyklus\u00ab. Dessen dritter Teil \u00bbNeutronenreiter\u00ab ist bereits weit fortgeschritten. Er ver\u00f6ffentlicht au\u00dferdem regelm\u00e4\u00dfig Science Fiction Kurzromane und sammelt f\u00fcr eine Anthologie (Die Wunder der Apokalypse).<\/p>\n<p style=\"text-align: left;\" align=\"justify\">2021 hat er f\u00fcr neue Projekte das Genre gewechselt: Bei \u00bbEmpath\u00ab handelt es sich um einen schwulen Hardcore Thriller, bei \u00bbDas Geheimnis der Untoten\u00ab um einen Bretagne-Krimi.<\/p>\t\t\t\t\t\t\t\t<\/div>\n\t\t\t\t<\/div>\n\t\t\t\t\t<\/div>\n\t\t<\/div>\n\t\t\t\t\t<\/div>\n\t\t<\/section>\n\t\t\t\t<\/div>\n\t\t","protected":false},"excerpt":{"rendered":"<p>HML &#8211; le blog f\u00e9tiche Vous avez toujours voulu savoir comment mettre en place un cock-ring ou suspendre un sling de mani\u00e8re professionnelle ? Vous trouverez ici des r\u00e9ponses comp\u00e9tentes \u00e0 toutes les questions que vous n&#8217;avez jamais os\u00e9 poser auparavant ! Die Beitr\u00e4ge auf dieser Seite verfa\u00dft der Schriftsteller Mike Gorden. Er ist in [&hellip;]<\/p>\n","protected":false},"author":1,"featured_media":0,"parent":0,"menu_order":0,"comment_status":"closed","ping_status":"closed","template":"elementor_header_footer","meta":{"footnotes":""},"class_list":["post-30671","page","type-page","status-publish","hentry"],"wp-worthy-pixel":{"ignored":false,"public":null,"server":null,"url":null},"wp-worthy-type":"normal","_links":{"self":[{"href":"https:\/\/www.hml-fetish.de\/shop\/fr\/wp-json\/wp\/v2\/pages\/30671","targetHints":{"allow":["GET"]}}],"collection":[{"href":"https:\/\/www.hml-fetish.de\/shop\/fr\/wp-json\/wp\/v2\/pages"}],"about":[{"href":"https:\/\/www.hml-fetish.de\/shop\/fr\/wp-json\/wp\/v2\/types\/page"}],"author":[{"embeddable":true,"href":"https:\/\/www.hml-fetish.de\/shop\/fr\/wp-json\/wp\/v2\/users\/1"}],"replies":[{"embeddable":true,"href":"https:\/\/www.hml-fetish.de\/shop\/fr\/wp-json\/wp\/v2\/comments?post=30671"}],"version-history":[{"count":0,"href":"https:\/\/www.hml-fetish.de\/shop\/fr\/wp-json\/wp\/v2\/pages\/30671\/revisions"}],"wp:attachment":[{"href":"https:\/\/www.hml-fetish.de\/shop\/fr\/wp-json\/wp\/v2\/media?parent=30671"}],"curies":[{"name":"wp","href":"https:\/\/api.w.org\/{rel}","templated":true}]}}