{"id":6985,"date":"2022-01-23T22:52:21","date_gmt":"2022-01-23T21:52:21","guid":{"rendered":"https:\/\/www.hml-fetish.de\/shop\/?post_type=product&#038;p=6985"},"modified":"2024-12-01T11:06:51","modified_gmt":"2024-12-01T10:06:51","slug":"mike-gorden-das-geheimnis-der-untoten-print","status":"publish","type":"product","link":"https:\/\/www.hml-fetish.de\/shop\/en\/mike-gorden-das-geheimnis-der-untoten-print\/","title":{"rendered":"Mike Gorden: Das Geheimnis der Untoten (Print)"},"content":{"rendered":"<h2>Der Mo\u00edra-Zyklus: Gay Crime<\/h2>\n<h4>Klappentext:<\/h4>\n<p>Auf einer Insel vor der bretonischen K\u00fcste wollen Mike und Maurice herausfinden, wie weit ihre Beziehung tr\u00e4gt, wenn sie gemeinsam Urlaub machen. Die friedliche Ruhe an ihrem Zielort h\u00e4lt nicht lange: Die beiden finden am Strand einen Journalisten, der auf sehr ungew\u00f6hnliche Art gestorben ist. Die Spuren f\u00fchren tief in die Vergangenheit und sie erregen die Aufmerksamkeit einer Gruppe, der sie besser aus dem Wege gegangen w\u00e4ren.<\/p>\n<p>HML Verlag 01.07.2021<br \/>\nFormat: 12,5 cm x 19 cm.<br \/>\n188 Seiten; Paperback<br \/>\nISBN 978-3-96851-013-2<\/p>\n<h4>Darum geht\u2019s:<\/h4>\n<p>Die Nachforschungen \u00fcber den Mord f\u00fchren Mike und Maurice in die Zeit des zweiten Weltkriegs. Das, was sich damals auf der Insel abgespielt hat \u2013 die Auseinandersetzungen zwischen dem franz\u00f6sischen Widerst\u00e4ndlern, der R\u00e9sistance \u2013 und den Besatzern der Insel beeinflussen die Geschicke ihrer Bewohner bis in die heutige Zeit hinein.<\/p>\n<p>Der Autor arbeitet vor Ort! Falls Du eine pers\u00f6nliche Widmung von ihm in Dein neues Buch haben m\u00f6chtest, schreibe den Text bitte beim Auschecken Deiner Bestellung in das Feld \u00bbKommentare\u00ab.<\/p>\n","protected":false},"excerpt":{"rendered":"<h4>Mike Gorden: Das Geheimnis der Untoten (Print)<\/h4>\n<p><P>Es handelt sich bei diesem Buch um einen Bretagnekrimi aus dem Mo\u00edra-Universum.<\/P><br \/>\n<P><B>Bestelle B\u00fccher versandkostenfrei mit dem Gutscheincode &#8220;versandkostenfrei-b\u00fccher&#8221;!<\/B><\/P><\/p>\n","protected":false},"featured_media":12118,"comment_status":"open","ping_status":"closed","template":"","meta":[],"product_brand":[],"product_cat":[109,95,124],"product_tag":[],"class_list":{"0":"post-6985","1":"product","2":"type-product","3":"status-publish","4":"has-post-thumbnail","6":"product_cat-autorenecke-mike-gorden","7":"product_cat-bestseller","8":"product_cat-buecher-kalender","9":"product_shipping_class-brief","11":"first","12":"instock","13":"sale","14":"taxable","15":"shipping-taxable","16":"purchasable","17":"product-type-variable"},"_links":{"self":[{"href":"https:\/\/www.hml-fetish.de\/shop\/en\/wp-json\/wp\/v2\/product\/6985","targetHints":{"allow":["GET"]}}],"collection":[{"href":"https:\/\/www.hml-fetish.de\/shop\/en\/wp-json\/wp\/v2\/product"}],"about":[{"href":"https:\/\/www.hml-fetish.de\/shop\/en\/wp-json\/wp\/v2\/types\/product"}],"replies":[{"embeddable":true,"href":"https:\/\/www.hml-fetish.de\/shop\/en\/wp-json\/wp\/v2\/comments?post=6985"}],"version-history":[{"count":0,"href":"https:\/\/www.hml-fetish.de\/shop\/en\/wp-json\/wp\/v2\/product\/6985\/revisions"}],"wp:featuredmedia":[{"embeddable":true,"href":"https:\/\/www.hml-fetish.de\/shop\/en\/wp-json\/wp\/v2\/media\/12118"}],"wp:attachment":[{"href":"https:\/\/www.hml-fetish.de\/shop\/en\/wp-json\/wp\/v2\/media?parent=6985"}],"wp:term":[{"taxonomy":"product_brand","embeddable":true,"href":"https:\/\/www.hml-fetish.de\/shop\/en\/wp-json\/wp\/v2\/product_brand?post=6985"},{"taxonomy":"product_cat","embeddable":true,"href":"https:\/\/www.hml-fetish.de\/shop\/en\/wp-json\/wp\/v2\/product_cat?post=6985"},{"taxonomy":"product_tag","embeddable":true,"href":"https:\/\/www.hml-fetish.de\/shop\/en\/wp-json\/wp\/v2\/product_tag?post=6985"}],"curies":[{"name":"wp","href":"https:\/\/api.w.org\/{rel}","templated":true}]}}