{"id":6979,"date":"2022-01-23T22:51:59","date_gmt":"2022-01-23T21:51:59","guid":{"rendered":"https:\/\/www.hml-fetish.de\/shop\/?post_type=product&#038;p=6979"},"modified":"2024-10-19T14:56:49","modified_gmt":"2024-10-19T12:56:49","slug":"mike-gorden-gefahr-von-der-anderen-seite-2","status":"publish","type":"product","link":"https:\/\/www.hml-fetish.de\/shop\/en\/mike-gorden-gefahr-von-der-anderen-seite-2\/","title":{"rendered":"Mike Gorden-Gefahr von der anderen Seite (August 2020)"},"content":{"rendered":"<div>\n<h2>Der Mo\u00edra-Zyklus: Queer Sci-Fi<\/h2>\n<h4>Klappentext:<\/h4>\n<p>Holographische Muster vom Rande des Universums. Ein Blick in die n\u00e4chste Dimension. Ein Strahlungsausbruch im CERN. Nichts davon kann folgenlos bleiben.<\/p>\n<p>Anschl\u00e4ge in Paris. Verschwundene Waffen. Die Polizei tappt im Dunkeln, denn die L\u00f6sung liegt tief in der Welt der Wissenschaft. So scheint es zumindest.<\/p>\n<p>Eine alte Geheimgesellschaft, ein ambitionierter Journalist und ein instinktgetriebener Polizist, die sich zueinander hingezogen f\u00fchlen &#8211; k\u00f6nnen sie den Untergang der bekannten Welt verhindern?<\/p>\n<h3><a title=\"Darum geht&#039;s in \u00bbEmpath\u00ab:\" href=\"https:\/\/www.mikegorden.de\/web\/gefahr-von-der-anderen-seite\/\" target=\"_blank\" rel=\"noopener\">Darum geht&#8217;s in \u00bbGefahr von der anderen Seite\u00ab:<\/a><\/h3>\n<p>Mike Peters und Maurice Belloumi sind zwei Pers\u00f6nlichkeiten, wie sie unterschiedlicher nicht sein k\u00f6nnten. Hier der freundliche Teamleiter eines wissenschaftlichen Magazins, dessen Leben aus den Fugen ger\u00e4t, als sein bester Freund ermordet wird. Dort der knurrige Polizist aus den Banlieues, der sich Zeit seines Lebens alles erk\u00e4mpfen mu\u00dfte. Es macht Spa\u00df, den beiden zuzusehen, wie sie sich im Zuge der Ermittlungen zusammenraufen und die Verschw\u00f6rung hinter dem Mord aufdecken.<\/p>\n<p>Der Autor verwendet alte Rechtschreibung.<\/p>\n<p>Autor: Mike Gorden<br \/>\n<a href=\"https:\/\/www.hml-verlag.de\/\" target=\"_blank\" rel=\"noopener\">HML Verlag<\/a> 07.2020<br \/>\nFormat: 12,5 cm x 19 cm.<br \/>\nSprache: Deutsch<br \/>\n588 Seiten; Paperback<br \/>\nISBN 978-3-96851-005-7<br \/>\nPreis: 19,95 \u20ac<\/p>\n<\/div>\n","protected":false},"excerpt":{"rendered":"<h4>Mike Gorden: Gefahr von der anderen Seite (August 2020)<\/h4>\n<p><P>Der jugendfreie Einstieg in Mike Gordens \u00bbMo\u00edra-Zyklus\u00ab, hier in einer \u00e4lteren, unlektorierten Ausgabe.<\/P><\/p>\n<h4>Klappentext:<\/h4>\n<p><P>Holographische Muster vom Rande des Universums. Ein Blick in die n\u00e4chste Dimension. Ein Strahlungsausbruch im CERN. Nichts davon kann folgenlos bleiben.<\/P><br \/>\n<P>Anschl\u00e4ge in Paris. Verschwundene Waffen. Die Polizei tappt im Dunkeln, denn die L\u00f6sung liegt tief in der Welt der Wissenschaft. So scheint es zumindest.<\/P><\/P>Eine alte Geheimgesellschaft, ein ambitionierter Journalist und ein instinktgetriebener Polizist, die sich zueinander hingezogen f\u00fchlen &#8211; k\u00f6nnen sie den Untergang der bekannten Welt verhindern?<\/P><br \/>\n<P><B>Bestelle B\u00fccher versandkostenfrei mit dem Gutscheincode &#8220;versandkostenfrei-b\u00fccher&#8221;!<\/B><\/P><\/p>\n","protected":false},"featured_media":17022,"comment_status":"open","ping_status":"closed","template":"","meta":[],"product_brand":[],"product_cat":[109,124],"product_tag":[],"class_list":{"0":"post-6979","1":"product","2":"type-product","3":"status-publish","4":"has-post-thumbnail","6":"product_cat-autorenecke-mike-gorden","7":"product_cat-buecher-kalender","8":"product_shipping_class-paket","10":"first","11":"instock","12":"sale","13":"taxable","14":"shipping-taxable","15":"purchasable","16":"product-type-simple"},"_links":{"self":[{"href":"https:\/\/www.hml-fetish.de\/shop\/en\/wp-json\/wp\/v2\/product\/6979","targetHints":{"allow":["GET"]}}],"collection":[{"href":"https:\/\/www.hml-fetish.de\/shop\/en\/wp-json\/wp\/v2\/product"}],"about":[{"href":"https:\/\/www.hml-fetish.de\/shop\/en\/wp-json\/wp\/v2\/types\/product"}],"replies":[{"embeddable":true,"href":"https:\/\/www.hml-fetish.de\/shop\/en\/wp-json\/wp\/v2\/comments?post=6979"}],"version-history":[{"count":0,"href":"https:\/\/www.hml-fetish.de\/shop\/en\/wp-json\/wp\/v2\/product\/6979\/revisions"}],"wp:featuredmedia":[{"embeddable":true,"href":"https:\/\/www.hml-fetish.de\/shop\/en\/wp-json\/wp\/v2\/media\/17022"}],"wp:attachment":[{"href":"https:\/\/www.hml-fetish.de\/shop\/en\/wp-json\/wp\/v2\/media?parent=6979"}],"wp:term":[{"taxonomy":"product_brand","embeddable":true,"href":"https:\/\/www.hml-fetish.de\/shop\/en\/wp-json\/wp\/v2\/product_brand?post=6979"},{"taxonomy":"product_cat","embeddable":true,"href":"https:\/\/www.hml-fetish.de\/shop\/en\/wp-json\/wp\/v2\/product_cat?post=6979"},{"taxonomy":"product_tag","embeddable":true,"href":"https:\/\/www.hml-fetish.de\/shop\/en\/wp-json\/wp\/v2\/product_tag?post=6979"}],"curies":[{"name":"wp","href":"https:\/\/api.w.org\/{rel}","templated":true}]}}