{"id":6929,"date":"2022-01-23T22:51:26","date_gmt":"2022-01-23T21:51:26","guid":{"rendered":"https:\/\/www.hml-fetish.de\/shop\/?post_type=product&#038;p=6929"},"modified":"2024-10-19T15:21:17","modified_gmt":"2024-10-19T13:21:17","slug":"heisse-kerle-steife-brise","status":"publish","type":"product","link":"https:\/\/www.hml-fetish.de\/shop\/en\/heisse-kerle-steife-brise\/","title":{"rendered":"Heisse Kerle Steife Brise"},"content":{"rendered":"<p>Heisse Kerle Steife Brise<br \/>\n<BR>Herausgeber Spike Hamburg e.V.<br \/>\n<BR>84 Seiten in A4<br \/>\n<BR>Wei\u00dft Du noch? Die Partys im Bauernhaus, der einsame Wald dahinter\u2026 die unverge\u00dfliche Cap San Diego\u2026 SPIKE Hamburg und viele Gastautoren gruben verloren Geglaubtes aus der Geschichte des weltbekannten Hamburger Ledertreffens. Eine Institution in der Szene seit \u00fcber 40 Jahren. Kaum einer von uns, der nicht pers\u00f6nliche Erinnerungen daran kn\u00fcpft\u2026<\/p>\n","protected":false},"excerpt":{"rendered":"<h4>Heisse Kerle Steife Brise<\/h4>\n<p><P>Wei\u00dft Du noch? Die Partys im Bauernhaus, der einsame Wald dahinter\u2026 die unverge\u00dfliche Cap San Diego\u2026 SPIKE Hamburg und viele Gastautoren gruben verloren Geglaubtes aus der Geschichte des weltbekannten Hamburger Ledertreffens. Eine Institution in der Szene seit \u00fcber 40 Jahren. Kaum einer von uns, der nicht pers\u00f6nliche Erinnerungen daran kn\u00fcpft\u2026<\/P><br \/>\n<P><B>Bestelle B\u00fccher versandkostenfrei mit dem Gutscheincode &#8220;versandkostenfrei-b\u00fccher&#8221;!<\/B><\/P><\/p>\n","protected":false},"featured_media":17908,"comment_status":"open","ping_status":"closed","template":"","meta":[],"product_brand":[],"product_cat":[124,95],"product_tag":[],"class_list":{"0":"post-6929","1":"product","2":"type-product","3":"status-publish","4":"has-post-thumbnail","6":"product_cat-buecher-kalender","7":"product_cat-bestseller","8":"product_shipping_class-paket","10":"first","11":"instock","12":"taxable","13":"shipping-taxable","14":"purchasable","15":"product-type-simple"},"_links":{"self":[{"href":"https:\/\/www.hml-fetish.de\/shop\/en\/wp-json\/wp\/v2\/product\/6929","targetHints":{"allow":["GET"]}}],"collection":[{"href":"https:\/\/www.hml-fetish.de\/shop\/en\/wp-json\/wp\/v2\/product"}],"about":[{"href":"https:\/\/www.hml-fetish.de\/shop\/en\/wp-json\/wp\/v2\/types\/product"}],"replies":[{"embeddable":true,"href":"https:\/\/www.hml-fetish.de\/shop\/en\/wp-json\/wp\/v2\/comments?post=6929"}],"version-history":[{"count":0,"href":"https:\/\/www.hml-fetish.de\/shop\/en\/wp-json\/wp\/v2\/product\/6929\/revisions"}],"wp:featuredmedia":[{"embeddable":true,"href":"https:\/\/www.hml-fetish.de\/shop\/en\/wp-json\/wp\/v2\/media\/17908"}],"wp:attachment":[{"href":"https:\/\/www.hml-fetish.de\/shop\/en\/wp-json\/wp\/v2\/media?parent=6929"}],"wp:term":[{"taxonomy":"product_brand","embeddable":true,"href":"https:\/\/www.hml-fetish.de\/shop\/en\/wp-json\/wp\/v2\/product_brand?post=6929"},{"taxonomy":"product_cat","embeddable":true,"href":"https:\/\/www.hml-fetish.de\/shop\/en\/wp-json\/wp\/v2\/product_cat?post=6929"},{"taxonomy":"product_tag","embeddable":true,"href":"https:\/\/www.hml-fetish.de\/shop\/en\/wp-json\/wp\/v2\/product_tag?post=6929"}],"curies":[{"name":"wp","href":"https:\/\/api.w.org\/{rel}","templated":true}]}}