{"id":6924,"date":"2022-01-23T22:51:25","date_gmt":"2022-01-23T21:51:25","guid":{"rendered":"https:\/\/www.hml-fetish.de\/shop\/?post_type=product&#038;p=6924"},"modified":"2024-10-19T15:06:14","modified_gmt":"2024-10-19T13:06:14","slug":"poppers","status":"publish","type":"product","link":"https:\/\/www.hml-fetish.de\/shop\/en\/poppers\/","title":{"rendered":"Poppers"},"content":{"rendered":"<p>Micha Schulze und Christian Scheu\u00df:<br \/>\nDas Handbuch zur schwulen Sexdroge.<br \/>\nHimmelst\u00fcrmer Verlag<br \/>\nUm dieses Wundermittel ranken sich viele Geheimnisse und Ger\u00fcchte. Kaum einer wei\u00df, woraus es eigentlich besteht, wie es wirkt, und wie gef\u00e4hrlich es tats\u00e4chlich ist. Die wenigsten kennen die Gesetzeslage: Darf man es in Deutschland, \u00d6sterreich und der Schweiz erwerben und besitzen, ohne sich strafbar zu machen? Und kann man vom \u00bbRaumduft\u00ab-Schn\u00fcffeln eigentlich s\u00fcchtig werden?<br \/>\nSehr unterhaltsam und informativ geschrieben \u2013 auch wenn wir die versprochenen Informationen zur Gesetzeslage nicht gefunden haben.<\/p>\n","protected":false},"excerpt":{"rendered":"<h4>Poppers<\/h4>\n<p><P>Um dieses Wundermittel ranken sich viele Geheimnisse und Ger\u00fcchte. Kaum einer wei\u00df, woraus es eigentlich besteht, wie es wirkt, und wie gef\u00e4hrlich es tats\u00e4chlich ist. Die wenigsten kennen die Gesetzeslage: Darf man es in Deutschland, \u00d6sterreich und der Schweiz erwerben und besitzen, ohne sich strafbar zu machen? Und kann man vom \u00bbRaumduft\u00ab-Schn\u00fcffeln eigentlich s\u00fcchtig werden?<\/P><br \/>\n<P><B>Bestelle B\u00fccher versandkostenfrei mit dem Gutscheincode &#8220;versandkostenfrei-b\u00fccher&#8221;!<\/B><\/P><\/p>\n","protected":false},"featured_media":17955,"comment_status":"open","ping_status":"closed","template":"","meta":[],"product_brand":[],"product_cat":[124,95],"product_tag":[],"class_list":{"0":"post-6924","1":"product","2":"type-product","3":"status-publish","4":"has-post-thumbnail","6":"product_cat-buecher-kalender","7":"product_cat-bestseller","8":"product_shipping_class-brief","10":"first","11":"instock","12":"taxable","13":"shipping-taxable","14":"purchasable","15":"product-type-simple"},"_links":{"self":[{"href":"https:\/\/www.hml-fetish.de\/shop\/en\/wp-json\/wp\/v2\/product\/6924","targetHints":{"allow":["GET"]}}],"collection":[{"href":"https:\/\/www.hml-fetish.de\/shop\/en\/wp-json\/wp\/v2\/product"}],"about":[{"href":"https:\/\/www.hml-fetish.de\/shop\/en\/wp-json\/wp\/v2\/types\/product"}],"replies":[{"embeddable":true,"href":"https:\/\/www.hml-fetish.de\/shop\/en\/wp-json\/wp\/v2\/comments?post=6924"}],"version-history":[{"count":0,"href":"https:\/\/www.hml-fetish.de\/shop\/en\/wp-json\/wp\/v2\/product\/6924\/revisions"}],"wp:featuredmedia":[{"embeddable":true,"href":"https:\/\/www.hml-fetish.de\/shop\/en\/wp-json\/wp\/v2\/media\/17955"}],"wp:attachment":[{"href":"https:\/\/www.hml-fetish.de\/shop\/en\/wp-json\/wp\/v2\/media?parent=6924"}],"wp:term":[{"taxonomy":"product_brand","embeddable":true,"href":"https:\/\/www.hml-fetish.de\/shop\/en\/wp-json\/wp\/v2\/product_brand?post=6924"},{"taxonomy":"product_cat","embeddable":true,"href":"https:\/\/www.hml-fetish.de\/shop\/en\/wp-json\/wp\/v2\/product_cat?post=6924"},{"taxonomy":"product_tag","embeddable":true,"href":"https:\/\/www.hml-fetish.de\/shop\/en\/wp-json\/wp\/v2\/product_tag?post=6924"}],"curies":[{"name":"wp","href":"https:\/\/api.w.org\/{rel}","templated":true}]}}