{"id":30668,"date":"2022-07-22T12:32:09","date_gmt":"2022-07-22T10:32:09","guid":{"rendered":"https:\/\/www.hml-fetish.de\/shop\/?page_id=30668"},"modified":"2024-03-27T08:36:25","modified_gmt":"2024-03-27T07:36:25","slug":"fetish-blog-en","status":"publish","type":"page","link":"https:\/\/www.hml-fetish.de\/shop\/en\/fetish-blog-en\/","title":{"rendered":"HML Fetish Blog"},"content":{"rendered":"\t\t<div data-elementor-type=\"wp-page\" data-elementor-id=\"30668\" class=\"elementor elementor-30668 elementor-30631\" data-elementor-post-type=\"page\">\n\t\t\t\t\t\t<section class=\"elementor-section elementor-top-section elementor-element elementor-element-254d6ca elementor-section-boxed elementor-section-height-default elementor-section-height-default\" data-id=\"254d6ca\" data-element_type=\"section\" data-e-type=\"section\">\n\t\t\t\t\t\t<div class=\"elementor-container elementor-column-gap-default\">\n\t\t\t\t\t<div class=\"elementor-column elementor-col-100 elementor-top-column elementor-element elementor-element-4869bb7\" data-id=\"4869bb7\" data-element_type=\"column\" data-e-type=\"column\">\n\t\t\t<div class=\"elementor-widget-wrap elementor-element-populated\">\n\t\t\t\t\t\t<div class=\"elementor-element elementor-element-bbe22f2 elementor-widget elementor-widget-heading\" data-id=\"bbe22f2\" data-element_type=\"widget\" data-e-type=\"widget\" data-widget_type=\"heading.default\">\n\t\t\t\t<div class=\"elementor-widget-container\">\n\t\t\t\t\t<h2 class=\"elementor-heading-title elementor-size-default\">HML - the Fetish Blog<\/h2>\t\t\t\t<\/div>\n\t\t\t\t<\/div>\n\t\t\t\t<div class=\"elementor-element elementor-element-cbb5eb8 elementor-widget elementor-widget-text-editor\" data-id=\"cbb5eb8\" data-element_type=\"widget\" data-e-type=\"widget\" data-widget_type=\"text-editor.default\">\n\t\t\t\t<div class=\"elementor-widget-container\">\n\t\t\t\t\t\t\t\t\t<p>Have you always wanted to know how to put on a cockring or how to hang a sling properly? Here you&#8217;ll get expert answers to all the questions you never dared to ask before!<\/p>\n\t\t\t\t\t\t\t\t<\/div>\n\t\t\t\t<\/div>\n\t\t\t\t<div class=\"elementor-element elementor-element-6500da1 elementor-grid-3 elementor-grid-tablet-2 elementor-grid-mobile-1 elementor-posts--thumbnail-top elementor-posts--show-avatar elementor-card-shadow-yes elementor-posts__hover-gradient elementor-widget elementor-widget-posts\" data-id=\"6500da1\" data-element_type=\"widget\" data-e-type=\"widget\" data-settings=\"{&quot;pagination_type&quot;:&quot;numbers&quot;,&quot;cards_columns&quot;:&quot;3&quot;,&quot;cards_columns_tablet&quot;:&quot;2&quot;,&quot;cards_columns_mobile&quot;:&quot;1&quot;,&quot;cards_row_gap&quot;:{&quot;unit&quot;:&quot;px&quot;,&quot;size&quot;:35,&quot;sizes&quot;:[]},&quot;cards_row_gap_tablet&quot;:{&quot;unit&quot;:&quot;px&quot;,&quot;size&quot;:&quot;&quot;,&quot;sizes&quot;:[]},&quot;cards_row_gap_mobile&quot;:{&quot;unit&quot;:&quot;px&quot;,&quot;size&quot;:&quot;&quot;,&quot;sizes&quot;:[]}}\" data-widget_type=\"posts.cards\">\n\t\t\t\t<div class=\"elementor-widget-container\">\n\t\t\t\t\t\t\t<div class=\"elementor-posts-container elementor-posts elementor-posts--skin-cards elementor-grid\">\n\t\t\t\t<article class=\"elementor-post elementor-grid-item post-33881 post type-post status-publish format-standard has-post-thumbnail hentry category-logfile tag-language-english\">\n\t\t\t<div class=\"elementor-post__card\">\n\t\t\t\t<a class=\"elementor-post__thumbnail__link\" href=\"https:\/\/www.hml-fetish.de\/shop\/en\/newsletter-archive\/\" tabindex=\"-1\"><div class=\"elementor-post__thumbnail\"><img fetchpriority=\"high\" decoding=\"async\" width=\"300\" height=\"200\" src=\"https:\/\/www.hml-fetish.de\/shop\/wp-content\/uploads\/2023\/03\/pexels-photo-6550172-300x200.jpeg\" class=\"attachment-medium size-medium wp-image-33875\" alt=\"Newsletter Archive\" srcset=\"https:\/\/www.hml-fetish.de\/shop\/wp-content\/uploads\/2023\/03\/pexels-photo-6550172-300x200.jpeg 300w, https:\/\/www.hml-fetish.de\/shop\/wp-content\/uploads\/2023\/03\/pexels-photo-6550172-1024x682.jpeg 1024w, https:\/\/www.hml-fetish.de\/shop\/wp-content\/uploads\/2023\/03\/pexels-photo-6550172-768x512.jpeg 768w, https:\/\/www.hml-fetish.de\/shop\/wp-content\/uploads\/2023\/03\/pexels-photo-6550172-1536x1024.jpeg 1536w, https:\/\/www.hml-fetish.de\/shop\/wp-content\/uploads\/2023\/03\/pexels-photo-6550172-1320x880.jpeg 1320w, https:\/\/www.hml-fetish.de\/shop\/wp-content\/uploads\/2023\/03\/pexels-photo-6550172-324x216.jpeg 324w, https:\/\/www.hml-fetish.de\/shop\/wp-content\/uploads\/2023\/03\/pexels-photo-6550172-416x277.jpeg 416w, https:\/\/www.hml-fetish.de\/shop\/wp-content\/uploads\/2023\/03\/pexels-photo-6550172.jpeg 1880w\" sizes=\"(max-width: 300px) 100vw, 300px\" \/><\/div><\/a>\n\t\t\t\t<div class=\"elementor-post__badge\">logfile<\/div>\n\t\t\t\t<div class=\"elementor-post__avatar\">\n\t\t\t<img loading=\"lazy\" decoding=\"async\" src=\"https:\/\/www.hml-fetish.de\/shop\/wp-content\/plugins\/ultimate-member\/assets\/img\/default_avatar.jpg\" class=\"gravatar avatar avatar-128 um-avatar um-avatar-default\" width=\"128\" height=\"128\" alt=\"Mike\" data-default=\"https:\/\/www.hml-fetish.de\/shop\/wp-content\/plugins\/ultimate-member\/assets\/img\/default_avatar.jpg\" onerror=\"if ( ! this.getAttribute('data-load-error') ){ this.setAttribute('data-load-error', '1');this.setAttribute('src', this.getAttribute('data-default'));}\" loading=\"lazy\" \/>\t\t<\/div>\n\t\t\t\t<div class=\"elementor-post__text\">\n\t\t\t\t<h3 class=\"elementor-post__title\">\n\t\t\t<a href=\"https:\/\/www.hml-fetish.de\/shop\/en\/newsletter-archive\/\">\n\t\t\t\tNewsletter Archive\t\t\t<\/a>\n\t\t<\/h3>\n\t\t\t\t<div class=\"elementor-post__excerpt\">\n\t\t\t<p>Our Newsletter Archive \u2026 you will find here. The latest newsletters contain lots of information about new products in our collection and price promotions. Just<\/p>\n\t\t<\/div>\n\t\t\n\t\t<a class=\"elementor-post__read-more\" href=\"https:\/\/www.hml-fetish.de\/shop\/en\/newsletter-archive\/\" aria-label=\"Read more about Newsletter Archive\" tabindex=\"-1\">\n\t\t\tmore\u2026\t\t<\/a>\n\n\t\t\t\t<\/div>\n\t\t\t\t<div class=\"elementor-post__meta-data\">\n\t\t\t\t\t<span class=\"elementor-post-date\">\n\t\t\t17. March 2023\t\t<\/span>\n\t\t\t\t<span class=\"elementor-post-avatar\">\n\t\t\tNo Comments\t\t<\/span>\n\t\t\t\t<\/div>\n\t\t\t\t\t<\/div>\n\t\t<\/article>\n\t\t\t\t<article class=\"elementor-post elementor-grid-item post-33679 post type-post status-publish format-standard hentry category-articles tag-language-english\">\n\t\t\t<div class=\"elementor-post__card\">\n\t\t\t\t<div class=\"elementor-post__text\">\n\t\t\t\t<h3 class=\"elementor-post__title\">\n\t\t\t<a href=\"https:\/\/www.hml-fetish.de\/shop\/en\/hml-and-privacy\/\">\n\t\t\t\tHML and privacy\t\t\t<\/a>\n\t\t<\/h3>\n\t\t\t\t<div class=\"elementor-post__excerpt\">\n\t\t\t<p>Don&#8217;t you hate it when someone&#8217;s always looking over your shoulder while surfing the net? Good, so do we!<\/p>\n\t\t<\/div>\n\t\t\n\t\t<a class=\"elementor-post__read-more\" href=\"https:\/\/www.hml-fetish.de\/shop\/en\/hml-and-privacy\/\" aria-label=\"Read more about HML and privacy\" tabindex=\"-1\">\n\t\t\tmore\u2026\t\t<\/a>\n\n\t\t\t\t<\/div>\n\t\t\t\t<div class=\"elementor-post__meta-data\">\n\t\t\t\t\t<span class=\"elementor-post-date\">\n\t\t\t13. February 2023\t\t<\/span>\n\t\t\t\t<span class=\"elementor-post-avatar\">\n\t\t\tNo Comments\t\t<\/span>\n\t\t\t\t<\/div>\n\t\t\t\t\t<\/div>\n\t\t<\/article>\n\t\t\t\t<article class=\"elementor-post elementor-grid-item post-32722 post type-post status-publish format-standard hentry category-adult-2 tag-language-english\">\n\t\t\t<div class=\"elementor-post__card\">\n\t\t\t\t<div class=\"elementor-post__text\">\n\t\t\t\t<h3 class=\"elementor-post__title\">\n\t\t\t<a href=\"https:\/\/www.hml-fetish.de\/shop\/en\/police\/\">\n\t\t\t\tPolice\t\t\t<\/a>\n\t\t<\/h3>\n\t\t\t\t<div class=\"elementor-post__excerpt\">\n\t\t\t<p>Police and uniform fantasies Police and uniform fantasies are a wonderful jerk-off template for many men. But before you put your fantasies into practice, you<\/p>\n\t\t<\/div>\n\t\t\n\t\t<a class=\"elementor-post__read-more\" href=\"https:\/\/www.hml-fetish.de\/shop\/en\/police\/\" aria-label=\"Read more about Police\" tabindex=\"-1\">\n\t\t\tmore\u2026\t\t<\/a>\n\n\t\t\t\t<\/div>\n\t\t\t\t<div class=\"elementor-post__meta-data\">\n\t\t\t\t\t<span class=\"elementor-post-date\">\n\t\t\t27. December 2022\t\t<\/span>\n\t\t\t\t<span class=\"elementor-post-avatar\">\n\t\t\tNo Comments\t\t<\/span>\n\t\t\t\t<\/div>\n\t\t\t\t\t<\/div>\n\t\t<\/article>\n\t\t\t\t<article class=\"elementor-post elementor-grid-item post-32406 post type-post status-publish format-standard hentry category-articles category-adult-2 tag-language-english\">\n\t\t\t<div class=\"elementor-post__card\">\n\t\t\t\t<div class=\"elementor-post__text\">\n\t\t\t\t<h3 class=\"elementor-post__title\">\n\t\t\t<a href=\"https:\/\/www.hml-fetish.de\/shop\/en\/bondage-en3\/\">\n\t\t\t\tBondage\t\t\t<\/a>\n\t\t<\/h3>\n\t\t\t\t<div class=\"elementor-post__excerpt\">\n\t\t\t<p>Part one: Bondage &#8211; The basics of tying up For many of us, it all started with a piece of rope. It&#8217;s in every household<\/p>\n\t\t<\/div>\n\t\t\n\t\t<a class=\"elementor-post__read-more\" href=\"https:\/\/www.hml-fetish.de\/shop\/en\/bondage-en3\/\" aria-label=\"Read more about Bondage\" tabindex=\"-1\">\n\t\t\tmore\u2026\t\t<\/a>\n\n\t\t\t\t<\/div>\n\t\t\t\t<div class=\"elementor-post__meta-data\">\n\t\t\t\t\t<span class=\"elementor-post-date\">\n\t\t\t27. November 2022\t\t<\/span>\n\t\t\t\t<span class=\"elementor-post-avatar\">\n\t\t\tNo Comments\t\t<\/span>\n\t\t\t\t<\/div>\n\t\t\t\t\t<\/div>\n\t\t<\/article>\n\t\t\t\t<article class=\"elementor-post elementor-grid-item post-31659 post type-post status-publish format-standard has-post-thumbnail hentry category-articles tag-language-english\">\n\t\t\t<div class=\"elementor-post__card\">\n\t\t\t\t<a class=\"elementor-post__thumbnail__link\" href=\"https:\/\/www.hml-fetish.de\/shop\/en\/breath-control-en\/\" tabindex=\"-1\"><div class=\"elementor-post__thumbnail\"><img decoding=\"async\" width=\"300\" height=\"240\" src=\"https:\/\/www.hml-fetish.de\/shop\/wp-content\/uploads\/2022\/08\/820002e.jpg\" class=\"attachment-medium size-medium wp-image-31285\" alt=\"russian Gas Mask\" \/><\/div><\/a>\n\t\t\t\t<div class=\"elementor-post__badge\">articles<\/div>\n\t\t\t\t<div class=\"elementor-post__avatar\">\n\t\t\t<img loading=\"lazy\" decoding=\"async\" src=\"https:\/\/www.hml-fetish.de\/shop\/wp-content\/plugins\/ultimate-member\/assets\/img\/default_avatar.jpg\" class=\"gravatar avatar avatar-128 um-avatar um-avatar-default\" width=\"128\" height=\"128\" alt=\"Mike\" data-default=\"https:\/\/www.hml-fetish.de\/shop\/wp-content\/plugins\/ultimate-member\/assets\/img\/default_avatar.jpg\" onerror=\"if ( ! this.getAttribute('data-load-error') ){ this.setAttribute('data-load-error', '1');this.setAttribute('src', this.getAttribute('data-default'));}\" loading=\"lazy\" \/>\t\t<\/div>\n\t\t\t\t<div class=\"elementor-post__text\">\n\t\t\t\t<h3 class=\"elementor-post__title\">\n\t\t\t<a href=\"https:\/\/www.hml-fetish.de\/shop\/en\/breath-control-en\/\">\n\t\t\t\tBreath Control\t\t\t<\/a>\n\t\t<\/h3>\n\t\t\t\t<div class=\"elementor-post__excerpt\">\n\t\t\t<p>Breath Control: The last temptation of experimental sexuality. What is Breath Control? A clarification of terms. If you type the term &#8216;Breath Control&#8217; into Wikipedia,<\/p>\n\t\t<\/div>\n\t\t\n\t\t<a class=\"elementor-post__read-more\" href=\"https:\/\/www.hml-fetish.de\/shop\/en\/breath-control-en\/\" aria-label=\"Read more about Breath Control\" tabindex=\"-1\">\n\t\t\tmore\u2026\t\t<\/a>\n\n\t\t\t\t<\/div>\n\t\t\t\t<div class=\"elementor-post__meta-data\">\n\t\t\t\t\t<span class=\"elementor-post-date\">\n\t\t\t30. October 2022\t\t<\/span>\n\t\t\t\t<span class=\"elementor-post-avatar\">\n\t\t\tNo Comments\t\t<\/span>\n\t\t\t\t<\/div>\n\t\t\t\t\t<\/div>\n\t\t<\/article>\n\t\t\t\t<article class=\"elementor-post elementor-grid-item post-31191 post type-post status-publish format-standard hentry category-articles tag-language-english\">\n\t\t\t<div class=\"elementor-post__card\">\n\t\t\t\t<div class=\"elementor-post__text\">\n\t\t\t\t<h3 class=\"elementor-post__title\">\n\t\t\t<a href=\"https:\/\/www.hml-fetish.de\/shop\/en\/poppers2-en\/\">\n\t\t\t\tPoppers\t\t\t<\/a>\n\t\t<\/h3>\n\t\t\t\t<div class=\"elementor-post__excerpt\">\n\t\t\t<p>Poppers: Amyl nitrite and related substances &#8211; a brief clarification \u00bbInhalable nitrites are the closest of all drugs to genuine aphrodisiacs.\u00ab I have nothing to<\/p>\n\t\t<\/div>\n\t\t\n\t\t<a class=\"elementor-post__read-more\" href=\"https:\/\/www.hml-fetish.de\/shop\/en\/poppers2-en\/\" aria-label=\"Read more about Poppers\" tabindex=\"-1\">\n\t\t\tmore\u2026\t\t<\/a>\n\n\t\t\t\t<\/div>\n\t\t\t\t<div class=\"elementor-post__meta-data\">\n\t\t\t\t\t<span class=\"elementor-post-date\">\n\t\t\t18. September 2022\t\t<\/span>\n\t\t\t\t<span class=\"elementor-post-avatar\">\n\t\t\tNo Comments\t\t<\/span>\n\t\t\t\t<\/div>\n\t\t\t\t\t<\/div>\n\t\t<\/article>\n\t\t\t\t<article class=\"elementor-post elementor-grid-item post-26621 post type-post status-publish format-standard hentry category-articles\">\n\t\t\t<div class=\"elementor-post__card\">\n\t\t\t\t<div class=\"elementor-post__text\">\n\t\t\t\t<h3 class=\"elementor-post__title\">\n\t\t\t<a href=\"https:\/\/www.hml-fetish.de\/shop\/en\/pornography\/\">\n\t\t\t\tPornography\t\t\t<\/a>\n\t\t<\/h3>\n\t\t\t\t<div class=\"elementor-post__excerpt\">\n\t\t\t<p>Pornography Porn is a complicated matter &#8211; at least in Germany. Common sense tells us that consensual sexuality between adults does not need to be<\/p>\n\t\t<\/div>\n\t\t\n\t\t<a class=\"elementor-post__read-more\" href=\"https:\/\/www.hml-fetish.de\/shop\/en\/pornography\/\" aria-label=\"Read more about Pornography\" tabindex=\"-1\">\n\t\t\tmore\u2026\t\t<\/a>\n\n\t\t\t\t<\/div>\n\t\t\t\t<div class=\"elementor-post__meta-data\">\n\t\t\t\t\t<span class=\"elementor-post-date\">\n\t\t\t7. June 2022\t\t<\/span>\n\t\t\t\t<span class=\"elementor-post-avatar\">\n\t\t\tNo Comments\t\t<\/span>\n\t\t\t\t<\/div>\n\t\t\t\t\t<\/div>\n\t\t<\/article>\n\t\t\t\t<article class=\"elementor-post elementor-grid-item post-26613 post type-post status-publish format-standard hentry category-articles tag-language-english\">\n\t\t\t<div class=\"elementor-post__card\">\n\t\t\t\t<div class=\"elementor-post__text\">\n\t\t\t\t<h3 class=\"elementor-post__title\">\n\t\t\t<a href=\"https:\/\/www.hml-fetish.de\/shop\/en\/rainbow-flag\/\">\n\t\t\t\tThe rainbow-flag\t\t\t<\/a>\n\t\t<\/h3>\n\t\t\t\t<div class=\"elementor-post__excerpt\">\n\t\t\t<p>The rainbow-flag The rainbow-flag has a long tradition and was used in many cultures worldwide as sign for tolerance, diversity hope and desire. This meanings<\/p>\n\t\t<\/div>\n\t\t\n\t\t<a class=\"elementor-post__read-more\" href=\"https:\/\/www.hml-fetish.de\/shop\/en\/rainbow-flag\/\" aria-label=\"Read more about The rainbow-flag\" tabindex=\"-1\">\n\t\t\tmore\u2026\t\t<\/a>\n\n\t\t\t\t<\/div>\n\t\t\t\t<div class=\"elementor-post__meta-data\">\n\t\t\t\t\t<span class=\"elementor-post-date\">\n\t\t\t6. June 2022\t\t<\/span>\n\t\t\t\t<span class=\"elementor-post-avatar\">\n\t\t\tNo Comments\t\t<\/span>\n\t\t\t\t<\/div>\n\t\t\t\t\t<\/div>\n\t\t<\/article>\n\t\t\t\t<\/div>\n\t\t\n\t\t\t\t<div class=\"e-load-more-anchor\" data-page=\"1\" data-max-page=\"4\" data-next-page=\"https:\/\/www.hml-fetish.de\/shop\/en\/wp-json\/wp\/v2\/pages\/30668\/page\/2\/\"><\/div>\n\t\t\t\t<nav class=\"elementor-pagination\" aria-label=\"Pagination\">\n\t\t\t<span aria-current=\"page\" class=\"page-numbers current\"><span class=\"elementor-screen-only\">Page<\/span>1<\/span>\n<a class=\"page-numbers\" href=\"https:\/\/www.hml-fetish.de\/shop\/en\/wp-json\/wp\/v2\/pages\/30668\/page\/2\/\"><span class=\"elementor-screen-only\">Page<\/span>2<\/a>\n<a class=\"page-numbers\" href=\"https:\/\/www.hml-fetish.de\/shop\/en\/wp-json\/wp\/v2\/pages\/30668\/page\/3\/\"><span class=\"elementor-screen-only\">Page<\/span>3<\/a>\n<a class=\"page-numbers\" href=\"https:\/\/www.hml-fetish.de\/shop\/en\/wp-json\/wp\/v2\/pages\/30668\/page\/4\/\"><span class=\"elementor-screen-only\">Page<\/span>4<\/a>\t\t<\/nav>\n\t\t\t\t\t\t<\/div>\n\t\t\t\t<\/div>\n\t\t\t\t<div class=\"elementor-element elementor-element-ba4bff2 elementor-widget elementor-widget-text-editor\" data-id=\"ba4bff2\" data-element_type=\"widget\" data-e-type=\"widget\" data-widget_type=\"text-editor.default\">\n\t\t\t\t<div class=\"elementor-widget-container\">\n\t\t\t\t\t\t\t\t\tDie Beitr\u00e4ge auf dieser Seite verfa\u00dft der Schriftsteller <a href=\"https:\/\/www.mikegorden.de\/web\/\" target=\"_blank\" rel=\"noopener\">Mike Gorden<\/a>. Er ist in der einschl\u00e4gigen Szene aufgewachsen und kennt die tiefsten Geheimnisse des BDSM. Wenn Du sein Buch <a href=\"https:\/\/www.mikegorden.de\/web\/empath\/\" target=\"_blank\" rel=\"noopener\">\u00bbEmpath\u00ab<\/a> gelesen hast, erkennst Du, da\u00df er das meiste selbst erlebt hat.\n\n<a title=\"Empath - Gay Hardcore\" href=\"https:\/\/www.mikegorden.de\/web\/empath\/\" rel=\"sponsored noopener\" target=\"_blank\"><img decoding=\"async\" class=\"size-medium wp-image-30140 alignright\" src=\"https:\/\/www.hml-fetish.de\/shop\/wp-content\/uploads\/2022\/07\/Zubehoer_Adult-208x300.jpg\" alt=\"Fetisch Blog\" title=\"Fetisch Blog\" width=\"208\" height=\"300\" srcset=\"https:\/\/www.hml-fetish.de\/shop\/wp-content\/uploads\/2022\/07\/Zubehoer_Adult-208x300.jpg 208w, https:\/\/www.hml-fetish.de\/shop\/wp-content\/uploads\/2022\/07\/Zubehoer_Adult-324x468.jpg 324w, https:\/\/www.hml-fetish.de\/shop\/wp-content\/uploads\/2022\/07\/Zubehoer_Adult-416x601.jpg 416w, https:\/\/www.hml-fetish.de\/shop\/wp-content\/uploads\/2022\/07\/Zubehoer_Adult.jpg 464w\" sizes=\"(max-width: 208px) 100vw, 208px\" \/><\/a>Er ist Jahrgang 1962 und stammt aus Bremen. Nach dem Chemiestudium sattelte er um auf Kaufmann. Seit 1997 betreibt er <a href=\"https:\/\/www.hml-fetish.de\/shop\/\" target=\"_blank\" rel=\"noopener\">diesen Onlineshop<\/a>. Sein Motto lautet: \u00bbEs ist nie zu sp\u00e4t f\u00fcr einen neuen Anfang.\u00ab\n<p style=\"text-align: left;\" align=\"justify\">Er schreibt haupts\u00e4chlich Science-Fiction und hat zwei 600-seitige Thriller mit schwulen Hauptpersonen ver\u00f6ffentlicht.<\/p>\n<p style=\"text-align: left;\" align=\"justify\">Diese bilden den Auftakt des \u00bbMo\u00edra-Zyklus\u00ab. Dessen dritter Teil \u00bbNeutronenreiter\u00ab ist bereits weit fortgeschritten. Er ver\u00f6ffentlicht au\u00dferdem regelm\u00e4\u00dfig Science Fiction Kurzromane und sammelt f\u00fcr eine Anthologie (Die Wunder der Apokalypse).<\/p>\n<p style=\"text-align: left;\" align=\"justify\">2021 hat er f\u00fcr neue Projekte das Genre gewechselt: Bei \u00bbEmpath\u00ab handelt es sich um einen schwulen Hardcore Thriller, bei \u00bbDas Geheimnis der Untoten\u00ab um einen Bretagne-Krimi.<\/p>\t\t\t\t\t\t\t\t<\/div>\n\t\t\t\t<\/div>\n\t\t\t\t\t<\/div>\n\t\t<\/div>\n\t\t\t\t\t<\/div>\n\t\t<\/section>\n\t\t\t\t<\/div>\n\t\t","protected":false},"excerpt":{"rendered":"<p>\/*! elementor &#8211; v3.20.0 &#8211; 13-03-2024 *\/ .elementor-heading-title{padding:0;margin:0;line-height:1}.elementor-widget-heading .elementor-heading-title[class*=elementor-size-]&gt;a{color:inherit;font-size:inherit;line-height:inherit}.elementor-widget-heading .elementor-heading-title.elementor-size-small{font-size:15px}.elementor-widget-heading .elementor-heading-title.elementor-size-medium{font-size:19px}.elementor-widget-heading .elementor-heading-title.elementor-size-large{font-size:29px}.elementor-widget-heading .elementor-heading-title.elementor-size-xl{font-size:39px}.elementor-widget-heading .elementor-heading-title.elementor-size-xxl{font-size:59px} HML &#8211; the Fetish Blog Have you always wanted to know how to put on a cockring or how to hang a sling properly? Here you&#8217;ll get expert answers to all the questions you never dared to ask before! Die Beitr\u00e4ge [&hellip;]<\/p>\n","protected":false},"author":1,"featured_media":0,"parent":0,"menu_order":0,"comment_status":"closed","ping_status":"closed","template":"elementor_header_footer","meta":{"footnotes":""},"class_list":["post-30668","page","type-page","status-publish","hentry"],"wp-worthy-pixel":{"ignored":false,"public":"ff262f9b24594784ac4259fe519a36e7","server":"vg04.met.vgwort.de","url":"https:\/\/vg04.met.vgwort.de\/na\/ff262f9b24594784ac4259fe519a36e7"},"wp-worthy-type":"normal","_links":{"self":[{"href":"https:\/\/www.hml-fetish.de\/shop\/en\/wp-json\/wp\/v2\/pages\/30668","targetHints":{"allow":["GET"]}}],"collection":[{"href":"https:\/\/www.hml-fetish.de\/shop\/en\/wp-json\/wp\/v2\/pages"}],"about":[{"href":"https:\/\/www.hml-fetish.de\/shop\/en\/wp-json\/wp\/v2\/types\/page"}],"author":[{"embeddable":true,"href":"https:\/\/www.hml-fetish.de\/shop\/en\/wp-json\/wp\/v2\/users\/1"}],"replies":[{"embeddable":true,"href":"https:\/\/www.hml-fetish.de\/shop\/en\/wp-json\/wp\/v2\/comments?post=30668"}],"version-history":[{"count":0,"href":"https:\/\/www.hml-fetish.de\/shop\/en\/wp-json\/wp\/v2\/pages\/30668\/revisions"}],"wp:attachment":[{"href":"https:\/\/www.hml-fetish.de\/shop\/en\/wp-json\/wp\/v2\/media?parent=30668"}],"curies":[{"name":"wp","href":"https:\/\/api.w.org\/{rel}","templated":true}]}}